{"id":691,"date":"2024-03-07T13:13:44","date_gmt":"2024-03-07T04:13:44","guid":{"rendered":"https:\/\/aoieir.jp\/politique-du-site\/"},"modified":"2024-04-19T12:53:19","modified_gmt":"2024-04-19T03:53:19","slug":"politique-du-site","status":"publish","type":"page","link":"https:\/\/aoieir.jp\/fr\/politique-du-site\/","title":{"rendered":"POLITIQUE DU SITE"},"content":{"rendered":"\n<p>Veuillez lire attentivement ce qui suit avant d&rsquo;utiliser le site web officiel de Aoi Eir (le \u00ab\u00a0site web\u00a0\u00bb).<br\/>En utilisant ce site web, vous acceptez les conditions suivantes. Si vous n&rsquo;\u00eates pas d&rsquo;accord avec le contenu de la politique du site, veuillez ne pas utiliser le site. <\/p>\n\n<h2 class=\"wp-block-heading\">Droits d&rsquo;auteur et marques d\u00e9pos\u00e9es<\/h2>\n\n<p>Les droits d&rsquo;auteur et autres droits relatifs \u00e0 l&rsquo;ensemble du contenu (images, textes, vid\u00e9os, etc.) de ce site web appartiennent \u00e0 Aoi Eir et \u00e0 MONSTAR design Inc (ci-apr\u00e8s d\u00e9nomm\u00e9s \u00ab\u00a0la soci\u00e9t\u00e9\u00a0\u00bb). La vente, l&rsquo;\u00e9dition, la reproduction, la r\u00e9impression, la distribution ou la transmission publique du contenu de ce site web, en tout ou en partie, sans l&rsquo;autorisation du d\u00e9tenteur des droits d&rsquo;auteur est strictement interdite. <\/p>\n\n<h2 class=\"wp-block-heading\">Avis de non-responsabilit\u00e9.<\/h2>\n\n<ul class=\"wp-block-list\">\n<li>Bien que la soci\u00e9t\u00e9 ait soigneusement examin\u00e9 et v\u00e9rifi\u00e9 les informations figurant sur ce site web, elle ne garantit pas l&rsquo;exactitude, l&rsquo;utilit\u00e9, la s\u00e9curit\u00e9 ou tout autre aspect du contenu.<\/li>\n\n\n\n<li>Les informations figurant sur ce site web ne sont valables qu&rsquo;au moment de leur publication et peuvent ne pas correspondre aux informations effectivement publi\u00e9es au fil du temps.<\/li>\n\n\n\n<li>Dans le cas improbable o\u00f9 un dommage surviendrait \u00e0 la suite de l&rsquo;utilisation ou de l&rsquo;impossibilit\u00e9 d&rsquo;utiliser le contenu de ce site web, la Soci\u00e9t\u00e9 ne sera en aucun cas responsable.<\/li>\n\n\n\n<li>Le contenu et la structure des donn\u00e9es et autres informations figurant sur ce site web peuvent \u00eatre modifi\u00e9s, amend\u00e9s ou interrompus sans pr\u00e9avis. Veuillez noter que les informations contenues dans ce site sont susceptibles d&rsquo;\u00eatre chang\u00e9es, modifi\u00e9es ou supprim\u00e9es sans pr\u00e9avis.<\/li>\n\n\n\n<li>Si l&rsquo;utilisateur cause des dommages au site web ou \u00e0 la soci\u00e9t\u00e9 en raison d&rsquo;un acte contraire aux conditions d&rsquo;utilisation ou autre, l&rsquo;utilisateur doit indemniser la soci\u00e9t\u00e9 pour ces dommages.<\/li>\n\n\n\n<li>Si une utilisation contraire aux interdictions est reprise par des sites d&rsquo;information externes ou par les m\u00e9dias ou diffus\u00e9e sur des sites de r\u00e9seaux sociaux, il incombe \u00e0 l&rsquo;utilisateur de demander la suppression de ces articles, etc. ou de demander qu&rsquo;ils cessent d&rsquo;\u00eatre publi\u00e9s.<\/li>\n<\/ul>\n\n<h2 class=\"wp-block-heading\">Droit applicable et juridiction comp\u00e9tente  <\/h2>\n\n<ul class=\"wp-block-list\" id=\"block-c1ff77fb-d9f9-41cc-a395-19068c5ee26c\">\n<li>Les pr\u00e9sentes conditions g\u00e9n\u00e9rales et l&rsquo;accord de service sont r\u00e9gis par le droit japonais.<\/li>\n\n\n\n<li>Le tribunal de district de Sapporo a comp\u00e9tence exclusive en premi\u00e8re instance pour tout litige d\u00e9coulant des pr\u00e9sentes conditions g\u00e9n\u00e9rales ou de l&rsquo;accord de service, ou s&rsquo;y rapportant.<\/li>\n<\/ul>\n\n<h2 class=\"wp-block-heading\">A propos du lien.<\/h2>\n\n<ul class=\"wp-block-list\">\n<li>Liens externes de ce site web  <br\/>Ce site web contient des liens (liens externes) vers des sites web exploit\u00e9s par des entreprises et des institutions autres que la Soci\u00e9t\u00e9, mais la Soci\u00e9t\u00e9 ne cautionne pas les sites web li\u00e9s. Nous ne sommes pas responsables du traitement des donn\u00e9es personnelles ou du contenu des liens externes. <\/li>\n\n\n\n<li>Liens vers ce site<br>En principe, vous \u00eates libre de cr\u00e9er un lien vers ce site web, qu&rsquo;il soit commercial ou non, mais veillez \u00e0 ce que le lien soit \u00e9tabli de mani\u00e8re \u00e0 ce que l&rsquo;\u00e9cran change compl\u00e8tement pour ce site web ou qu&rsquo;une nouvelle fen\u00eatre de navigateur s&rsquo;ouvre et que ce site web soit affich\u00e9. Toutefois, veuillez vous abstenir d&rsquo;\u00e9tablir des liens qui correspondent ou pourraient correspondre \u00e0 l&rsquo;un des \u00e9l\u00e9ments suivants\n<ul class=\"wp-block-list\">\n<li>Les sites web dont le contenu diffame ou calomnie l&rsquo;entreprise, d&rsquo;autres entreprises (personnes) ou organisations, ou vise \u00e0 les discr\u00e9diter.<\/li>\n\n\n\n<li>Les sites web qui enfreignent ou sont susceptibles d&rsquo;enfreindre les droits d&rsquo;auteur, les marques ou autres droits de propri\u00e9t\u00e9 intellectuelle, la propri\u00e9t\u00e9, la vie priv\u00e9e, les droits \u00e0 l&rsquo;image ou d&rsquo;autres droits de la soci\u00e9t\u00e9, des auteurs, d&rsquo;autres soci\u00e9t\u00e9s (personnes) ou d&rsquo;autres organisations.<\/li>\n\n\n\n<li>Les sites web qui ne pr\u00e9cisent pas clairement que le contenu est celui de la soci\u00e9t\u00e9 et qui peuvent induire des tiers en erreur, par exemple lorsque le site web est d\u00e9ploy\u00e9 \u00e0 l&rsquo;int\u00e9rieur d&rsquo;un cadre.<\/li>\n\n\n\n<li>Outre les \u00e9l\u00e9ments susmentionn\u00e9s, les sites web susceptibles d&rsquo;enfreindre les lois et r\u00e8glements, y compris les lois, ordonnances et r\u00e8glements, ou l&rsquo;ordre public et la morale, ou susceptibles d&rsquo;interf\u00e9rer avec le fonctionnement de ce site web.<\/li>\n<\/ul>\n<\/li>\n<\/ul>\n\n<p>Veuillez noter que l&rsquo;URL de ce site est susceptible d&rsquo;\u00eatre modifi\u00e9e sans pr\u00e9avis. <\/p>\n","protected":false},"excerpt":{"rendered":"<p>Veuillez lire attentivement ce qui suit avant d&rsquo;utiliser le site web officiel de Aoi Eir (le \u00ab\u00a0site web\u00a0\u00bb).En utilisant ce site web, vous acceptez les conditions suivantes. Si vous n&rsquo;\u00eates pas d&rsquo;accord avec le contenu de la politique du site, veuillez ne pas utiliser le site. Droits d&rsquo;auteur et marques d\u00e9pos\u00e9es Les droits d&rsquo;auteur et autres droits relatifs \u00e0 l&rsquo;ensemble du contenu (images, textes, vid\u00e9os, etc.) de ce site web appartiennent \u00e0 Aoi Eir et \u00e0 MONSTAR design Inc (ci-apr\u00e8s&hellip;<\/p>\n","protected":false},"author":1,"featured_media":0,"parent":0,"menu_order":0,"comment_status":"closed","ping_status":"closed","template":"","meta":{"_acf_changed":false,"footnotes":""},"class_list":["post-691","page","type-page","status-publish","hentry"],"acf":[],"yoast_head":"<!-- This site is optimized with the Yoast SEO plugin v27.2 - https:\/\/yoast.com\/product\/yoast-seo-wordpress\/ -->\n<title>POLITIQUE DU SITE - Eir Aoi OFFICIAL SITE since 2024-<\/title>\n<meta name=\"robots\" content=\"index, follow, max-snippet:-1, max-image-preview:large, max-video-preview:-1\" \/>\n<link rel=\"canonical\" href=\"https:\/\/aoieir.jp\/fr\/politique-du-site\/\" \/>\n<meta property=\"og:locale\" content=\"fr_FR\" \/>\n<meta property=\"og:type\" content=\"article\" \/>\n<meta property=\"og:title\" content=\"POLITIQUE DU SITE - Eir Aoi OFFICIAL SITE since 2024-\" \/>\n<meta property=\"og:description\" content=\"Veuillez lire attentivement ce qui suit avant d&rsquo;utiliser le site web officiel de Aoi Eir (le \u00ab\u00a0site web\u00a0\u00bb).En utilisant ce site web, vous acceptez les conditions suivantes. Si vous n&rsquo;\u00eates pas d&rsquo;accord avec le contenu de la politique du site, veuillez ne pas utiliser le site. Droits d&rsquo;auteur et marques d\u00e9pos\u00e9es Les droits d&rsquo;auteur et autres droits relatifs \u00e0 l&rsquo;ensemble du contenu (images, textes, vid\u00e9os, etc.) de ce site web appartiennent \u00e0 Aoi Eir et \u00e0 MONSTAR design Inc (ci-apr\u00e8s&hellip;\" \/>\n<meta property=\"og:url\" content=\"https:\/\/aoieir.jp\/fr\/politique-du-site\/\" \/>\n<meta property=\"og:site_name\" content=\"Eir Aoi OFFICIAL SITE since 2024-\" \/>\n<meta property=\"article:modified_time\" content=\"2024-04-19T03:53:19+00:00\" \/>\n<meta property=\"og:image\" content=\"https:\/\/aoieir.jp\/cms\/wp-content\/uploads\/2024\/02\/ogp.jpg\" \/>\n\t<meta property=\"og:image:width\" content=\"1200\" \/>\n\t<meta property=\"og:image:height\" content=\"630\" \/>\n\t<meta property=\"og:image:type\" content=\"image\/jpeg\" \/>\n<meta name=\"twitter:card\" content=\"summary_large_image\" \/>\n<script type=\"application\/ld+json\" class=\"yoast-schema-graph\">{\"@context\":\"https:\/\/schema.org\",\"@graph\":[{\"@type\":\"WebPage\",\"@id\":\"https:\/\/aoieir.jp\/fr\/politique-du-site\/\",\"url\":\"https:\/\/aoieir.jp\/fr\/politique-du-site\/\",\"name\":\"POLITIQUE DU SITE - Eir Aoi OFFICIAL SITE since 2024-\",\"isPartOf\":{\"@id\":\"https:\/\/aoieir.jp\/fr\/#website\"},\"datePublished\":\"2024-03-07T04:13:44+00:00\",\"dateModified\":\"2024-04-19T03:53:19+00:00\",\"breadcrumb\":{\"@id\":\"https:\/\/aoieir.jp\/fr\/politique-du-site\/#breadcrumb\"},\"inLanguage\":\"fr-FR\",\"potentialAction\":[{\"@type\":\"ReadAction\",\"target\":[\"https:\/\/aoieir.jp\/fr\/politique-du-site\/\"]}]},{\"@type\":\"BreadcrumbList\",\"@id\":\"https:\/\/aoieir.jp\/fr\/politique-du-site\/#breadcrumb\",\"itemListElement\":[{\"@type\":\"ListItem\",\"position\":1,\"name\":\"\u30db\u30fc\u30e0\",\"item\":\"https:\/\/aoieir.jp\/fr\/accueil\/\"},{\"@type\":\"ListItem\",\"position\":2,\"name\":\"POLITIQUE DU SITE\"}]},{\"@type\":\"WebSite\",\"@id\":\"https:\/\/aoieir.jp\/fr\/#website\",\"url\":\"https:\/\/aoieir.jp\/fr\/\",\"name\":\"\u85cd\u4e95\u30a8\u30a4\u30eb \/ Eir Aoi OFFICIAL SITE since 2024-\",\"description\":\"\",\"publisher\":{\"@id\":\"https:\/\/aoieir.jp\/fr\/#\/schema\/person\/437374393ab4355b85a528af6409f442\"},\"potentialAction\":[{\"@type\":\"SearchAction\",\"target\":{\"@type\":\"EntryPoint\",\"urlTemplate\":\"https:\/\/aoieir.jp\/fr\/?s={search_term_string}\"},\"query-input\":{\"@type\":\"PropertyValueSpecification\",\"valueRequired\":true,\"valueName\":\"search_term_string\"}}],\"inLanguage\":\"fr-FR\"},{\"@type\":[\"Person\",\"Organization\"],\"@id\":\"https:\/\/aoieir.jp\/fr\/#\/schema\/person\/437374393ab4355b85a528af6409f442\",\"name\":\"\u85cd\u4e95\u30a8\u30a4\u30eb\",\"image\":{\"@type\":\"ImageObject\",\"inLanguage\":\"fr-FR\",\"@id\":\"https:\/\/aoieir.jp\/cms\/wp-content\/uploads\/2024\/03\/icon.png\",\"url\":\"https:\/\/aoieir.jp\/cms\/wp-content\/uploads\/2024\/03\/icon.png\",\"contentUrl\":\"https:\/\/aoieir.jp\/cms\/wp-content\/uploads\/2024\/03\/icon.png\",\"width\":512,\"height\":512,\"caption\":\"\u85cd\u4e95\u30a8\u30a4\u30eb\"},\"logo\":{\"@id\":\"https:\/\/aoieir.jp\/cms\/wp-content\/uploads\/2024\/03\/icon.png\"},\"sameAs\":[\"https:\/\/aoieir.jp\/\"]}]}<\/script>\n<!-- \/ Yoast SEO plugin. -->","yoast_head_json":{"title":"POLITIQUE DU SITE - Eir Aoi OFFICIAL SITE since 2024-","robots":{"index":"index","follow":"follow","max-snippet":"max-snippet:-1","max-image-preview":"max-image-preview:large","max-video-preview":"max-video-preview:-1"},"canonical":"https:\/\/aoieir.jp\/fr\/politique-du-site\/","og_locale":"fr_FR","og_type":"article","og_title":"POLITIQUE DU SITE - Eir Aoi OFFICIAL SITE since 2024-","og_description":"Veuillez lire attentivement ce qui suit avant d&rsquo;utiliser le site web officiel de Aoi Eir (le \u00ab\u00a0site web\u00a0\u00bb).En utilisant ce site web, vous acceptez les conditions suivantes. Si vous n&rsquo;\u00eates pas d&rsquo;accord avec le contenu de la politique du site, veuillez ne pas utiliser le site. Droits d&rsquo;auteur et marques d\u00e9pos\u00e9es Les droits d&rsquo;auteur et autres droits relatifs \u00e0 l&rsquo;ensemble du contenu (images, textes, vid\u00e9os, etc.) de ce site web appartiennent \u00e0 Aoi Eir et \u00e0 MONSTAR design Inc (ci-apr\u00e8s&hellip;","og_url":"https:\/\/aoieir.jp\/fr\/politique-du-site\/","og_site_name":"Eir Aoi OFFICIAL SITE since 2024-","article_modified_time":"2024-04-19T03:53:19+00:00","og_image":[{"width":1200,"height":630,"url":"https:\/\/aoieir.jp\/cms\/wp-content\/uploads\/2024\/02\/ogp.jpg","type":"image\/jpeg"}],"twitter_card":"summary_large_image","schema":{"@context":"https:\/\/schema.org","@graph":[{"@type":"WebPage","@id":"https:\/\/aoieir.jp\/fr\/politique-du-site\/","url":"https:\/\/aoieir.jp\/fr\/politique-du-site\/","name":"POLITIQUE DU SITE - Eir Aoi OFFICIAL SITE since 2024-","isPartOf":{"@id":"https:\/\/aoieir.jp\/fr\/#website"},"datePublished":"2024-03-07T04:13:44+00:00","dateModified":"2024-04-19T03:53:19+00:00","breadcrumb":{"@id":"https:\/\/aoieir.jp\/fr\/politique-du-site\/#breadcrumb"},"inLanguage":"fr-FR","potentialAction":[{"@type":"ReadAction","target":["https:\/\/aoieir.jp\/fr\/politique-du-site\/"]}]},{"@type":"BreadcrumbList","@id":"https:\/\/aoieir.jp\/fr\/politique-du-site\/#breadcrumb","itemListElement":[{"@type":"ListItem","position":1,"name":"\u30db\u30fc\u30e0","item":"https:\/\/aoieir.jp\/fr\/accueil\/"},{"@type":"ListItem","position":2,"name":"POLITIQUE DU SITE"}]},{"@type":"WebSite","@id":"https:\/\/aoieir.jp\/fr\/#website","url":"https:\/\/aoieir.jp\/fr\/","name":"\u85cd\u4e95\u30a8\u30a4\u30eb \/ Eir Aoi OFFICIAL SITE since 2024-","description":"","publisher":{"@id":"https:\/\/aoieir.jp\/fr\/#\/schema\/person\/437374393ab4355b85a528af6409f442"},"potentialAction":[{"@type":"SearchAction","target":{"@type":"EntryPoint","urlTemplate":"https:\/\/aoieir.jp\/fr\/?s={search_term_string}"},"query-input":{"@type":"PropertyValueSpecification","valueRequired":true,"valueName":"search_term_string"}}],"inLanguage":"fr-FR"},{"@type":["Person","Organization"],"@id":"https:\/\/aoieir.jp\/fr\/#\/schema\/person\/437374393ab4355b85a528af6409f442","name":"\u85cd\u4e95\u30a8\u30a4\u30eb","image":{"@type":"ImageObject","inLanguage":"fr-FR","@id":"https:\/\/aoieir.jp\/cms\/wp-content\/uploads\/2024\/03\/icon.png","url":"https:\/\/aoieir.jp\/cms\/wp-content\/uploads\/2024\/03\/icon.png","contentUrl":"https:\/\/aoieir.jp\/cms\/wp-content\/uploads\/2024\/03\/icon.png","width":512,"height":512,"caption":"\u85cd\u4e95\u30a8\u30a4\u30eb"},"logo":{"@id":"https:\/\/aoieir.jp\/cms\/wp-content\/uploads\/2024\/03\/icon.png"},"sameAs":["https:\/\/aoieir.jp\/"]}]}},"_links":{"self":[{"href":"https:\/\/aoieir.jp\/fr\/wp-json\/wp\/v2\/pages\/691","targetHints":{"allow":["GET"]}}],"collection":[{"href":"https:\/\/aoieir.jp\/fr\/wp-json\/wp\/v2\/pages"}],"about":[{"href":"https:\/\/aoieir.jp\/fr\/wp-json\/wp\/v2\/types\/page"}],"author":[{"embeddable":true,"href":"https:\/\/aoieir.jp\/fr\/wp-json\/wp\/v2\/users\/1"}],"replies":[{"embeddable":true,"href":"https:\/\/aoieir.jp\/fr\/wp-json\/wp\/v2\/comments?post=691"}],"version-history":[{"count":1,"href":"https:\/\/aoieir.jp\/fr\/wp-json\/wp\/v2\/pages\/691\/revisions"}],"predecessor-version":[{"id":706,"href":"https:\/\/aoieir.jp\/fr\/wp-json\/wp\/v2\/pages\/691\/revisions\/706"}],"wp:attachment":[{"href":"https:\/\/aoieir.jp\/fr\/wp-json\/wp\/v2\/media?parent=691"}],"curies":[{"name":"wp","href":"https:\/\/api.w.org\/{rel}","templated":true}]}}