{"id":680,"date":"2024-02-29T11:09:02","date_gmt":"2024-02-29T02:09:02","guid":{"rendered":"https:\/\/aoieir.jp\/accueil\/"},"modified":"2025-05-21T16:36:28","modified_gmt":"2025-05-21T07:36:28","slug":"accueil","status":"publish","type":"page","link":"https:\/\/aoieir.jp\/fr\/","title":{"rendered":"ACCUEIL"},"content":{"rendered":"","protected":false},"excerpt":{"rendered":"","protected":false},"author":1,"featured_media":3711,"parent":0,"menu_order":0,"comment_status":"closed","ping_status":"closed","template":"","meta":{"_acf_changed":false,"footnotes":""},"class_list":["post-680","page","type-page","status-publish","has-post-thumbnail","hentry"],"acf":[],"yoast_head":"<!-- This site is optimized with the Yoast SEO plugin v27.2 - https:\/\/yoast.com\/product\/yoast-seo-wordpress\/ -->\n<title>Eir Aoi \/ Eir Aoi OFFICIAL SITE since 2024-.<\/title>\n<meta name=\"description\" content=\"Eir AoiSite officiel 2024-. Diva du monde de l&#039;ani-song avec des chansons \u00e0 succ\u00e8s tir\u00e9es de nombreux anime populaires. Informations sur ses derni\u00e8res activit\u00e9s, sa biographie et ses chansons.\" \/>\n<meta name=\"robots\" content=\"index, follow, max-snippet:-1, max-image-preview:large, max-video-preview:-1\" \/>\n<link rel=\"canonical\" href=\"https:\/\/aoieir.jp\/fr\/\" \/>\n<meta property=\"og:locale\" content=\"fr_FR\" \/>\n<meta property=\"og:type\" content=\"article\" \/>\n<meta property=\"og:title\" content=\"Eir Aoi \/ Eir Aoi OFFICIAL SITE since 2024-.\" \/>\n<meta property=\"og:description\" content=\"Eir AoiSite officiel 2024-. Diva du monde de l&#039;ani-song avec des chansons \u00e0 succ\u00e8s tir\u00e9es de nombreux anime populaires. Informations sur ses derni\u00e8res activit\u00e9s, sa biographie et ses chansons.\" \/>\n<meta property=\"og:url\" content=\"https:\/\/aoieir.jp\/fr\/\" \/>\n<meta property=\"og:site_name\" content=\"Eir Aoi OFFICIAL SITE since 2024-\" \/>\n<meta property=\"article:modified_time\" content=\"2025-05-21T07:36:28+00:00\" \/>\n<meta property=\"og:image\" content=\"https:\/\/aoieir.jp\/cms\/wp-content\/uploads\/2024\/04\/A7C07404_edit_pc.webp\" \/>\n\t<meta property=\"og:image:width\" content=\"1500\" \/>\n\t<meta property=\"og:image:height\" content=\"1200\" \/>\n\t<meta property=\"og:image:type\" content=\"image\/webp\" \/>\n<meta name=\"twitter:card\" content=\"summary_large_image\" \/>\n<script type=\"application\/ld+json\" class=\"yoast-schema-graph\">{\"@context\":\"https:\/\/schema.org\",\"@graph\":[{\"@type\":\"WebPage\",\"@id\":\"https:\/\/aoieir.jp\/fr\/\",\"url\":\"https:\/\/aoieir.jp\/fr\/\",\"name\":\"Eir Aoi \/ Eir Aoi OFFICIAL SITE since 2024-.\",\"isPartOf\":{\"@id\":\"https:\/\/aoieir.jp\/fr\/#website\"},\"primaryImageOfPage\":{\"@id\":\"https:\/\/aoieir.jp\/fr\/#primaryimage\"},\"image\":{\"@id\":\"https:\/\/aoieir.jp\/fr\/#primaryimage\"},\"thumbnailUrl\":\"https:\/\/aoieir.jp\/cms\/wp-content\/uploads\/2025\/09\/kv_pc.webp\",\"datePublished\":\"2024-02-29T02:09:02+00:00\",\"dateModified\":\"2025-05-21T07:36:28+00:00\",\"description\":\"Eir AoiSite officiel 2024-. Diva du monde de l'ani-song avec des chansons \u00e0 succ\u00e8s tir\u00e9es de nombreux anime populaires. Informations sur ses derni\u00e8res activit\u00e9s, sa biographie et ses chansons.\",\"breadcrumb\":{\"@id\":\"https:\/\/aoieir.jp\/fr\/#breadcrumb\"},\"inLanguage\":\"fr-FR\",\"potentialAction\":[{\"@type\":\"ReadAction\",\"target\":[\"https:\/\/aoieir.jp\/fr\/\"]}]},{\"@type\":\"ImageObject\",\"inLanguage\":\"fr-FR\",\"@id\":\"https:\/\/aoieir.jp\/fr\/#primaryimage\",\"url\":\"https:\/\/aoieir.jp\/cms\/wp-content\/uploads\/2025\/09\/kv_pc.webp\",\"contentUrl\":\"https:\/\/aoieir.jp\/cms\/wp-content\/uploads\/2025\/09\/kv_pc.webp\",\"width\":1500,\"height\":1200},{\"@type\":\"BreadcrumbList\",\"@id\":\"https:\/\/aoieir.jp\/fr\/#breadcrumb\",\"itemListElement\":[{\"@type\":\"ListItem\",\"position\":1,\"name\":\"\u30db\u30fc\u30e0\",\"item\":\"https:\/\/aoieir.jp\/fr\/accueil\/\"},{\"@type\":\"ListItem\",\"position\":2,\"name\":\"ACCUEIL\"}]},{\"@type\":\"WebSite\",\"@id\":\"https:\/\/aoieir.jp\/fr\/#website\",\"url\":\"https:\/\/aoieir.jp\/fr\/\",\"name\":\"\u85cd\u4e95\u30a8\u30a4\u30eb \/ Eir Aoi OFFICIAL SITE since 2024-\",\"description\":\"\",\"publisher\":{\"@id\":\"https:\/\/aoieir.jp\/fr\/#\/schema\/person\/437374393ab4355b85a528af6409f442\"},\"potentialAction\":[{\"@type\":\"SearchAction\",\"target\":{\"@type\":\"EntryPoint\",\"urlTemplate\":\"https:\/\/aoieir.jp\/fr\/?s={search_term_string}\"},\"query-input\":{\"@type\":\"PropertyValueSpecification\",\"valueRequired\":true,\"valueName\":\"search_term_string\"}}],\"inLanguage\":\"fr-FR\"},{\"@type\":[\"Person\",\"Organization\"],\"@id\":\"https:\/\/aoieir.jp\/fr\/#\/schema\/person\/437374393ab4355b85a528af6409f442\",\"name\":\"\u85cd\u4e95\u30a8\u30a4\u30eb\",\"image\":{\"@type\":\"ImageObject\",\"inLanguage\":\"fr-FR\",\"@id\":\"https:\/\/aoieir.jp\/cms\/wp-content\/uploads\/2024\/03\/icon.png\",\"url\":\"https:\/\/aoieir.jp\/cms\/wp-content\/uploads\/2024\/03\/icon.png\",\"contentUrl\":\"https:\/\/aoieir.jp\/cms\/wp-content\/uploads\/2024\/03\/icon.png\",\"width\":512,\"height\":512,\"caption\":\"\u85cd\u4e95\u30a8\u30a4\u30eb\"},\"logo\":{\"@id\":\"https:\/\/aoieir.jp\/cms\/wp-content\/uploads\/2024\/03\/icon.png\"},\"sameAs\":[\"https:\/\/aoieir.jp\/\"]}]}<\/script>\n<!-- \/ Yoast SEO plugin. -->","yoast_head_json":{"title":"Eir Aoi \/ Eir Aoi OFFICIAL SITE since 2024-.","description":"Eir AoiSite officiel 2024-. Diva du monde de l'ani-song avec des chansons \u00e0 succ\u00e8s tir\u00e9es de nombreux anime populaires. Informations sur ses derni\u00e8res activit\u00e9s, sa biographie et ses chansons.","robots":{"index":"index","follow":"follow","max-snippet":"max-snippet:-1","max-image-preview":"max-image-preview:large","max-video-preview":"max-video-preview:-1"},"canonical":"https:\/\/aoieir.jp\/fr\/","og_locale":"fr_FR","og_type":"article","og_title":"Eir Aoi \/ Eir Aoi OFFICIAL SITE since 2024-.","og_description":"Eir AoiSite officiel 2024-. Diva du monde de l'ani-song avec des chansons \u00e0 succ\u00e8s tir\u00e9es de nombreux anime populaires. Informations sur ses derni\u00e8res activit\u00e9s, sa biographie et ses chansons.","og_url":"https:\/\/aoieir.jp\/fr\/","og_site_name":"Eir Aoi OFFICIAL SITE since 2024-","article_modified_time":"2025-05-21T07:36:28+00:00","og_image":[{"width":1500,"height":1200,"url":"https:\/\/aoieir.jp\/cms\/wp-content\/uploads\/2024\/04\/A7C07404_edit_pc.webp","type":"image\/webp"}],"twitter_card":"summary_large_image","schema":{"@context":"https:\/\/schema.org","@graph":[{"@type":"WebPage","@id":"https:\/\/aoieir.jp\/fr\/","url":"https:\/\/aoieir.jp\/fr\/","name":"Eir Aoi \/ Eir Aoi OFFICIAL SITE since 2024-.","isPartOf":{"@id":"https:\/\/aoieir.jp\/fr\/#website"},"primaryImageOfPage":{"@id":"https:\/\/aoieir.jp\/fr\/#primaryimage"},"image":{"@id":"https:\/\/aoieir.jp\/fr\/#primaryimage"},"thumbnailUrl":"https:\/\/aoieir.jp\/cms\/wp-content\/uploads\/2025\/09\/kv_pc.webp","datePublished":"2024-02-29T02:09:02+00:00","dateModified":"2025-05-21T07:36:28+00:00","description":"Eir AoiSite officiel 2024-. Diva du monde de l'ani-song avec des chansons \u00e0 succ\u00e8s tir\u00e9es de nombreux anime populaires. Informations sur ses derni\u00e8res activit\u00e9s, sa biographie et ses chansons.","breadcrumb":{"@id":"https:\/\/aoieir.jp\/fr\/#breadcrumb"},"inLanguage":"fr-FR","potentialAction":[{"@type":"ReadAction","target":["https:\/\/aoieir.jp\/fr\/"]}]},{"@type":"ImageObject","inLanguage":"fr-FR","@id":"https:\/\/aoieir.jp\/fr\/#primaryimage","url":"https:\/\/aoieir.jp\/cms\/wp-content\/uploads\/2025\/09\/kv_pc.webp","contentUrl":"https:\/\/aoieir.jp\/cms\/wp-content\/uploads\/2025\/09\/kv_pc.webp","width":1500,"height":1200},{"@type":"BreadcrumbList","@id":"https:\/\/aoieir.jp\/fr\/#breadcrumb","itemListElement":[{"@type":"ListItem","position":1,"name":"\u30db\u30fc\u30e0","item":"https:\/\/aoieir.jp\/fr\/accueil\/"},{"@type":"ListItem","position":2,"name":"ACCUEIL"}]},{"@type":"WebSite","@id":"https:\/\/aoieir.jp\/fr\/#website","url":"https:\/\/aoieir.jp\/fr\/","name":"\u85cd\u4e95\u30a8\u30a4\u30eb \/ Eir Aoi OFFICIAL SITE since 2024-","description":"","publisher":{"@id":"https:\/\/aoieir.jp\/fr\/#\/schema\/person\/437374393ab4355b85a528af6409f442"},"potentialAction":[{"@type":"SearchAction","target":{"@type":"EntryPoint","urlTemplate":"https:\/\/aoieir.jp\/fr\/?s={search_term_string}"},"query-input":{"@type":"PropertyValueSpecification","valueRequired":true,"valueName":"search_term_string"}}],"inLanguage":"fr-FR"},{"@type":["Person","Organization"],"@id":"https:\/\/aoieir.jp\/fr\/#\/schema\/person\/437374393ab4355b85a528af6409f442","name":"\u85cd\u4e95\u30a8\u30a4\u30eb","image":{"@type":"ImageObject","inLanguage":"fr-FR","@id":"https:\/\/aoieir.jp\/cms\/wp-content\/uploads\/2024\/03\/icon.png","url":"https:\/\/aoieir.jp\/cms\/wp-content\/uploads\/2024\/03\/icon.png","contentUrl":"https:\/\/aoieir.jp\/cms\/wp-content\/uploads\/2024\/03\/icon.png","width":512,"height":512,"caption":"\u85cd\u4e95\u30a8\u30a4\u30eb"},"logo":{"@id":"https:\/\/aoieir.jp\/cms\/wp-content\/uploads\/2024\/03\/icon.png"},"sameAs":["https:\/\/aoieir.jp\/"]}]}},"_links":{"self":[{"href":"https:\/\/aoieir.jp\/fr\/wp-json\/wp\/v2\/pages\/680","targetHints":{"allow":["GET"]}}],"collection":[{"href":"https:\/\/aoieir.jp\/fr\/wp-json\/wp\/v2\/pages"}],"about":[{"href":"https:\/\/aoieir.jp\/fr\/wp-json\/wp\/v2\/types\/page"}],"author":[{"embeddable":true,"href":"https:\/\/aoieir.jp\/fr\/wp-json\/wp\/v2\/users\/1"}],"replies":[{"embeddable":true,"href":"https:\/\/aoieir.jp\/fr\/wp-json\/wp\/v2\/comments?post=680"}],"version-history":[{"count":1,"href":"https:\/\/aoieir.jp\/fr\/wp-json\/wp\/v2\/pages\/680\/revisions"}],"predecessor-version":[{"id":887,"href":"https:\/\/aoieir.jp\/fr\/wp-json\/wp\/v2\/pages\/680\/revisions\/887"}],"wp:featuredmedia":[{"embeddable":true,"href":"https:\/\/aoieir.jp\/fr\/wp-json\/wp\/v2\/media\/3711"}],"wp:attachment":[{"href":"https:\/\/aoieir.jp\/fr\/wp-json\/wp\/v2\/media?parent=680"}],"curies":[{"name":"wp","href":"https:\/\/api.w.org\/{rel}","templated":true}]}}