{"id":660,"date":"2024-02-29T11:40:19","date_gmt":"2024-02-29T02:40:19","guid":{"rendered":"https:\/\/aoieir.jp\/contact\/"},"modified":"2024-04-25T12:03:33","modified_gmt":"2024-04-25T03:03:33","slug":"contact","status":"publish","type":"page","link":"https:\/\/aoieir.jp\/fr\/contact\/","title":{"rendered":"CONTACT."},"content":{"rendered":"\n<p>Pour les demandes d&rsquo;interviews, d&rsquo;apparitions, etc., veuillez utiliser le formulaire ci-dessous.<br\/>Toutes les donn\u00e9es saisies sont obligatoires.<br\/>Veuillez noter que la r\u00e9ponse peut prendre un certain temps.<\/p>\n\n<p>Demandes d&rsquo;interviews, d&rsquo;apparitions, etc.<br\/>Demandes de spectacles, d&rsquo;\u00e9v\u00e9nements, etc.<br\/>Demandes d&rsquo;interviews \u00e0 la t\u00e9l\u00e9vision, aux magazines, etc.<br\/>Autre.<\/p>\n\n<p><!--<p>&#12394;&#12362;&#12289;&#12501;&#12449;&#12531;&#12463;&#12521;&#12502;&#12408;&#12398;&#12362;&#21839;&#12356;&#21512;&#12431;&#12379;&#12399;&#12371;&#12385;&#12425;&#12363;&#12425;&#12362;&#39000;&#12356;&#12375;&#12414;&#12377;&#12290;<br>&#12501;&#12449;&#12531;&#12463;&#12521;&#12502;&#12408;&#12398;&#12362;&#21839;&#12356;&#21512;&#12431;&#12379;&#12398;&#21069;&#12395;&#12414;&#12378;&#12399;&#12424;&#12367;&#12354;&#12427;&#36074;&#21839;&#12434;&#12372;&#35239;&#12367;&#12384;&#12373;&#12356;&#12290;<\/p>--><\/p>\n\n<h2 class=\"wp-block-heading\">LETTRE DE FAN \/ PR\u00c9SENT.<\/h2>\n\n<p>Les lettres de fans et les cadeaux doivent \u00eatre envoy\u00e9s \u00e0<\/p>\n\n<p>4-5-29, Nijushiken 2-jo, Nishi-ku, Sapporo 063-0802<br\/>MONSTAR design Inc. adress\u00e9e \u00e0 Eir Aoi<\/p>\n\n<pre class=\"wp-block-preformatted has-small-font-size\">*Veuillez indiquer votre nom, votre adresse et votre num\u00e9ro de t\u00e9l\u00e9phone.<br\/>*Nous ne pouvons pas garantir une r\u00e9ponse.<br\/>En outre, en fonction du cadeau, il se peut que vous ne puissiez pas le recevoir. Nous vous remercions de votre compr\u00e9hension et de votre coop\u00e9ration.<br\/>Exemples : organismes vivants, aliments et boissons, argent liquide, marchandises dangereuses, objets de trop grande taille, etc.<\/pre>\n\n<h2 class=\"wp-block-heading\">FORMULAIRE DE CONTACT<\/h2>\n\n<div class=\"wpcf7 no-js\" id=\"wpcf7-f741-o1\" lang=\"fr-FR\" dir=\"ltr\" data-wpcf7-id=\"741\">\n<div class=\"screen-reader-response\"><p role=\"status\" aria-live=\"polite\" aria-atomic=\"true\"><\/p> <ul><\/ul><\/div>\n<form action=\"\/fr\/wp-json\/wp\/v2\/pages\/660#wpcf7-f741-o1\" method=\"post\" class=\"wpcf7-form init\" aria-label=\"Formulaire de contact\" novalidate=\"novalidate\" data-status=\"init\">\n<fieldset class=\"hidden-fields-container\"><input type=\"hidden\" name=\"_wpcf7\" value=\"741\" \/><input type=\"hidden\" name=\"_wpcf7_version\" value=\"6.1.5\" \/><input type=\"hidden\" name=\"_wpcf7_locale\" value=\"fr_FR\" \/><input type=\"hidden\" name=\"_wpcf7_unit_tag\" value=\"wpcf7-f741-o1\" \/><input type=\"hidden\" name=\"_wpcf7_container_post\" value=\"0\" \/><input type=\"hidden\" name=\"_wpcf7_posted_data_hash\" value=\"\" \/>\n<\/fieldset>\n<p><label>Nom de l'entreprise (nom du support)<br \/>\n<span class=\"wpcf7-form-control-wrap\" data-name=\"your-company\"><input size=\"40\" maxlength=\"400\" class=\"wpcf7-form-control wpcf7-text wpcf7-validates-as-required\" aria-required=\"true\" aria-invalid=\"false\" value=\"\" type=\"text\" name=\"your-company\" \/><\/span><\/label><br \/>\n<label>Votre nom<br \/>\n<span class=\"wpcf7-form-control-wrap\" data-name=\"your-name\"><input size=\"40\" maxlength=\"400\" class=\"wpcf7-form-control wpcf7-text wpcf7-validates-as-required\" autocomplete=\"name\" aria-required=\"true\" aria-invalid=\"false\" value=\"\" type=\"text\" name=\"your-name\" \/><\/span><\/label><br \/>\n<label>adresse \u00e9lectronique<br \/>\n<span class=\"wpcf7-form-control-wrap\" data-name=\"your-email\"><input size=\"40\" maxlength=\"400\" class=\"wpcf7-form-control wpcf7-email wpcf7-validates-as-required wpcf7-text wpcf7-validates-as-email\" autocomplete=\"email\" aria-required=\"true\" aria-invalid=\"false\" value=\"\" type=\"email\" name=\"your-email\" \/><\/span><\/label><br \/>\n<label>Num\u00e9ro de t\u00e9l\u00e9phone<br \/>\n<span class=\"wpcf7-form-control-wrap\" data-name=\"your-tel\"><input size=\"40\" maxlength=\"400\" class=\"wpcf7-form-control wpcf7-tel wpcf7-validates-as-required wpcf7-text wpcf7-validates-as-tel\" autocomplete=\"tel\" aria-required=\"true\" aria-invalid=\"false\" value=\"\" type=\"tel\" name=\"your-tel\" \/><\/span><\/label><br \/>\n<label>l'adresse (par exemple, celle de la maison)<br \/>\n<span class=\"wpcf7-form-control-wrap\" data-name=\"your-addr\"><input size=\"40\" maxlength=\"400\" class=\"wpcf7-form-control wpcf7-text wpcf7-validates-as-required\" aria-required=\"true\" aria-invalid=\"false\" value=\"\" type=\"text\" name=\"your-addr\" \/><\/span><\/label><br \/>\n<label>D\u00e9tails de la demande (max. 2000 caract\u00e8res)<br \/>\n<span class=\"wpcf7-form-control-wrap\" data-name=\"your-message\"><textarea cols=\"40\" rows=\"10\" maxlength=\"2000\" class=\"wpcf7-form-control wpcf7-textarea wpcf7-validates-as-required\" aria-required=\"true\" aria-invalid=\"false\" name=\"your-message\"><\/textarea><\/span><\/label><br \/>\n<span class=\"wpcf7-form-control-wrap\" data-name=\"acceptance\"><span class=\"wpcf7-form-control wpcf7-acceptance optional\"><span class=\"wpcf7-list-item\"><label><input type=\"checkbox\" name=\"acceptance\" value=\"1\" aria-invalid=\"false\" \/><span class=\"wpcf7-list-item-label\">J'accepte la <a href=\"\/privacy-policy\/\">politique de confidentialit\u00e9<\/a><\/span><\/label><\/span><\/span><\/span>\n<\/p>\n<div class=\"cf-turnstile-wrap\" style=\"padding:10px 0 10px 0\">\n\t<div  class=\"cf-turnstile\" data-sitekey=\"0x4AAAAAAAXeXp_YopP5WL4f\" data-theme=\"auto\">\n\t<\/div>\n<\/div>\n<p><span class='wpcf7-form-control-wrap' data-name='aiowps-captcha'><\/span><br \/>\n<input class=\"wpcf7-form-control wpcf7-submit has-spinner\" type=\"submit\" value=\"transmission\" \/><br \/>\n<input class=\"wpcf7-form-control wpcf7-hidden\" value=\"demande de renseignements\" type=\"hidden\" name=\"your-subject\" \/>\n<\/p><div class=\"wpcf7-response-output\" aria-hidden=\"true\"><\/div>\n<\/form>\n<\/div>\n\n","protected":false},"excerpt":{"rendered":"<p>Pour les demandes d&rsquo;interviews, d&rsquo;apparitions, etc., veuillez utiliser le formulaire ci-dessous.Toutes les donn\u00e9es saisies sont obligatoires.Veuillez noter que la r\u00e9ponse peut prendre un certain temps. Demandes d&rsquo;interviews, d&rsquo;apparitions, etc.Demandes de spectacles, d&rsquo;\u00e9v\u00e9nements, etc.Demandes d&rsquo;interviews \u00e0 la t\u00e9l\u00e9vision, aux magazines, etc.Autre. LETTRE DE FAN \/ PR\u00c9SENT. Les lettres de fans et les cadeaux doivent \u00eatre envoy\u00e9s \u00e0 4-5-29, Nijushiken 2-jo, Nishi-ku, Sapporo 063-0802MONSTAR design Inc. adress\u00e9e \u00e0 Eir Aoi *Veuillez indiquer votre nom, votre adresse et votre num\u00e9ro de t\u00e9l\u00e9phone.*Nous ne&hellip;<\/p>\n","protected":false},"author":1,"featured_media":0,"parent":0,"menu_order":0,"comment_status":"closed","ping_status":"closed","template":"","meta":{"_acf_changed":false,"footnotes":""},"class_list":["post-660","page","type-page","status-publish","hentry"],"acf":[],"yoast_head":"<!-- This site is optimized with the Yoast SEO plugin v27.2 - https:\/\/yoast.com\/product\/yoast-seo-wordpress\/ -->\n<title>CONTACT. - Eir Aoi OFFICIAL SITE since 2024-<\/title>\n<meta name=\"description\" content=\"Pour toute demande de repr\u00e9sentation, d&#039;\u00e9v\u00e9nement ou d&#039;interview \u00e0 la t\u00e9l\u00e9vision ou dans un magazine, veuillez utiliser le formulaire de demande de renseignements.\" \/>\n<meta name=\"robots\" content=\"index, follow, max-snippet:-1, max-image-preview:large, max-video-preview:-1\" \/>\n<link rel=\"canonical\" href=\"https:\/\/aoieir.jp\/fr\/contact\/\" \/>\n<meta property=\"og:locale\" content=\"fr_FR\" \/>\n<meta property=\"og:type\" content=\"article\" \/>\n<meta property=\"og:title\" content=\"CONTACT. - Eir Aoi OFFICIAL SITE since 2024-\" \/>\n<meta property=\"og:description\" content=\"Pour toute demande de repr\u00e9sentation, d&#039;\u00e9v\u00e9nement ou d&#039;interview \u00e0 la t\u00e9l\u00e9vision ou dans un magazine, veuillez utiliser le formulaire de demande de renseignements.\" \/>\n<meta property=\"og:url\" content=\"https:\/\/aoieir.jp\/fr\/contact\/\" \/>\n<meta property=\"og:site_name\" content=\"Eir Aoi OFFICIAL SITE since 2024-\" \/>\n<meta property=\"article:modified_time\" content=\"2024-04-25T03:03:33+00:00\" \/>\n<meta property=\"og:image\" content=\"https:\/\/aoieir.jp\/cms\/wp-content\/uploads\/2024\/02\/ogp.jpg\" \/>\n\t<meta property=\"og:image:width\" content=\"1200\" \/>\n\t<meta property=\"og:image:height\" content=\"630\" \/>\n\t<meta property=\"og:image:type\" content=\"image\/jpeg\" \/>\n<meta name=\"twitter:card\" content=\"summary_large_image\" \/>\n<script type=\"application\/ld+json\" class=\"yoast-schema-graph\">{\"@context\":\"https:\/\/schema.org\",\"@graph\":[{\"@type\":\"WebPage\",\"@id\":\"https:\/\/aoieir.jp\/fr\/contact\/\",\"url\":\"https:\/\/aoieir.jp\/fr\/contact\/\",\"name\":\"CONTACT. - Eir Aoi OFFICIAL SITE since 2024-\",\"isPartOf\":{\"@id\":\"https:\/\/aoieir.jp\/fr\/#website\"},\"datePublished\":\"2024-02-29T02:40:19+00:00\",\"dateModified\":\"2024-04-25T03:03:33+00:00\",\"description\":\"Pour toute demande de repr\u00e9sentation, d'\u00e9v\u00e9nement ou d'interview \u00e0 la t\u00e9l\u00e9vision ou dans un magazine, veuillez utiliser le formulaire de demande de renseignements.\",\"breadcrumb\":{\"@id\":\"https:\/\/aoieir.jp\/fr\/contact\/#breadcrumb\"},\"inLanguage\":\"fr-FR\",\"potentialAction\":[{\"@type\":\"ReadAction\",\"target\":[\"https:\/\/aoieir.jp\/fr\/contact\/\"]}]},{\"@type\":\"BreadcrumbList\",\"@id\":\"https:\/\/aoieir.jp\/fr\/contact\/#breadcrumb\",\"itemListElement\":[{\"@type\":\"ListItem\",\"position\":1,\"name\":\"\u30db\u30fc\u30e0\",\"item\":\"https:\/\/aoieir.jp\/fr\/accueil\/\"},{\"@type\":\"ListItem\",\"position\":2,\"name\":\"CONTACT.\"}]},{\"@type\":\"WebSite\",\"@id\":\"https:\/\/aoieir.jp\/fr\/#website\",\"url\":\"https:\/\/aoieir.jp\/fr\/\",\"name\":\"\u85cd\u4e95\u30a8\u30a4\u30eb \/ Eir Aoi OFFICIAL SITE since 2024-\",\"description\":\"\",\"publisher\":{\"@id\":\"https:\/\/aoieir.jp\/fr\/#\/schema\/person\/437374393ab4355b85a528af6409f442\"},\"potentialAction\":[{\"@type\":\"SearchAction\",\"target\":{\"@type\":\"EntryPoint\",\"urlTemplate\":\"https:\/\/aoieir.jp\/fr\/?s={search_term_string}\"},\"query-input\":{\"@type\":\"PropertyValueSpecification\",\"valueRequired\":true,\"valueName\":\"search_term_string\"}}],\"inLanguage\":\"fr-FR\"},{\"@type\":[\"Person\",\"Organization\"],\"@id\":\"https:\/\/aoieir.jp\/fr\/#\/schema\/person\/437374393ab4355b85a528af6409f442\",\"name\":\"\u85cd\u4e95\u30a8\u30a4\u30eb\",\"image\":{\"@type\":\"ImageObject\",\"inLanguage\":\"fr-FR\",\"@id\":\"https:\/\/aoieir.jp\/cms\/wp-content\/uploads\/2024\/03\/icon.png\",\"url\":\"https:\/\/aoieir.jp\/cms\/wp-content\/uploads\/2024\/03\/icon.png\",\"contentUrl\":\"https:\/\/aoieir.jp\/cms\/wp-content\/uploads\/2024\/03\/icon.png\",\"width\":512,\"height\":512,\"caption\":\"\u85cd\u4e95\u30a8\u30a4\u30eb\"},\"logo\":{\"@id\":\"https:\/\/aoieir.jp\/cms\/wp-content\/uploads\/2024\/03\/icon.png\"},\"sameAs\":[\"https:\/\/aoieir.jp\/\"]}]}<\/script>\n<!-- \/ Yoast SEO plugin. -->","yoast_head_json":{"title":"CONTACT. - Eir Aoi OFFICIAL SITE since 2024-","description":"Pour toute demande de repr\u00e9sentation, d'\u00e9v\u00e9nement ou d'interview \u00e0 la t\u00e9l\u00e9vision ou dans un magazine, veuillez utiliser le formulaire de demande de renseignements.","robots":{"index":"index","follow":"follow","max-snippet":"max-snippet:-1","max-image-preview":"max-image-preview:large","max-video-preview":"max-video-preview:-1"},"canonical":"https:\/\/aoieir.jp\/fr\/contact\/","og_locale":"fr_FR","og_type":"article","og_title":"CONTACT. - Eir Aoi OFFICIAL SITE since 2024-","og_description":"Pour toute demande de repr\u00e9sentation, d'\u00e9v\u00e9nement ou d'interview \u00e0 la t\u00e9l\u00e9vision ou dans un magazine, veuillez utiliser le formulaire de demande de renseignements.","og_url":"https:\/\/aoieir.jp\/fr\/contact\/","og_site_name":"Eir Aoi OFFICIAL SITE since 2024-","article_modified_time":"2024-04-25T03:03:33+00:00","og_image":[{"width":1200,"height":630,"url":"https:\/\/aoieir.jp\/cms\/wp-content\/uploads\/2024\/02\/ogp.jpg","type":"image\/jpeg"}],"twitter_card":"summary_large_image","schema":{"@context":"https:\/\/schema.org","@graph":[{"@type":"WebPage","@id":"https:\/\/aoieir.jp\/fr\/contact\/","url":"https:\/\/aoieir.jp\/fr\/contact\/","name":"CONTACT. - Eir Aoi OFFICIAL SITE since 2024-","isPartOf":{"@id":"https:\/\/aoieir.jp\/fr\/#website"},"datePublished":"2024-02-29T02:40:19+00:00","dateModified":"2024-04-25T03:03:33+00:00","description":"Pour toute demande de repr\u00e9sentation, d'\u00e9v\u00e9nement ou d'interview \u00e0 la t\u00e9l\u00e9vision ou dans un magazine, veuillez utiliser le formulaire de demande de renseignements.","breadcrumb":{"@id":"https:\/\/aoieir.jp\/fr\/contact\/#breadcrumb"},"inLanguage":"fr-FR","potentialAction":[{"@type":"ReadAction","target":["https:\/\/aoieir.jp\/fr\/contact\/"]}]},{"@type":"BreadcrumbList","@id":"https:\/\/aoieir.jp\/fr\/contact\/#breadcrumb","itemListElement":[{"@type":"ListItem","position":1,"name":"\u30db\u30fc\u30e0","item":"https:\/\/aoieir.jp\/fr\/accueil\/"},{"@type":"ListItem","position":2,"name":"CONTACT."}]},{"@type":"WebSite","@id":"https:\/\/aoieir.jp\/fr\/#website","url":"https:\/\/aoieir.jp\/fr\/","name":"\u85cd\u4e95\u30a8\u30a4\u30eb \/ Eir Aoi OFFICIAL SITE since 2024-","description":"","publisher":{"@id":"https:\/\/aoieir.jp\/fr\/#\/schema\/person\/437374393ab4355b85a528af6409f442"},"potentialAction":[{"@type":"SearchAction","target":{"@type":"EntryPoint","urlTemplate":"https:\/\/aoieir.jp\/fr\/?s={search_term_string}"},"query-input":{"@type":"PropertyValueSpecification","valueRequired":true,"valueName":"search_term_string"}}],"inLanguage":"fr-FR"},{"@type":["Person","Organization"],"@id":"https:\/\/aoieir.jp\/fr\/#\/schema\/person\/437374393ab4355b85a528af6409f442","name":"\u85cd\u4e95\u30a8\u30a4\u30eb","image":{"@type":"ImageObject","inLanguage":"fr-FR","@id":"https:\/\/aoieir.jp\/cms\/wp-content\/uploads\/2024\/03\/icon.png","url":"https:\/\/aoieir.jp\/cms\/wp-content\/uploads\/2024\/03\/icon.png","contentUrl":"https:\/\/aoieir.jp\/cms\/wp-content\/uploads\/2024\/03\/icon.png","width":512,"height":512,"caption":"\u85cd\u4e95\u30a8\u30a4\u30eb"},"logo":{"@id":"https:\/\/aoieir.jp\/cms\/wp-content\/uploads\/2024\/03\/icon.png"},"sameAs":["https:\/\/aoieir.jp\/"]}]}},"_links":{"self":[{"href":"https:\/\/aoieir.jp\/fr\/wp-json\/wp\/v2\/pages\/660","targetHints":{"allow":["GET"]}}],"collection":[{"href":"https:\/\/aoieir.jp\/fr\/wp-json\/wp\/v2\/pages"}],"about":[{"href":"https:\/\/aoieir.jp\/fr\/wp-json\/wp\/v2\/types\/page"}],"author":[{"embeddable":true,"href":"https:\/\/aoieir.jp\/fr\/wp-json\/wp\/v2\/users\/1"}],"replies":[{"embeddable":true,"href":"https:\/\/aoieir.jp\/fr\/wp-json\/wp\/v2\/comments?post=660"}],"version-history":[{"count":2,"href":"https:\/\/aoieir.jp\/fr\/wp-json\/wp\/v2\/pages\/660\/revisions"}],"predecessor-version":[{"id":761,"href":"https:\/\/aoieir.jp\/fr\/wp-json\/wp\/v2\/pages\/660\/revisions\/761"}],"wp:attachment":[{"href":"https:\/\/aoieir.jp\/fr\/wp-json\/wp\/v2\/media?parent=660"}],"curies":[{"name":"wp","href":"https:\/\/api.w.org\/{rel}","templated":true}]}}