{"id":657,"date":"2024-02-29T11:40:05","date_gmt":"2024-02-29T02:40:05","guid":{"rendered":"https:\/\/aoieir.jp\/biographie\/"},"modified":"2025-09-04T13:09:05","modified_gmt":"2025-09-04T04:09:05","slug":"biographie","status":"publish","type":"page","link":"https:\/\/aoieir.jp\/fr\/biographie\/","title":{"rendered":"BIOGRAPHIE."},"content":{"rendered":"\n<figure class=\"wp-block-image size-large\"><img loading=\"lazy\" decoding=\"async\" width=\"800\" height=\"1200\" src=\"https:\/\/aoieir.jp\/cms\/wp-content\/uploads\/2025\/09\/kv_sp-800x1200.webp\" alt=\"\" class=\"wp-image-3697\" srcset=\"https:\/\/aoieir.jp\/cms\/wp-content\/uploads\/2025\/09\/kv_sp-800x1200.webp 800w, https:\/\/aoieir.jp\/cms\/wp-content\/uploads\/2025\/09\/kv_sp-533x800.webp 533w, https:\/\/aoieir.jp\/cms\/wp-content\/uploads\/2025\/09\/kv_sp-768x1152.webp 768w, https:\/\/aoieir.jp\/cms\/wp-content\/uploads\/2025\/09\/kv_sp.webp 840w\" sizes=\"auto, (max-width: 800px) 100vw, 800px\" \/><\/figure>\n\n<figure class=\"wp-block-image size-full is-resized\"><img loading=\"lazy\" decoding=\"async\" width=\"500\" height=\"209\" src=\"https:\/\/aoieir.jp\/cms\/wp-content\/uploads\/2024\/04\/sign_bk.webp\" alt=\"Eir Aoi.\" class=\"wp-image-401\" style=\"width:200px\"\/><\/figure>\n\n<h2 class=\"wp-block-heading has-text-align-center gfonts has-large-font-size\">Eir Aoi<\/h2>\n\n<p>N\u00e9 le 30 novembre. N\u00e9e \u00e0 Sapporo, Hokkaido, Japon, type AB. <br\/>Auteur-compositeur-interpr\u00e8te japonaise qui jouit d&rsquo;une grande popularit\u00e9 aupr\u00e8s des fans d&rsquo;anime au Japon et \u00e0 l&rsquo;\u00e9tranger en raison de la qualit\u00e9 de sa voix allong\u00e9e et de son immense pouvoir d&rsquo;expression. Sa musique se caract\u00e9rise par des paroles et des m\u00e9lodies qui \u00e9voquent des \u00e9motions fortes et des performances live intenses.<\/p>\n\n<p>Passionn\u00e9e de musique, elle a commenc\u00e9 \u00e0 faire carri\u00e8re en tant qu&rsquo;auteur-compositeur-interpr\u00e8te d\u00e8s son plus jeune \u00e2ge. Remarquant son talent, le producteur de musique Fumio Yasuda lui a recommand\u00e9 de poursuivre une carri\u00e8re dans la musique. En octobre 2011, elle a fait ses d\u00e9buts sur un grand label avec \u00ab\u00a0MEMORIA\u00a0\u00bb, le th\u00e8me ED de l&rsquo;animation t\u00e9l\u00e9vis\u00e9e \u00ab\u00a0Fate\/Zero\u00a0\u00bb. La chanson a connu un succ\u00e8s imm\u00e9diat et a ciment\u00e9 le nom d&rsquo;Eir Aoi dans le monde de la musique d&rsquo;anime.<\/p>\n\n<p>Depuis, elle a sorti de nombreuses chansons de th\u00e8mes d&rsquo;anime, qui ont toutes \u00e9t\u00e9 tr\u00e8s appr\u00e9ci\u00e9es par les fans. Parmi les \u0153uvres repr\u00e9sentatives, citons \u00ab\u00a0IGNITE\u00a0\u00bb, \u00ab\u00a0Yakusoku\u00a0\u00bb, \u00ab\u00a0Ryusei\u00a0\u00bb, \u00ab\u00a0Iris\u00a0\u00bb, \u00ab\u00a0I will&#8230; (th\u00e8me de la s\u00e9rie anim\u00e9e Sword Art Online), \u00ab\u00a0AURORA\u00a0\u00bb (th\u00e8me de la s\u00e9rie anim\u00e9e Mobile Suit Gundam AGE), \u00ab\u00a0Lapis Lazuli\u00a0\u00bb et \u00ab\u00a0Tsubasa\u00a0\u00bb (th\u00e8me de la s\u00e9rie anim\u00e9e Arslan Senki) et \u00ab\u00a0Sirius\u00a0\u00bb (th\u00e8me de la s\u00e9rie anim\u00e9e Kirura Kill).<\/p>\n\n<p>Le groupe s&rsquo;est produit quatre fois au Nippon Budokan, \u00e0 la Yokohama Arena, \u00e0 Paris, \u00e0 Londres, \u00e0 Shanghai, \u00e0 San Francisco et dans 15 autres pays\/r\u00e9gions du monde, avec un grand succ\u00e8s. Ils ont \u00e9galement re\u00e7u le soutien de nombreux fans \u00e0 l&rsquo;\u00e9tranger.<\/p>\n\n<h3 class=\"wp-block-heading\">Message aux supporters.<\/h3>\n\n<figure class=\"wp-block-image size-large\"><img loading=\"lazy\" decoding=\"async\" width=\"700\" height=\"1200\" src=\"https:\/\/aoieir.jp\/cms\/wp-content\/uploads\/2024\/03\/tiofan-700x1200.png\" alt=\"Je crois que la musique a un pouvoir magique. J'esp&#xE8;re que mes chansons peuvent vous aider, ne serait-ce qu'un peu, et je chante de tout mon c&#x153;ur. J'esp&#xE8;re que vos journ&#xE9;es d&#xE9;boucheront sur des lendemains qui chantent. Je veux rendre les nombreux souvenirs que vous m'avez donn&#xE9;s par des chansons &#xE0; l'avenir, et cela ne changera jamais. Continuons &#xE0; tisser ensemble de nombreux paysages et des sentiments particuliers ! Eir Aoi\" class=\"wp-image-248\" srcset=\"https:\/\/aoieir.jp\/cms\/wp-content\/uploads\/2024\/03\/tiofan-700x1200.png 700w, https:\/\/aoieir.jp\/cms\/wp-content\/uploads\/2024\/03\/tiofan-467x800.png 467w, https:\/\/aoieir.jp\/cms\/wp-content\/uploads\/2024\/03\/tiofan-768x1316.png 768w, https:\/\/aoieir.jp\/cms\/wp-content\/uploads\/2024\/03\/tiofan-896x1536.png 896w, https:\/\/aoieir.jp\/cms\/wp-content\/uploads\/2024\/03\/tiofan-1195x2048.png 1195w, https:\/\/aoieir.jp\/cms\/wp-content\/uploads\/2024\/03\/tiofan.png 1306w\" sizes=\"auto, (max-width: 700px) 100vw, 700px\" \/><\/figure>\n","protected":false},"excerpt":{"rendered":"<p>Eir Aoi N\u00e9 le 30 novembre. N\u00e9e \u00e0 Sapporo, Hokkaido, Japon, type AB. Auteur-compositeur-interpr\u00e8te japonaise qui jouit d&rsquo;une grande popularit\u00e9 aupr\u00e8s des fans d&rsquo;anime au Japon et \u00e0 l&rsquo;\u00e9tranger en raison de la qualit\u00e9 de sa voix allong\u00e9e et de son immense pouvoir d&rsquo;expression. Sa musique se caract\u00e9rise par des paroles et des m\u00e9lodies qui \u00e9voquent des \u00e9motions fortes et des performances live intenses. Passionn\u00e9e de musique, elle a commenc\u00e9 \u00e0 faire carri\u00e8re en tant qu&rsquo;auteur-compositeur-interpr\u00e8te d\u00e8s son plus jeune&hellip;<\/p>\n","protected":false},"author":1,"featured_media":3711,"parent":0,"menu_order":0,"comment_status":"closed","ping_status":"closed","template":"","meta":{"_acf_changed":false,"footnotes":""},"class_list":["post-657","page","type-page","status-publish","has-post-thumbnail","hentry"],"acf":[],"yoast_head":"<!-- This site is optimized with the Yoast SEO plugin v27.2 - https:\/\/yoast.com\/product\/yoast-seo-wordpress\/ -->\n<title>BIOGRAPHIE. - Eir Aoi OFFICIAL SITE since 2024-<\/title>\n<meta name=\"robots\" content=\"index, follow, max-snippet:-1, max-image-preview:large, max-video-preview:-1\" \/>\n<link rel=\"canonical\" href=\"https:\/\/aoieir.jp\/fr\/biographie\/\" \/>\n<meta property=\"og:locale\" content=\"fr_FR\" \/>\n<meta property=\"og:type\" content=\"article\" \/>\n<meta property=\"og:title\" content=\"BIOGRAPHIE. - Eir Aoi OFFICIAL SITE since 2024-\" \/>\n<meta property=\"og:description\" content=\"Eir Aoi N\u00e9 le 30 novembre. N\u00e9e \u00e0 Sapporo, Hokkaido, Japon, type AB. Auteur-compositeur-interpr\u00e8te japonaise qui jouit d&rsquo;une grande popularit\u00e9 aupr\u00e8s des fans d&rsquo;anime au Japon et \u00e0 l&rsquo;\u00e9tranger en raison de la qualit\u00e9 de sa voix allong\u00e9e et de son immense pouvoir d&rsquo;expression. Sa musique se caract\u00e9rise par des paroles et des m\u00e9lodies qui \u00e9voquent des \u00e9motions fortes et des performances live intenses. Passionn\u00e9e de musique, elle a commenc\u00e9 \u00e0 faire carri\u00e8re en tant qu&rsquo;auteur-compositeur-interpr\u00e8te d\u00e8s son plus jeune&hellip;\" \/>\n<meta property=\"og:url\" content=\"https:\/\/aoieir.jp\/fr\/biographie\/\" \/>\n<meta property=\"og:site_name\" content=\"Eir Aoi OFFICIAL SITE since 2024-\" \/>\n<meta property=\"article:modified_time\" content=\"2025-09-04T04:09:05+00:00\" \/>\n<meta property=\"og:image\" content=\"https:\/\/aoieir.jp\/cms\/wp-content\/uploads\/2025\/09\/kv_pc.webp\" \/>\n\t<meta property=\"og:image:width\" content=\"1500\" \/>\n\t<meta property=\"og:image:height\" content=\"1200\" \/>\n\t<meta property=\"og:image:type\" content=\"image\/webp\" \/>\n<meta name=\"twitter:card\" content=\"summary_large_image\" \/>\n<script type=\"application\/ld+json\" class=\"yoast-schema-graph\">{\"@context\":\"https:\/\/schema.org\",\"@graph\":[{\"@type\":\"WebPage\",\"@id\":\"https:\/\/aoieir.jp\/fr\/biographie\/\",\"url\":\"https:\/\/aoieir.jp\/fr\/biographie\/\",\"name\":\"BIOGRAPHIE. - Eir Aoi OFFICIAL SITE since 2024-\",\"isPartOf\":{\"@id\":\"https:\/\/aoieir.jp\/fr\/#website\"},\"primaryImageOfPage\":{\"@id\":\"https:\/\/aoieir.jp\/fr\/biographie\/#primaryimage\"},\"image\":{\"@id\":\"https:\/\/aoieir.jp\/fr\/biographie\/#primaryimage\"},\"thumbnailUrl\":\"https:\/\/aoieir.jp\/cms\/wp-content\/uploads\/2025\/09\/kv_pc.webp\",\"datePublished\":\"2024-02-29T02:40:05+00:00\",\"dateModified\":\"2025-09-04T04:09:05+00:00\",\"breadcrumb\":{\"@id\":\"https:\/\/aoieir.jp\/fr\/biographie\/#breadcrumb\"},\"inLanguage\":\"fr-FR\",\"potentialAction\":[{\"@type\":\"ReadAction\",\"target\":[\"https:\/\/aoieir.jp\/fr\/biographie\/\"]}]},{\"@type\":\"ImageObject\",\"inLanguage\":\"fr-FR\",\"@id\":\"https:\/\/aoieir.jp\/fr\/biographie\/#primaryimage\",\"url\":\"https:\/\/aoieir.jp\/cms\/wp-content\/uploads\/2025\/09\/kv_pc.webp\",\"contentUrl\":\"https:\/\/aoieir.jp\/cms\/wp-content\/uploads\/2025\/09\/kv_pc.webp\",\"width\":1500,\"height\":1200},{\"@type\":\"BreadcrumbList\",\"@id\":\"https:\/\/aoieir.jp\/fr\/biographie\/#breadcrumb\",\"itemListElement\":[{\"@type\":\"ListItem\",\"position\":1,\"name\":\"\u30db\u30fc\u30e0\",\"item\":\"https:\/\/aoieir.jp\/fr\/accueil\/\"},{\"@type\":\"ListItem\",\"position\":2,\"name\":\"BIOGRAPHIE.\"}]},{\"@type\":\"WebSite\",\"@id\":\"https:\/\/aoieir.jp\/fr\/#website\",\"url\":\"https:\/\/aoieir.jp\/fr\/\",\"name\":\"\u85cd\u4e95\u30a8\u30a4\u30eb \/ Eir Aoi OFFICIAL SITE since 2024-\",\"description\":\"\",\"publisher\":{\"@id\":\"https:\/\/aoieir.jp\/fr\/#\/schema\/person\/437374393ab4355b85a528af6409f442\"},\"potentialAction\":[{\"@type\":\"SearchAction\",\"target\":{\"@type\":\"EntryPoint\",\"urlTemplate\":\"https:\/\/aoieir.jp\/fr\/?s={search_term_string}\"},\"query-input\":{\"@type\":\"PropertyValueSpecification\",\"valueRequired\":true,\"valueName\":\"search_term_string\"}}],\"inLanguage\":\"fr-FR\"},{\"@type\":[\"Person\",\"Organization\"],\"@id\":\"https:\/\/aoieir.jp\/fr\/#\/schema\/person\/437374393ab4355b85a528af6409f442\",\"name\":\"\u85cd\u4e95\u30a8\u30a4\u30eb\",\"image\":{\"@type\":\"ImageObject\",\"inLanguage\":\"fr-FR\",\"@id\":\"https:\/\/aoieir.jp\/cms\/wp-content\/uploads\/2024\/03\/icon.png\",\"url\":\"https:\/\/aoieir.jp\/cms\/wp-content\/uploads\/2024\/03\/icon.png\",\"contentUrl\":\"https:\/\/aoieir.jp\/cms\/wp-content\/uploads\/2024\/03\/icon.png\",\"width\":512,\"height\":512,\"caption\":\"\u85cd\u4e95\u30a8\u30a4\u30eb\"},\"logo\":{\"@id\":\"https:\/\/aoieir.jp\/cms\/wp-content\/uploads\/2024\/03\/icon.png\"},\"sameAs\":[\"https:\/\/aoieir.jp\/\"]}]}<\/script>\n<!-- \/ Yoast SEO plugin. -->","yoast_head_json":{"title":"BIOGRAPHIE. - Eir Aoi OFFICIAL SITE since 2024-","robots":{"index":"index","follow":"follow","max-snippet":"max-snippet:-1","max-image-preview":"max-image-preview:large","max-video-preview":"max-video-preview:-1"},"canonical":"https:\/\/aoieir.jp\/fr\/biographie\/","og_locale":"fr_FR","og_type":"article","og_title":"BIOGRAPHIE. - Eir Aoi OFFICIAL SITE since 2024-","og_description":"Eir Aoi N\u00e9 le 30 novembre. N\u00e9e \u00e0 Sapporo, Hokkaido, Japon, type AB. Auteur-compositeur-interpr\u00e8te japonaise qui jouit d&rsquo;une grande popularit\u00e9 aupr\u00e8s des fans d&rsquo;anime au Japon et \u00e0 l&rsquo;\u00e9tranger en raison de la qualit\u00e9 de sa voix allong\u00e9e et de son immense pouvoir d&rsquo;expression. Sa musique se caract\u00e9rise par des paroles et des m\u00e9lodies qui \u00e9voquent des \u00e9motions fortes et des performances live intenses. Passionn\u00e9e de musique, elle a commenc\u00e9 \u00e0 faire carri\u00e8re en tant qu&rsquo;auteur-compositeur-interpr\u00e8te d\u00e8s son plus jeune&hellip;","og_url":"https:\/\/aoieir.jp\/fr\/biographie\/","og_site_name":"Eir Aoi OFFICIAL SITE since 2024-","article_modified_time":"2025-09-04T04:09:05+00:00","og_image":[{"width":1500,"height":1200,"url":"https:\/\/aoieir.jp\/cms\/wp-content\/uploads\/2025\/09\/kv_pc.webp","type":"image\/webp"}],"twitter_card":"summary_large_image","schema":{"@context":"https:\/\/schema.org","@graph":[{"@type":"WebPage","@id":"https:\/\/aoieir.jp\/fr\/biographie\/","url":"https:\/\/aoieir.jp\/fr\/biographie\/","name":"BIOGRAPHIE. - Eir Aoi OFFICIAL SITE since 2024-","isPartOf":{"@id":"https:\/\/aoieir.jp\/fr\/#website"},"primaryImageOfPage":{"@id":"https:\/\/aoieir.jp\/fr\/biographie\/#primaryimage"},"image":{"@id":"https:\/\/aoieir.jp\/fr\/biographie\/#primaryimage"},"thumbnailUrl":"https:\/\/aoieir.jp\/cms\/wp-content\/uploads\/2025\/09\/kv_pc.webp","datePublished":"2024-02-29T02:40:05+00:00","dateModified":"2025-09-04T04:09:05+00:00","breadcrumb":{"@id":"https:\/\/aoieir.jp\/fr\/biographie\/#breadcrumb"},"inLanguage":"fr-FR","potentialAction":[{"@type":"ReadAction","target":["https:\/\/aoieir.jp\/fr\/biographie\/"]}]},{"@type":"ImageObject","inLanguage":"fr-FR","@id":"https:\/\/aoieir.jp\/fr\/biographie\/#primaryimage","url":"https:\/\/aoieir.jp\/cms\/wp-content\/uploads\/2025\/09\/kv_pc.webp","contentUrl":"https:\/\/aoieir.jp\/cms\/wp-content\/uploads\/2025\/09\/kv_pc.webp","width":1500,"height":1200},{"@type":"BreadcrumbList","@id":"https:\/\/aoieir.jp\/fr\/biographie\/#breadcrumb","itemListElement":[{"@type":"ListItem","position":1,"name":"\u30db\u30fc\u30e0","item":"https:\/\/aoieir.jp\/fr\/accueil\/"},{"@type":"ListItem","position":2,"name":"BIOGRAPHIE."}]},{"@type":"WebSite","@id":"https:\/\/aoieir.jp\/fr\/#website","url":"https:\/\/aoieir.jp\/fr\/","name":"\u85cd\u4e95\u30a8\u30a4\u30eb \/ Eir Aoi OFFICIAL SITE since 2024-","description":"","publisher":{"@id":"https:\/\/aoieir.jp\/fr\/#\/schema\/person\/437374393ab4355b85a528af6409f442"},"potentialAction":[{"@type":"SearchAction","target":{"@type":"EntryPoint","urlTemplate":"https:\/\/aoieir.jp\/fr\/?s={search_term_string}"},"query-input":{"@type":"PropertyValueSpecification","valueRequired":true,"valueName":"search_term_string"}}],"inLanguage":"fr-FR"},{"@type":["Person","Organization"],"@id":"https:\/\/aoieir.jp\/fr\/#\/schema\/person\/437374393ab4355b85a528af6409f442","name":"\u85cd\u4e95\u30a8\u30a4\u30eb","image":{"@type":"ImageObject","inLanguage":"fr-FR","@id":"https:\/\/aoieir.jp\/cms\/wp-content\/uploads\/2024\/03\/icon.png","url":"https:\/\/aoieir.jp\/cms\/wp-content\/uploads\/2024\/03\/icon.png","contentUrl":"https:\/\/aoieir.jp\/cms\/wp-content\/uploads\/2024\/03\/icon.png","width":512,"height":512,"caption":"\u85cd\u4e95\u30a8\u30a4\u30eb"},"logo":{"@id":"https:\/\/aoieir.jp\/cms\/wp-content\/uploads\/2024\/03\/icon.png"},"sameAs":["https:\/\/aoieir.jp\/"]}]}},"_links":{"self":[{"href":"https:\/\/aoieir.jp\/fr\/wp-json\/wp\/v2\/pages\/657","targetHints":{"allow":["GET"]}}],"collection":[{"href":"https:\/\/aoieir.jp\/fr\/wp-json\/wp\/v2\/pages"}],"about":[{"href":"https:\/\/aoieir.jp\/fr\/wp-json\/wp\/v2\/types\/page"}],"author":[{"embeddable":true,"href":"https:\/\/aoieir.jp\/fr\/wp-json\/wp\/v2\/users\/1"}],"replies":[{"embeddable":true,"href":"https:\/\/aoieir.jp\/fr\/wp-json\/wp\/v2\/comments?post=657"}],"version-history":[{"count":2,"href":"https:\/\/aoieir.jp\/fr\/wp-json\/wp\/v2\/pages\/657\/revisions"}],"predecessor-version":[{"id":3718,"href":"https:\/\/aoieir.jp\/fr\/wp-json\/wp\/v2\/pages\/657\/revisions\/3718"}],"wp:featuredmedia":[{"embeddable":true,"href":"https:\/\/aoieir.jp\/fr\/wp-json\/wp\/v2\/media\/3711"}],"wp:attachment":[{"href":"https:\/\/aoieir.jp\/fr\/wp-json\/wp\/v2\/media?parent=657"}],"curies":[{"name":"wp","href":"https:\/\/api.w.org\/{rel}","templated":true}]}}