{"id":625,"date":"2024-02-29T11:29:24","date_gmt":"2024-02-29T02:29:24","guid":{"rendered":"https:\/\/aoieir.jp\/politique-de-confidentialite\/"},"modified":"2024-04-19T12:51:00","modified_gmt":"2024-04-19T03:51:00","slug":"politique-de-confidentialite","status":"publish","type":"page","link":"https:\/\/aoieir.jp\/fr\/politique-de-confidentialite\/","title":{"rendered":"POLITIQUE DE CONFIDENTIALIT\u00c9"},"content":{"rendered":"\n<p>Le site web officiel de Aoi Eir (\u00ab\u00a0le site web\u00a0\u00bb) La politique de confidentialit\u00e9 suivante (ci-apr\u00e8s d\u00e9nomm\u00e9e \u00ab\u00a0politique\u00a0\u00bb) s&rsquo;applique aux services fournis sur ce site web (ci-apr\u00e8s d\u00e9nomm\u00e9s \u00ab\u00a0services\u00a0\u00bb). La politique de confidentialit\u00e9 suivante (ci-apr\u00e8s d\u00e9nomm\u00e9e \u00ab\u00a0politique\u00a0\u00bb) s&rsquo;applique au traitement des informations personnelles des utilisateurs dans le cadre des services fournis sur ce site web (ci-apr\u00e8s d\u00e9nomm\u00e9s \u00ab\u00a0services\u00a0\u00bb). La politique de protection de la vie priv\u00e9e (ci-apr\u00e8s d\u00e9nomm\u00e9e \u00ab\u00a0politique\u00a0\u00bb) est expos\u00e9e ci-dessous.<\/p>\n\n<h3 class=\"wp-block-heading\">Article 1 (Informations personnelles).<\/h3>\n\n<p>Le terme \u00ab\u00a0informations personnelles\u00a0\u00bb fait r\u00e9f\u00e9rence aux \u00ab\u00a0informations personnelles\u00a0\u00bb telles que d\u00e9finies dans la loi sur la protection des donn\u00e9es personnelles et d\u00e9signe les informations relatives \u00e0 une personne vivante qui permettent d&rsquo;identifier une personne sp\u00e9cifique par son nom, sa date de naissance, son adresse, son num\u00e9ro de t\u00e9l\u00e9phone, ses coordonn\u00e9es ou toute autre description contenue dans les informations (informations d&rsquo;identification personnelle).<\/p>\n\n<h3 class=\"wp-block-heading\">Article 2 (M\u00e9thodes de collecte des donn\u00e9es \u00e0 caract\u00e8re personnel).<\/h3>\n\n<p>Le site web peut demander des informations personnelles telles que le nom, la date de naissance, l&rsquo;adresse, le num\u00e9ro de t\u00e9l\u00e9phone et l&rsquo;adresse \u00e9lectronique lorsque l&rsquo;utilisateur utilise le service. En outre, les partenaires du site (y compris les fournisseurs d&rsquo;informations, les annonceurs, les distributeurs de publicit\u00e9, etc.) peuvent \u00e9galement \u00eatre invit\u00e9s \u00e0 fournir des informations sur les transactions et les paiements, y compris les informations personnelles de l&rsquo;utilisateur, effectu\u00e9s entre l&rsquo;utilisateur et les partenaires et d&rsquo;autres parties. Ci-apr\u00e8s d\u00e9nomm\u00e9s \u00ab\u00a0partenaires\u00a0\u00bb). Les informations peuvent \u00eatre collect\u00e9es \u00e0 partir des sources suivantes.<\/p>\n\n<h3 class=\"wp-block-heading\">Article 3 (Finalit\u00e9 de la collecte et de l&rsquo;utilisation des informations personnelles).<\/h3>\n\n<p>Les finalit\u00e9s pour lesquelles les donn\u00e9es personnelles sont collect\u00e9es et utilis\u00e9es par ce site web sont les suivantes<\/p>\n\n<ul class=\"wp-block-list\">\n<li>Pour fournir et exploiter les services de notre site web.<\/li>\n\n\n\n<li>Pour r\u00e9pondre aux demandes des utilisateurs (y compris pour v\u00e9rifier leur identit\u00e9).<\/li>\n\n\n\n<li>Envoyer des courriers \u00e9lectroniques contenant des informations sur les nouvelles fonctionnalit\u00e9s, les mises \u00e0 jour, les campagnes, etc. du service que l&rsquo;utilisateur utilise et des informations sur d&rsquo;autres services fournis par le site web.<\/li>\n\n\n\n<li>Vous contacter si n\u00e9cessaire pour la maintenance, des avis importants, etc.<\/li>\n\n\n\n<li>Identifier les utilisateurs qui ont enfreint les conditions d&rsquo;utilisation ou qui tentent d&rsquo;utiliser les services \u00e0 des fins frauduleuses ou injustifi\u00e9es, et refuser leur utilisation.<\/li>\n\n\n\n<li>Permettre aux utilisateurs de consulter, de modifier ou de supprimer leurs propres informations d&rsquo;enregistrement et de consulter l&rsquo;\u00e9tat de leur utilisation.<\/li>\n\n\n\n<li>les fins accessoires aux fins d&rsquo;utilisation susmentionn\u00e9es.<\/li>\n<\/ul>\n\n<p>La description de la discipline de transmission externe est la suivante.<\/p>\n\n<figure class=\"wp-block-table is-style-regular has-small-font-size\"><table><tbody><tr><th>destination (de la transmission)<\/th><td>Google LLC<\/td><\/tr><tr><th>Objet de l&rsquo;utilisation de la destination.<\/th><td>Fournir des services, am\u00e9liorer les services, optimiser les services, analyser l&rsquo;utilisation des services, envisager de nouveaux services, etc.<br\/>Pour r\u00e9pondre aux demandes de renseignements des clients, etc. ; pour informer les clients, etc. sur les services, etc. de l&rsquo;entreprise et de ses partenaires ; et pour assurer la s\u00e9curit\u00e9 de la fourniture des services de l&rsquo;entreprise, etc.<\/td><\/tr><tr><th>But de l&rsquo;utilisation de l&rsquo;\u00e9metteur.<\/th><td>Pour diffuser des publicit\u00e9s ; pour optimiser la diffusion des publicit\u00e9s ; pour mesurer l&rsquo;efficacit\u00e9 des publicit\u00e9s ; pour am\u00e9liorer les services ; pour optimiser les services ; pour analyser l&rsquo;utilisation des services ; pour envisager de nouveaux services, etc.<\/td><\/tr><tr><th>Contenu des informations \u00e0 transmettre.<\/th><td>-Informations sur le navigateur et l&rsquo;appareil (type de syst\u00e8me d&rsquo;exploitation, r\u00e9solution, type d&rsquo;appareil, etc.)<\/td><\/tr><tr><th>lien<\/th><td><a href=\"https:\/\/support.google.com\/analytics\/answer\/181881?hl=ja\" target=\"_blank\" rel=\"noreferrer noopener\">Renonciation \u00e0 la<\/a><a href=\"https:\/\/policies.google.com\/privacy?hl=ja\" target=\"_blank\" rel=\"noreferrer noopener\">politique de protection de la vie priv\u00e9e<\/a><\/td><\/tr><\/tbody><\/table><\/figure>\n\n<h3 class=\"wp-block-heading\">Article 4 (changement d&rsquo;usage).<\/h3>\n\n<p>Le site web ne modifie la finalit\u00e9 de l&rsquo;utilisation des informations personnelles que si la finalit\u00e9 de l&rsquo;utilisation est raisonnablement consid\u00e9r\u00e9e comme pertinente par rapport \u00e0 la finalit\u00e9 de l&rsquo;utilisation avant la modification.<br\/>Si la finalit\u00e9 de l&rsquo;utilisation est modifi\u00e9e, la nouvelle finalit\u00e9 sera notifi\u00e9e \u00e0 l&rsquo;utilisateur ou publi\u00e9e sur le site web de la mani\u00e8re prescrite par le site web.<\/p>\n\n<h3 class=\"wp-block-heading\">Article 5 (Communication de donn\u00e9es \u00e0 caract\u00e8re personnel \u00e0 des tiers)<\/h3>\n\n<p>1. Le site web ne fournira pas d&rsquo;informations personnelles \u00e0 des tiers sans le consentement pr\u00e9alable de l&rsquo;utilisateur, sauf dans les cas suivants. Cela exclut toutefois les cas autoris\u00e9s par la loi sur la protection des donn\u00e9es personnelles et d&rsquo;autres lois et r\u00e8glements.<\/p>\n\n<ul class=\"wp-block-list\">\n<li>Lorsqu&rsquo;elle est n\u00e9cessaire \u00e0 la protection de la vie, du corps ou des biens d&rsquo;une personne et qu&rsquo;il est difficile d&rsquo;obtenir son consentement.<\/li>\n\n\n\n<li>Lorsque cela est particuli\u00e8rement n\u00e9cessaire pour am\u00e9liorer la sant\u00e9 publique ou promouvoir le bon d\u00e9veloppement des enfants et qu&rsquo;il est difficile d&rsquo;obtenir le consentement de la personne concern\u00e9e.<\/li>\n\n\n\n<li>Lorsqu&rsquo;il est n\u00e9cessaire de coop\u00e9rer avec un organisme d&rsquo;\u00c9tat, une autorit\u00e9 locale ou une personne charg\u00e9e par un tel organisme d&rsquo;accomplir des t\u00e2ches prescrites par la loi, et que l&rsquo;obtention du consentement de cette personne peut entraver l&rsquo;accomplissement de ces t\u00e2ches.<\/li>\n\n\n\n<li>Lorsque les \u00e9l\u00e9ments suivants ont \u00e9t\u00e9 notifi\u00e9s ou publi\u00e9s \u00e0 l&rsquo;avance et que le site web a notifi\u00e9 la Commission de protection des donn\u00e9es personnelles<\/li>\n\n\n\n<li>La finalit\u00e9 de l&rsquo;utilisation doit inclure la fourniture \u00e0 des tiers.<\/li>\n\n\n\n<li>\u00c9l\u00e9ments de donn\u00e9es fournis \u00e0 des tiers.<\/li>\n\n\n\n<li>Moyens ou m\u00e9thodes de mise \u00e0 disposition des tiers.<\/li>\n\n\n\n<li>de cesser de fournir des donn\u00e9es \u00e0 caract\u00e8re personnel \u00e0 des tiers \u00e0 la demande de l&rsquo;int\u00e9ress\u00e9.<\/li>\n\n\n\n<li>Comment accepter la demande de la personne.<\/li>\n<\/ul>\n\n<p>2.2 Nonobstant les dispositions du paragraphe pr\u00e9c\u00e9dent, la partie \u00e0 laquelle les informations sont fournies n&rsquo;est pas consid\u00e9r\u00e9e comme un tiers dans les cas suivants.<\/p>\n\n<ul class=\"wp-block-list\">\n<li>Lorsque ce site Internet sous-traite tout ou partie du traitement des informations personnelles dans la mesure o\u00f9 cela est n\u00e9cessaire pour atteindre l&rsquo;objectif de l&rsquo;utilisation.<\/li>\n\n\n\n<li>Lorsque des donn\u00e9es \u00e0 caract\u00e8re personnel sont fournies \u00e0 la suite de la succession d&rsquo;une entreprise en raison d&rsquo;une fusion ou autre.<\/li>\n\n\n\n<li>Lorsque des informations \u00e0 caract\u00e8re personnel doivent \u00eatre utilis\u00e9es conjointement avec une personne d\u00e9termin\u00e9e, et que ce fait et les \u00e9l\u00e9ments d&rsquo;information \u00e0 caract\u00e8re personnel devant \u00eatre utilis\u00e9s conjointement, la port\u00e9e de l&rsquo;utilisation conjointe, la finalit\u00e9 de l&rsquo;utilisation par la personne utilisant les informations et le nom de la personne responsable de la gestion des informations \u00e0 caract\u00e8re personnel sont notifi\u00e9s \u00e0 l&rsquo;avance \u00e0 la personne concern\u00e9e ou sont facilement accessibles \u00e0 cette derni\u00e8re. (iii) lorsque la personne concern\u00e9e est inform\u00e9e \u00e0 l&rsquo;avance ou est facilement accessible \u00e0 la personne concern\u00e9e.<\/li>\n<\/ul>\n\n<h3 class=\"wp-block-heading\">Article 6 (divulgation de donn\u00e9es \u00e0 caract\u00e8re personnel).<\/h3>\n\n<p>1. le site web divulguera sans d\u00e9lai les donn\u00e9es \u00e0 caract\u00e8re personnel \u00e0 la personne concern\u00e9e lorsque celle-ci le demande. Toutefois, si la divulgation aboutit \u00e0 l&rsquo;un des cas suivants, nous pouvons d\u00e9cider de ne pas divulguer tout ou partie des informations, et si nous d\u00e9cidons de ne pas divulguer les informations, nous vous en informerons sans d\u00e9lai.<\/p>\n\n<ul class=\"wp-block-list\">\n<li>Lorsqu&rsquo;il existe un risque d&rsquo;atteinte \u00e0 la vie, \u00e0 l&rsquo;int\u00e9grit\u00e9 physique, aux biens ou \u00e0 d&rsquo;autres droits ou int\u00e9r\u00eats de la personne concern\u00e9e ou d&rsquo;un tiers.<\/li>\n\n\n\n<li>S&rsquo;il existe un risque de perturbation significative de la bonne marche des activit\u00e9s de ce site web.<\/li>\n\n\n\n<li>Si, dans le cas contraire, il y a violation de la loi.<\/li>\n<\/ul>\n\n<p>2. nonobstant les dispositions du paragraphe pr\u00e9c\u00e9dent, les informations non personnelles telles que les informations historiques et caract\u00e9ristiques ne seront pas divulgu\u00e9es en principe.<\/p>\n\n<h3 class=\"wp-block-heading\">Article 7 (Rectification et suppression des donn\u00e9es \u00e0 caract\u00e8re personnel)<\/h3>\n\n<p>1. l&rsquo;utilisateur peut demander au site web de corriger, compl\u00e9ter ou supprimer (ci-apr\u00e8s d\u00e9nomm\u00e9 \u00ab\u00a0corriger\u00a0\u00bb) ses propres informations personnelles d\u00e9tenues par le site web conform\u00e9ment \u00e0 la proc\u00e9dure \u00e9tablie par le site web, si les informations sont incorrectes. L&rsquo;utilisateur peut demander la correction, l&rsquo;ajout ou la suppression d&rsquo;informations \u00e0 caract\u00e8re personnel (ci-apr\u00e8s d\u00e9nomm\u00e9es \u00ab\u00a0correction, etc.\u00a0\u00bb) aupr\u00e8s du site web conform\u00e9ment aux proc\u00e9dures \u00e9tablies par le site web.<br\/>2. si le site web re\u00e7oit une demande d&rsquo;un utilisateur telle que vis\u00e9e au paragraphe pr\u00e9c\u00e9dent et qu&rsquo;il estime n\u00e9cessaire de r\u00e9pondre \u00e0 cette demande, le site web corrige sans d\u00e9lai les donn\u00e9es \u00e0 caract\u00e8re personnel concern\u00e9es.<br\/>3. le site web informera l&rsquo;utilisateur sans d\u00e9lai lorsque des corrections sont apport\u00e9es conform\u00e9ment au paragraphe pr\u00e9c\u00e9dent ou lorsqu&rsquo;il est d\u00e9cid\u00e9 de ne pas apporter de corrections.<\/p>\n\n<h3 class=\"wp-block-heading\">Article 8 (Suspension de l&rsquo;utilisation des informations personnelles, etc.)<\/h3>\n\n<p>1. si la personne demande la suspension de l&rsquo;utilisation ou l&rsquo;effacement (ci-apr\u00e8s d\u00e9nomm\u00e9e \u00ab\u00a0suspension de l&rsquo;utilisation\u00a0\u00bb) d&rsquo;informations personnelles au motif qu&rsquo;elles ont \u00e9t\u00e9 trait\u00e9es au-del\u00e0 de l&rsquo;utilisation pr\u00e9vue ou qu&rsquo;elles ont \u00e9t\u00e9 obtenues par des moyens illicites, ce site web proc\u00e9dera sans d\u00e9lai aux enqu\u00eates n\u00e9cessaires. En cas de demande de suspension de l&rsquo;utilisation ou d&rsquo;\u00e9limination de donn\u00e9es \u00e0 caract\u00e8re personnel (ci-apr\u00e8s d\u00e9nomm\u00e9e \u00ab\u00a0suspension de l&rsquo;utilisation\u00a0\u00bb), l&rsquo;enqu\u00eate n\u00e9cessaire sera effectu\u00e9e sans d\u00e9lai.<br\/>2. si, sur la base des r\u00e9sultats de l&rsquo;enqu\u00eate vis\u00e9e au paragraphe pr\u00e9c\u00e9dent, il est jug\u00e9 n\u00e9cessaire de donner suite \u00e0 la demande, il est mis fin sans d\u00e9lai \u00e0 l&rsquo;utilisation des donn\u00e9es \u00e0 caract\u00e8re personnel en question.<br\/>3. si le site web d\u00e9cide de cesser l&rsquo;utilisation ou de ne pas cesser l&rsquo;utilisation conform\u00e9ment au paragraphe pr\u00e9c\u00e9dent, le site web en informera l&rsquo;utilisateur sans d\u00e9lai.<br\/><br\/>4.4 Nonobstant les trois paragraphes pr\u00e9c\u00e9dents, s&rsquo;il est difficile de suspendre l&rsquo;utilisation, etc. en raison des co\u00fbts \u00e9lev\u00e9s que cela implique ou d&rsquo;autres difficult\u00e9s, et si des mesures alternatives peuvent \u00eatre prises pour prot\u00e9ger les droits et les int\u00e9r\u00eats de l&rsquo;utilisateur, ces mesures alternatives seront prises.<\/p>\n\n<h3 class=\"wp-block-heading\">Article 9 (modifications de la politique de confidentialit\u00e9).<\/h3>\n\n<p>Le contenu de la pr\u00e9sente politique peut \u00eatre modifi\u00e9 sans notification \u00e0 l&rsquo;utilisateur, sauf disposition contraire de la loi ou de la pr\u00e9sente politique.<br\/>Sauf indication contraire du site web, la politique r\u00e9vis\u00e9e en mati\u00e8re de protection de la vie priv\u00e9e prend effet \u00e0 partir du moment o\u00f9 elle est publi\u00e9e sur le site web.<\/p>\n\n<h3 class=\"wp-block-heading\">Article 10 (personne de contact pour les demandes de renseignements)<\/h3>\n\n<p>Si vous avez des questions concernant la pr\u00e9sente politique de confidentialit\u00e9, ou si vous avez des questions, des plaintes ou des pr\u00e9occupations concernant le traitement de vos donn\u00e9es \u00e0 caract\u00e8re personnel dans le cadre du service, veuillez nous contacter.<br\/><br\/>&#8230; et vers le haut<br\/><br\/>Adopt\u00e9 le 1er avril 2024.<\/p>\n","protected":false},"excerpt":{"rendered":"<p>Le site web officiel de Aoi Eir (\u00ab\u00a0le site web\u00a0\u00bb) La politique de confidentialit\u00e9 suivante (ci-apr\u00e8s d\u00e9nomm\u00e9e \u00ab\u00a0politique\u00a0\u00bb) s&rsquo;applique aux services fournis sur ce site web (ci-apr\u00e8s d\u00e9nomm\u00e9s \u00ab\u00a0services\u00a0\u00bb). La politique de confidentialit\u00e9 suivante (ci-apr\u00e8s d\u00e9nomm\u00e9e \u00ab\u00a0politique\u00a0\u00bb) s&rsquo;applique au traitement des informations personnelles des utilisateurs dans le cadre des services fournis sur ce site web (ci-apr\u00e8s d\u00e9nomm\u00e9s \u00ab\u00a0services\u00a0\u00bb). La politique de protection de la vie priv\u00e9e (ci-apr\u00e8s d\u00e9nomm\u00e9e \u00ab\u00a0politique\u00a0\u00bb) est expos\u00e9e ci-dessous. Article 1 (Informations personnelles). Le terme \u00ab\u00a0informations personnelles\u00a0\u00bb&hellip;<\/p>\n","protected":false},"author":1,"featured_media":0,"parent":0,"menu_order":0,"comment_status":"closed","ping_status":"closed","template":"","meta":{"_acf_changed":false,"footnotes":""},"class_list":["post-625","page","type-page","status-publish","hentry"],"acf":[],"yoast_head":"<!-- This site is optimized with the Yoast SEO plugin v27.2 - https:\/\/yoast.com\/product\/yoast-seo-wordpress\/ -->\n<title>POLITIQUE DE CONFIDENTIALIT\u00c9 - Eir Aoi OFFICIAL SITE since 2024-<\/title>\n<meta name=\"robots\" content=\"index, follow, max-snippet:-1, max-image-preview:large, max-video-preview:-1\" \/>\n<link rel=\"canonical\" href=\"https:\/\/aoieir.jp\/fr\/politique-de-confidentialite\/\" \/>\n<meta property=\"og:locale\" content=\"fr_FR\" \/>\n<meta property=\"og:type\" content=\"article\" \/>\n<meta property=\"og:title\" content=\"POLITIQUE DE CONFIDENTIALIT\u00c9 - Eir Aoi OFFICIAL SITE since 2024-\" \/>\n<meta property=\"og:description\" content=\"Le site web officiel de Aoi Eir (\u00ab\u00a0le site web\u00a0\u00bb) La politique de confidentialit\u00e9 suivante (ci-apr\u00e8s d\u00e9nomm\u00e9e \u00ab\u00a0politique\u00a0\u00bb) s&rsquo;applique aux services fournis sur ce site web (ci-apr\u00e8s d\u00e9nomm\u00e9s \u00ab\u00a0services\u00a0\u00bb). La politique de confidentialit\u00e9 suivante (ci-apr\u00e8s d\u00e9nomm\u00e9e \u00ab\u00a0politique\u00a0\u00bb) s&rsquo;applique au traitement des informations personnelles des utilisateurs dans le cadre des services fournis sur ce site web (ci-apr\u00e8s d\u00e9nomm\u00e9s \u00ab\u00a0services\u00a0\u00bb). La politique de protection de la vie priv\u00e9e (ci-apr\u00e8s d\u00e9nomm\u00e9e \u00ab\u00a0politique\u00a0\u00bb) est expos\u00e9e ci-dessous. Article 1 (Informations personnelles). Le terme \u00ab\u00a0informations personnelles\u00a0\u00bb&hellip;\" \/>\n<meta property=\"og:url\" content=\"https:\/\/aoieir.jp\/fr\/politique-de-confidentialite\/\" \/>\n<meta property=\"og:site_name\" content=\"Eir Aoi OFFICIAL SITE since 2024-\" \/>\n<meta property=\"article:modified_time\" content=\"2024-04-19T03:51:00+00:00\" \/>\n<meta property=\"og:image\" content=\"https:\/\/aoieir.jp\/cms\/wp-content\/uploads\/2024\/02\/ogp.jpg\" \/>\n\t<meta property=\"og:image:width\" content=\"1200\" \/>\n\t<meta property=\"og:image:height\" content=\"630\" \/>\n\t<meta property=\"og:image:type\" content=\"image\/jpeg\" \/>\n<meta name=\"twitter:card\" content=\"summary_large_image\" \/>\n<script type=\"application\/ld+json\" class=\"yoast-schema-graph\">{\"@context\":\"https:\/\/schema.org\",\"@graph\":[{\"@type\":\"WebPage\",\"@id\":\"https:\/\/aoieir.jp\/fr\/politique-de-confidentialite\/\",\"url\":\"https:\/\/aoieir.jp\/fr\/politique-de-confidentialite\/\",\"name\":\"POLITIQUE DE CONFIDENTIALIT\u00c9 - Eir Aoi OFFICIAL SITE since 2024-\",\"isPartOf\":{\"@id\":\"https:\/\/aoieir.jp\/fr\/#website\"},\"datePublished\":\"2024-02-29T02:29:24+00:00\",\"dateModified\":\"2024-04-19T03:51:00+00:00\",\"breadcrumb\":{\"@id\":\"https:\/\/aoieir.jp\/fr\/politique-de-confidentialite\/#breadcrumb\"},\"inLanguage\":\"fr-FR\",\"potentialAction\":[{\"@type\":\"ReadAction\",\"target\":[\"https:\/\/aoieir.jp\/fr\/politique-de-confidentialite\/\"]}]},{\"@type\":\"BreadcrumbList\",\"@id\":\"https:\/\/aoieir.jp\/fr\/politique-de-confidentialite\/#breadcrumb\",\"itemListElement\":[{\"@type\":\"ListItem\",\"position\":1,\"name\":\"\u30db\u30fc\u30e0\",\"item\":\"https:\/\/aoieir.jp\/fr\/accueil\/\"},{\"@type\":\"ListItem\",\"position\":2,\"name\":\"POLITIQUE DE CONFIDENTIALIT\u00c9\"}]},{\"@type\":\"WebSite\",\"@id\":\"https:\/\/aoieir.jp\/fr\/#website\",\"url\":\"https:\/\/aoieir.jp\/fr\/\",\"name\":\"\u85cd\u4e95\u30a8\u30a4\u30eb \/ Eir Aoi OFFICIAL SITE since 2024-\",\"description\":\"\",\"publisher\":{\"@id\":\"https:\/\/aoieir.jp\/fr\/#\/schema\/person\/437374393ab4355b85a528af6409f442\"},\"potentialAction\":[{\"@type\":\"SearchAction\",\"target\":{\"@type\":\"EntryPoint\",\"urlTemplate\":\"https:\/\/aoieir.jp\/fr\/?s={search_term_string}\"},\"query-input\":{\"@type\":\"PropertyValueSpecification\",\"valueRequired\":true,\"valueName\":\"search_term_string\"}}],\"inLanguage\":\"fr-FR\"},{\"@type\":[\"Person\",\"Organization\"],\"@id\":\"https:\/\/aoieir.jp\/fr\/#\/schema\/person\/437374393ab4355b85a528af6409f442\",\"name\":\"\u85cd\u4e95\u30a8\u30a4\u30eb\",\"image\":{\"@type\":\"ImageObject\",\"inLanguage\":\"fr-FR\",\"@id\":\"https:\/\/aoieir.jp\/cms\/wp-content\/uploads\/2024\/03\/icon.png\",\"url\":\"https:\/\/aoieir.jp\/cms\/wp-content\/uploads\/2024\/03\/icon.png\",\"contentUrl\":\"https:\/\/aoieir.jp\/cms\/wp-content\/uploads\/2024\/03\/icon.png\",\"width\":512,\"height\":512,\"caption\":\"\u85cd\u4e95\u30a8\u30a4\u30eb\"},\"logo\":{\"@id\":\"https:\/\/aoieir.jp\/cms\/wp-content\/uploads\/2024\/03\/icon.png\"},\"sameAs\":[\"https:\/\/aoieir.jp\/\"]}]}<\/script>\n<!-- \/ Yoast SEO plugin. -->","yoast_head_json":{"title":"POLITIQUE DE CONFIDENTIALIT\u00c9 - Eir Aoi OFFICIAL SITE since 2024-","robots":{"index":"index","follow":"follow","max-snippet":"max-snippet:-1","max-image-preview":"max-image-preview:large","max-video-preview":"max-video-preview:-1"},"canonical":"https:\/\/aoieir.jp\/fr\/politique-de-confidentialite\/","og_locale":"fr_FR","og_type":"article","og_title":"POLITIQUE DE CONFIDENTIALIT\u00c9 - Eir Aoi OFFICIAL SITE since 2024-","og_description":"Le site web officiel de Aoi Eir (\u00ab\u00a0le site web\u00a0\u00bb) La politique de confidentialit\u00e9 suivante (ci-apr\u00e8s d\u00e9nomm\u00e9e \u00ab\u00a0politique\u00a0\u00bb) s&rsquo;applique aux services fournis sur ce site web (ci-apr\u00e8s d\u00e9nomm\u00e9s \u00ab\u00a0services\u00a0\u00bb). La politique de confidentialit\u00e9 suivante (ci-apr\u00e8s d\u00e9nomm\u00e9e \u00ab\u00a0politique\u00a0\u00bb) s&rsquo;applique au traitement des informations personnelles des utilisateurs dans le cadre des services fournis sur ce site web (ci-apr\u00e8s d\u00e9nomm\u00e9s \u00ab\u00a0services\u00a0\u00bb). La politique de protection de la vie priv\u00e9e (ci-apr\u00e8s d\u00e9nomm\u00e9e \u00ab\u00a0politique\u00a0\u00bb) est expos\u00e9e ci-dessous. Article 1 (Informations personnelles). Le terme \u00ab\u00a0informations personnelles\u00a0\u00bb&hellip;","og_url":"https:\/\/aoieir.jp\/fr\/politique-de-confidentialite\/","og_site_name":"Eir Aoi OFFICIAL SITE since 2024-","article_modified_time":"2024-04-19T03:51:00+00:00","og_image":[{"width":1200,"height":630,"url":"https:\/\/aoieir.jp\/cms\/wp-content\/uploads\/2024\/02\/ogp.jpg","type":"image\/jpeg"}],"twitter_card":"summary_large_image","schema":{"@context":"https:\/\/schema.org","@graph":[{"@type":"WebPage","@id":"https:\/\/aoieir.jp\/fr\/politique-de-confidentialite\/","url":"https:\/\/aoieir.jp\/fr\/politique-de-confidentialite\/","name":"POLITIQUE DE CONFIDENTIALIT\u00c9 - Eir Aoi OFFICIAL SITE since 2024-","isPartOf":{"@id":"https:\/\/aoieir.jp\/fr\/#website"},"datePublished":"2024-02-29T02:29:24+00:00","dateModified":"2024-04-19T03:51:00+00:00","breadcrumb":{"@id":"https:\/\/aoieir.jp\/fr\/politique-de-confidentialite\/#breadcrumb"},"inLanguage":"fr-FR","potentialAction":[{"@type":"ReadAction","target":["https:\/\/aoieir.jp\/fr\/politique-de-confidentialite\/"]}]},{"@type":"BreadcrumbList","@id":"https:\/\/aoieir.jp\/fr\/politique-de-confidentialite\/#breadcrumb","itemListElement":[{"@type":"ListItem","position":1,"name":"\u30db\u30fc\u30e0","item":"https:\/\/aoieir.jp\/fr\/accueil\/"},{"@type":"ListItem","position":2,"name":"POLITIQUE DE CONFIDENTIALIT\u00c9"}]},{"@type":"WebSite","@id":"https:\/\/aoieir.jp\/fr\/#website","url":"https:\/\/aoieir.jp\/fr\/","name":"\u85cd\u4e95\u30a8\u30a4\u30eb \/ Eir Aoi OFFICIAL SITE since 2024-","description":"","publisher":{"@id":"https:\/\/aoieir.jp\/fr\/#\/schema\/person\/437374393ab4355b85a528af6409f442"},"potentialAction":[{"@type":"SearchAction","target":{"@type":"EntryPoint","urlTemplate":"https:\/\/aoieir.jp\/fr\/?s={search_term_string}"},"query-input":{"@type":"PropertyValueSpecification","valueRequired":true,"valueName":"search_term_string"}}],"inLanguage":"fr-FR"},{"@type":["Person","Organization"],"@id":"https:\/\/aoieir.jp\/fr\/#\/schema\/person\/437374393ab4355b85a528af6409f442","name":"\u85cd\u4e95\u30a8\u30a4\u30eb","image":{"@type":"ImageObject","inLanguage":"fr-FR","@id":"https:\/\/aoieir.jp\/cms\/wp-content\/uploads\/2024\/03\/icon.png","url":"https:\/\/aoieir.jp\/cms\/wp-content\/uploads\/2024\/03\/icon.png","contentUrl":"https:\/\/aoieir.jp\/cms\/wp-content\/uploads\/2024\/03\/icon.png","width":512,"height":512,"caption":"\u85cd\u4e95\u30a8\u30a4\u30eb"},"logo":{"@id":"https:\/\/aoieir.jp\/cms\/wp-content\/uploads\/2024\/03\/icon.png"},"sameAs":["https:\/\/aoieir.jp\/"]}]}},"_links":{"self":[{"href":"https:\/\/aoieir.jp\/fr\/wp-json\/wp\/v2\/pages\/625","targetHints":{"allow":["GET"]}}],"collection":[{"href":"https:\/\/aoieir.jp\/fr\/wp-json\/wp\/v2\/pages"}],"about":[{"href":"https:\/\/aoieir.jp\/fr\/wp-json\/wp\/v2\/types\/page"}],"author":[{"embeddable":true,"href":"https:\/\/aoieir.jp\/fr\/wp-json\/wp\/v2\/users\/1"}],"replies":[{"embeddable":true,"href":"https:\/\/aoieir.jp\/fr\/wp-json\/wp\/v2\/comments?post=625"}],"version-history":[{"count":1,"href":"https:\/\/aoieir.jp\/fr\/wp-json\/wp\/v2\/pages\/625\/revisions"}],"predecessor-version":[{"id":631,"href":"https:\/\/aoieir.jp\/fr\/wp-json\/wp\/v2\/pages\/625\/revisions\/631"}],"wp:attachment":[{"href":"https:\/\/aoieir.jp\/fr\/wp-json\/wp\/v2\/media?parent=625"}],"curies":[{"name":"wp","href":"https:\/\/api.w.org\/{rel}","templated":true}]}}