{"id":3314,"date":"2025-05-16T12:00:00","date_gmt":"2025-05-16T03:00:00","guid":{"rendered":"https:\/\/aoieir.jp\/eirs-day-2025-indigo-summer-festival\/"},"modified":"2025-05-16T12:00:00","modified_gmt":"2025-05-16T03:00:00","slug":"eirs-day-2025-indigo-summer-festival","status":"publish","type":"page","link":"https:\/\/aoieir.jp\/fr\/eirs-day-2025-indigo-summer-festival\/","title":{"rendered":"EIR&rsquo;S DAY 2025 \u00ab\u00a0Indigo Summer Festival\u00a0\u00bb."},"content":{"rendered":"","protected":false},"excerpt":{"rendered":"","protected":false},"author":1,"featured_media":3291,"parent":0,"menu_order":0,"comment_status":"closed","ping_status":"closed","template":"","meta":{"_acf_changed":false,"footnotes":""},"class_list":["post-3314","page","type-page","status-publish","has-post-thumbnail","hentry"],"acf":[],"yoast_head":"<!-- This site is optimized with the Yoast SEO plugin v27.2 - https:\/\/yoast.com\/product\/yoast-seo-wordpress\/ -->\n<title>EIR&#039;S DAY 2025 &quot;Indigo Summer Festival&quot;. - Eir Aoi OFFICIAL SITE since 2024-<\/title>\n<meta name=\"description\" content=\"Le th\u00e8me de 2025 est &quot;Ai Ii Natsu Matsuri&quot; (Festival d&#039;\u00e9t\u00e9 bleu), avec une performance en direct de type groupe dans la premi\u00e8re partie et un enregistrement ouvert d&#039;EIR CONNECT (contenu de distribution FC uniquement) sur la sc\u00e8ne de discussion dans la deuxi\u00e8me partie ! Profitez de la distance et de l&#039;atmosph\u00e8re que seule une maison en direct peut offrir.\" \/>\n<meta name=\"robots\" content=\"index, follow, max-snippet:-1, max-image-preview:large, max-video-preview:-1\" \/>\n<link rel=\"canonical\" href=\"https:\/\/aoieir.jp\/fr\/eirs-day-2025-indigo-summer-festival\/\" \/>\n<meta property=\"og:locale\" content=\"fr_FR\" \/>\n<meta property=\"og:type\" content=\"article\" \/>\n<meta property=\"og:title\" content=\"EIR&#039;S DAY 2025 &quot;Indigo Summer Festival&quot;. - Eir Aoi OFFICIAL SITE since 2024-\" \/>\n<meta property=\"og:description\" content=\"Le th\u00e8me de 2025 est &quot;Ai Ii Natsu Matsuri&quot; (Festival d&#039;\u00e9t\u00e9 bleu), avec une performance en direct de type groupe dans la premi\u00e8re partie et un enregistrement ouvert d&#039;EIR CONNECT (contenu de distribution FC uniquement) sur la sc\u00e8ne de discussion dans la deuxi\u00e8me partie ! Profitez de la distance et de l&#039;atmosph\u00e8re que seule une maison en direct peut offrir.\" \/>\n<meta property=\"og:url\" content=\"https:\/\/aoieir.jp\/fr\/eirs-day-2025-indigo-summer-festival\/\" \/>\n<meta property=\"og:site_name\" content=\"Eir Aoi OFFICIAL SITE since 2024-\" \/>\n<meta property=\"og:image\" content=\"https:\/\/aoieir.jp\/cms\/wp-content\/uploads\/2025\/05\/eirsday2025.webp\" \/>\n\t<meta property=\"og:image:width\" content=\"1200\" \/>\n\t<meta property=\"og:image:height\" content=\"900\" \/>\n\t<meta property=\"og:image:type\" content=\"image\/webp\" \/>\n<meta name=\"twitter:card\" content=\"summary_large_image\" \/>\n<script type=\"application\/ld+json\" class=\"yoast-schema-graph\">{\"@context\":\"https:\/\/schema.org\",\"@graph\":[{\"@type\":\"WebPage\",\"@id\":\"https:\/\/aoieir.jp\/fr\/eirs-day-2025-indigo-summer-festival\/\",\"url\":\"https:\/\/aoieir.jp\/fr\/eirs-day-2025-indigo-summer-festival\/\",\"name\":\"EIR'S DAY 2025 \\\"Indigo Summer Festival\\\". - Eir Aoi OFFICIAL SITE since 2024-\",\"isPartOf\":{\"@id\":\"https:\/\/aoieir.jp\/fr\/#website\"},\"primaryImageOfPage\":{\"@id\":\"https:\/\/aoieir.jp\/fr\/eirs-day-2025-indigo-summer-festival\/#primaryimage\"},\"image\":{\"@id\":\"https:\/\/aoieir.jp\/fr\/eirs-day-2025-indigo-summer-festival\/#primaryimage\"},\"thumbnailUrl\":\"https:\/\/aoieir.jp\/cms\/wp-content\/uploads\/2025\/05\/eirsday2025.webp\",\"datePublished\":\"2025-05-16T03:00:00+00:00\",\"description\":\"Le th\u00e8me de 2025 est \\\"Ai Ii Natsu Matsuri\\\" (Festival d'\u00e9t\u00e9 bleu), avec une performance en direct de type groupe dans la premi\u00e8re partie et un enregistrement ouvert d'EIR CONNECT (contenu de distribution FC uniquement) sur la sc\u00e8ne de discussion dans la deuxi\u00e8me partie ! Profitez de la distance et de l'atmosph\u00e8re que seule une maison en direct peut offrir.\",\"breadcrumb\":{\"@id\":\"https:\/\/aoieir.jp\/fr\/eirs-day-2025-indigo-summer-festival\/#breadcrumb\"},\"inLanguage\":\"fr-FR\",\"potentialAction\":[{\"@type\":\"ReadAction\",\"target\":[\"https:\/\/aoieir.jp\/fr\/eirs-day-2025-indigo-summer-festival\/\"]}]},{\"@type\":\"ImageObject\",\"inLanguage\":\"fr-FR\",\"@id\":\"https:\/\/aoieir.jp\/fr\/eirs-day-2025-indigo-summer-festival\/#primaryimage\",\"url\":\"https:\/\/aoieir.jp\/cms\/wp-content\/uploads\/2025\/05\/eirsday2025.webp\",\"contentUrl\":\"https:\/\/aoieir.jp\/cms\/wp-content\/uploads\/2025\/05\/eirsday2025.webp\",\"width\":1200,\"height\":900},{\"@type\":\"BreadcrumbList\",\"@id\":\"https:\/\/aoieir.jp\/fr\/eirs-day-2025-indigo-summer-festival\/#breadcrumb\",\"itemListElement\":[{\"@type\":\"ListItem\",\"position\":1,\"name\":\"\u30db\u30fc\u30e0\",\"item\":\"https:\/\/aoieir.jp\/fr\/accueil\/\"},{\"@type\":\"ListItem\",\"position\":2,\"name\":\"EIR&rsquo;S DAY 2025 \u00ab\u00a0Indigo Summer Festival\u00a0\u00bb.\"}]},{\"@type\":\"WebSite\",\"@id\":\"https:\/\/aoieir.jp\/fr\/#website\",\"url\":\"https:\/\/aoieir.jp\/fr\/\",\"name\":\"\u85cd\u4e95\u30a8\u30a4\u30eb \/ Eir Aoi OFFICIAL SITE since 2024-\",\"description\":\"\",\"publisher\":{\"@id\":\"https:\/\/aoieir.jp\/fr\/#\/schema\/person\/437374393ab4355b85a528af6409f442\"},\"potentialAction\":[{\"@type\":\"SearchAction\",\"target\":{\"@type\":\"EntryPoint\",\"urlTemplate\":\"https:\/\/aoieir.jp\/fr\/?s={search_term_string}\"},\"query-input\":{\"@type\":\"PropertyValueSpecification\",\"valueRequired\":true,\"valueName\":\"search_term_string\"}}],\"inLanguage\":\"fr-FR\"},{\"@type\":[\"Person\",\"Organization\"],\"@id\":\"https:\/\/aoieir.jp\/fr\/#\/schema\/person\/437374393ab4355b85a528af6409f442\",\"name\":\"\u85cd\u4e95\u30a8\u30a4\u30eb\",\"image\":{\"@type\":\"ImageObject\",\"inLanguage\":\"fr-FR\",\"@id\":\"https:\/\/aoieir.jp\/cms\/wp-content\/uploads\/2024\/03\/icon.png\",\"url\":\"https:\/\/aoieir.jp\/cms\/wp-content\/uploads\/2024\/03\/icon.png\",\"contentUrl\":\"https:\/\/aoieir.jp\/cms\/wp-content\/uploads\/2024\/03\/icon.png\",\"width\":512,\"height\":512,\"caption\":\"\u85cd\u4e95\u30a8\u30a4\u30eb\"},\"logo\":{\"@id\":\"https:\/\/aoieir.jp\/cms\/wp-content\/uploads\/2024\/03\/icon.png\"},\"sameAs\":[\"https:\/\/aoieir.jp\/\"]}]}<\/script>\n<!-- \/ Yoast SEO plugin. -->","yoast_head_json":{"title":"EIR'S DAY 2025 \"Indigo Summer Festival\". - Eir Aoi OFFICIAL SITE since 2024-","description":"Le th\u00e8me de 2025 est \"Ai Ii Natsu Matsuri\" (Festival d'\u00e9t\u00e9 bleu), avec une performance en direct de type groupe dans la premi\u00e8re partie et un enregistrement ouvert d'EIR CONNECT (contenu de distribution FC uniquement) sur la sc\u00e8ne de discussion dans la deuxi\u00e8me partie ! Profitez de la distance et de l'atmosph\u00e8re que seule une maison en direct peut offrir.","robots":{"index":"index","follow":"follow","max-snippet":"max-snippet:-1","max-image-preview":"max-image-preview:large","max-video-preview":"max-video-preview:-1"},"canonical":"https:\/\/aoieir.jp\/fr\/eirs-day-2025-indigo-summer-festival\/","og_locale":"fr_FR","og_type":"article","og_title":"EIR'S DAY 2025 \"Indigo Summer Festival\". - Eir Aoi OFFICIAL SITE since 2024-","og_description":"Le th\u00e8me de 2025 est \"Ai Ii Natsu Matsuri\" (Festival d'\u00e9t\u00e9 bleu), avec une performance en direct de type groupe dans la premi\u00e8re partie et un enregistrement ouvert d'EIR CONNECT (contenu de distribution FC uniquement) sur la sc\u00e8ne de discussion dans la deuxi\u00e8me partie ! Profitez de la distance et de l'atmosph\u00e8re que seule une maison en direct peut offrir.","og_url":"https:\/\/aoieir.jp\/fr\/eirs-day-2025-indigo-summer-festival\/","og_site_name":"Eir Aoi OFFICIAL SITE since 2024-","og_image":[{"width":1200,"height":900,"url":"https:\/\/aoieir.jp\/cms\/wp-content\/uploads\/2025\/05\/eirsday2025.webp","type":"image\/webp"}],"twitter_card":"summary_large_image","schema":{"@context":"https:\/\/schema.org","@graph":[{"@type":"WebPage","@id":"https:\/\/aoieir.jp\/fr\/eirs-day-2025-indigo-summer-festival\/","url":"https:\/\/aoieir.jp\/fr\/eirs-day-2025-indigo-summer-festival\/","name":"EIR'S DAY 2025 \"Indigo Summer Festival\". - Eir Aoi OFFICIAL SITE since 2024-","isPartOf":{"@id":"https:\/\/aoieir.jp\/fr\/#website"},"primaryImageOfPage":{"@id":"https:\/\/aoieir.jp\/fr\/eirs-day-2025-indigo-summer-festival\/#primaryimage"},"image":{"@id":"https:\/\/aoieir.jp\/fr\/eirs-day-2025-indigo-summer-festival\/#primaryimage"},"thumbnailUrl":"https:\/\/aoieir.jp\/cms\/wp-content\/uploads\/2025\/05\/eirsday2025.webp","datePublished":"2025-05-16T03:00:00+00:00","description":"Le th\u00e8me de 2025 est \"Ai Ii Natsu Matsuri\" (Festival d'\u00e9t\u00e9 bleu), avec une performance en direct de type groupe dans la premi\u00e8re partie et un enregistrement ouvert d'EIR CONNECT (contenu de distribution FC uniquement) sur la sc\u00e8ne de discussion dans la deuxi\u00e8me partie ! Profitez de la distance et de l'atmosph\u00e8re que seule une maison en direct peut offrir.","breadcrumb":{"@id":"https:\/\/aoieir.jp\/fr\/eirs-day-2025-indigo-summer-festival\/#breadcrumb"},"inLanguage":"fr-FR","potentialAction":[{"@type":"ReadAction","target":["https:\/\/aoieir.jp\/fr\/eirs-day-2025-indigo-summer-festival\/"]}]},{"@type":"ImageObject","inLanguage":"fr-FR","@id":"https:\/\/aoieir.jp\/fr\/eirs-day-2025-indigo-summer-festival\/#primaryimage","url":"https:\/\/aoieir.jp\/cms\/wp-content\/uploads\/2025\/05\/eirsday2025.webp","contentUrl":"https:\/\/aoieir.jp\/cms\/wp-content\/uploads\/2025\/05\/eirsday2025.webp","width":1200,"height":900},{"@type":"BreadcrumbList","@id":"https:\/\/aoieir.jp\/fr\/eirs-day-2025-indigo-summer-festival\/#breadcrumb","itemListElement":[{"@type":"ListItem","position":1,"name":"\u30db\u30fc\u30e0","item":"https:\/\/aoieir.jp\/fr\/accueil\/"},{"@type":"ListItem","position":2,"name":"EIR&rsquo;S DAY 2025 \u00ab\u00a0Indigo Summer Festival\u00a0\u00bb."}]},{"@type":"WebSite","@id":"https:\/\/aoieir.jp\/fr\/#website","url":"https:\/\/aoieir.jp\/fr\/","name":"\u85cd\u4e95\u30a8\u30a4\u30eb \/ Eir Aoi OFFICIAL SITE since 2024-","description":"","publisher":{"@id":"https:\/\/aoieir.jp\/fr\/#\/schema\/person\/437374393ab4355b85a528af6409f442"},"potentialAction":[{"@type":"SearchAction","target":{"@type":"EntryPoint","urlTemplate":"https:\/\/aoieir.jp\/fr\/?s={search_term_string}"},"query-input":{"@type":"PropertyValueSpecification","valueRequired":true,"valueName":"search_term_string"}}],"inLanguage":"fr-FR"},{"@type":["Person","Organization"],"@id":"https:\/\/aoieir.jp\/fr\/#\/schema\/person\/437374393ab4355b85a528af6409f442","name":"\u85cd\u4e95\u30a8\u30a4\u30eb","image":{"@type":"ImageObject","inLanguage":"fr-FR","@id":"https:\/\/aoieir.jp\/cms\/wp-content\/uploads\/2024\/03\/icon.png","url":"https:\/\/aoieir.jp\/cms\/wp-content\/uploads\/2024\/03\/icon.png","contentUrl":"https:\/\/aoieir.jp\/cms\/wp-content\/uploads\/2024\/03\/icon.png","width":512,"height":512,"caption":"\u85cd\u4e95\u30a8\u30a4\u30eb"},"logo":{"@id":"https:\/\/aoieir.jp\/cms\/wp-content\/uploads\/2024\/03\/icon.png"},"sameAs":["https:\/\/aoieir.jp\/"]}]}},"_links":{"self":[{"href":"https:\/\/aoieir.jp\/fr\/wp-json\/wp\/v2\/pages\/3314","targetHints":{"allow":["GET"]}}],"collection":[{"href":"https:\/\/aoieir.jp\/fr\/wp-json\/wp\/v2\/pages"}],"about":[{"href":"https:\/\/aoieir.jp\/fr\/wp-json\/wp\/v2\/types\/page"}],"author":[{"embeddable":true,"href":"https:\/\/aoieir.jp\/fr\/wp-json\/wp\/v2\/users\/1"}],"replies":[{"embeddable":true,"href":"https:\/\/aoieir.jp\/fr\/wp-json\/wp\/v2\/comments?post=3314"}],"version-history":[{"count":0,"href":"https:\/\/aoieir.jp\/fr\/wp-json\/wp\/v2\/pages\/3314\/revisions"}],"wp:featuredmedia":[{"embeddable":true,"href":"https:\/\/aoieir.jp\/fr\/wp-json\/wp\/v2\/media\/3291"}],"wp:attachment":[{"href":"https:\/\/aoieir.jp\/fr\/wp-json\/wp\/v2\/media?parent=3314"}],"curies":[{"name":"wp","href":"https:\/\/api.w.org\/{rel}","templated":true}]}}