{"id":2668,"date":"2024-12-19T17:29:06","date_gmt":"2024-12-19T08:29:06","guid":{"rendered":"https:\/\/aoieir.jp\/eir-aoi-guild-live-2025-blue-flair\/"},"modified":"2025-01-09T16:57:33","modified_gmt":"2025-01-09T07:57:33","slug":"eir-aoi-guild-live-2025-blue-flair","status":"publish","type":"page","link":"https:\/\/aoieir.jp\/fr\/eir-aoi-guild-live-2025-blue-flair\/","title":{"rendered":"EIR AOI GUILD LIVE 2025 \u00ab\u00a0BLUE FLAiR\u00a0\u00bb."},"content":{"rendered":"","protected":false},"excerpt":{"rendered":"","protected":false},"author":1,"featured_media":2660,"parent":0,"menu_order":0,"comment_status":"closed","ping_status":"closed","template":"","meta":{"_acf_changed":false,"footnotes":""},"class_list":["post-2668","page","type-page","status-publish","has-post-thumbnail","hentry"],"acf":[],"yoast_head":"<!-- This site is optimized with the Yoast SEO plugin v27.2 - https:\/\/yoast.com\/product\/yoast-seo-wordpress\/ -->\n<title>EIR AOI GUILD LIVE 2025 &quot;BLUE FLAiR&quot;. - Eir Aoi OFFICIAL SITE since 2024-<\/title>\n<meta name=\"description\" content=\"Le premier concert solo d&#039;Aoi Eir depuis deux ans et demi, BLUE FLAiR, un spectacle r\u00e9serv\u00e9 aux membres du FC sur le th\u00e8me &quot;\u2ed8 Proof of the Existence of Talent&quot; (Preuve de l&#039;existence du talent).\" \/>\n<meta name=\"robots\" content=\"index, follow, max-snippet:-1, max-image-preview:large, max-video-preview:-1\" \/>\n<link rel=\"canonical\" href=\"https:\/\/aoieir.jp\/fr\/eir-aoi-guild-live-2025-blue-flair\/\" \/>\n<meta property=\"og:locale\" content=\"fr_FR\" \/>\n<meta property=\"og:type\" content=\"article\" \/>\n<meta property=\"og:title\" content=\"EIR AOI GUILD LIVE 2025 &quot;BLUE FLAiR&quot;. - Eir Aoi OFFICIAL SITE since 2024-\" \/>\n<meta property=\"og:description\" content=\"Le premier concert solo d&#039;Aoi Eir depuis deux ans et demi, BLUE FLAiR, un spectacle r\u00e9serv\u00e9 aux membres du FC sur le th\u00e8me &quot;\u2ed8 Proof of the Existence of Talent&quot; (Preuve de l&#039;existence du talent).\" \/>\n<meta property=\"og:url\" content=\"https:\/\/aoieir.jp\/fr\/eir-aoi-guild-live-2025-blue-flair\/\" \/>\n<meta property=\"og:site_name\" content=\"Eir Aoi OFFICIAL SITE since 2024-\" \/>\n<meta property=\"article:modified_time\" content=\"2025-01-09T07:57:33+00:00\" \/>\n<meta property=\"og:image\" content=\"https:\/\/aoieir.jp\/cms\/wp-content\/uploads\/2024\/12\/ogp.jpg\" \/>\n\t<meta property=\"og:image:width\" content=\"1200\" \/>\n\t<meta property=\"og:image:height\" content=\"675\" \/>\n\t<meta property=\"og:image:type\" content=\"image\/jpeg\" \/>\n<meta name=\"twitter:card\" content=\"summary_large_image\" \/>\n<script type=\"application\/ld+json\" class=\"yoast-schema-graph\">{\"@context\":\"https:\/\/schema.org\",\"@graph\":[{\"@type\":\"WebPage\",\"@id\":\"https:\/\/aoieir.jp\/fr\/eir-aoi-guild-live-2025-blue-flair\/\",\"url\":\"https:\/\/aoieir.jp\/fr\/eir-aoi-guild-live-2025-blue-flair\/\",\"name\":\"EIR AOI GUILD LIVE 2025 \\\"BLUE FLAiR\\\". - Eir Aoi OFFICIAL SITE since 2024-\",\"isPartOf\":{\"@id\":\"https:\/\/aoieir.jp\/fr\/#website\"},\"primaryImageOfPage\":{\"@id\":\"https:\/\/aoieir.jp\/fr\/eir-aoi-guild-live-2025-blue-flair\/#primaryimage\"},\"image\":{\"@id\":\"https:\/\/aoieir.jp\/fr\/eir-aoi-guild-live-2025-blue-flair\/#primaryimage\"},\"thumbnailUrl\":\"https:\/\/aoieir.jp\/cms\/wp-content\/uploads\/2024\/12\/ogp.jpg\",\"datePublished\":\"2024-12-19T08:29:06+00:00\",\"dateModified\":\"2025-01-09T07:57:33+00:00\",\"description\":\"Le premier concert solo d'Aoi Eir depuis deux ans et demi, BLUE FLAiR, un spectacle r\u00e9serv\u00e9 aux membres du FC sur le th\u00e8me \\\"\u2ed8 Proof of the Existence of Talent\\\" (Preuve de l'existence du talent).\",\"breadcrumb\":{\"@id\":\"https:\/\/aoieir.jp\/fr\/eir-aoi-guild-live-2025-blue-flair\/#breadcrumb\"},\"inLanguage\":\"fr-FR\",\"potentialAction\":[{\"@type\":\"ReadAction\",\"target\":[\"https:\/\/aoieir.jp\/fr\/eir-aoi-guild-live-2025-blue-flair\/\"]}]},{\"@type\":\"ImageObject\",\"inLanguage\":\"fr-FR\",\"@id\":\"https:\/\/aoieir.jp\/fr\/eir-aoi-guild-live-2025-blue-flair\/#primaryimage\",\"url\":\"https:\/\/aoieir.jp\/cms\/wp-content\/uploads\/2024\/12\/ogp.jpg\",\"contentUrl\":\"https:\/\/aoieir.jp\/cms\/wp-content\/uploads\/2024\/12\/ogp.jpg\",\"width\":1200,\"height\":675,\"caption\":\"EiR AOI GUILD LIVE 2025 BLUE FLAiR\"},{\"@type\":\"BreadcrumbList\",\"@id\":\"https:\/\/aoieir.jp\/fr\/eir-aoi-guild-live-2025-blue-flair\/#breadcrumb\",\"itemListElement\":[{\"@type\":\"ListItem\",\"position\":1,\"name\":\"\u30db\u30fc\u30e0\",\"item\":\"https:\/\/aoieir.jp\/fr\/accueil\/\"},{\"@type\":\"ListItem\",\"position\":2,\"name\":\"EIR AOI GUILD LIVE 2025 &#171;BLUE FLAiR&#187;.\"}]},{\"@type\":\"WebSite\",\"@id\":\"https:\/\/aoieir.jp\/fr\/#website\",\"url\":\"https:\/\/aoieir.jp\/fr\/\",\"name\":\"\u85cd\u4e95\u30a8\u30a4\u30eb \/ Eir Aoi OFFICIAL SITE since 2024-\",\"description\":\"\",\"publisher\":{\"@id\":\"https:\/\/aoieir.jp\/fr\/#\/schema\/person\/437374393ab4355b85a528af6409f442\"},\"potentialAction\":[{\"@type\":\"SearchAction\",\"target\":{\"@type\":\"EntryPoint\",\"urlTemplate\":\"https:\/\/aoieir.jp\/fr\/?s={search_term_string}\"},\"query-input\":{\"@type\":\"PropertyValueSpecification\",\"valueRequired\":true,\"valueName\":\"search_term_string\"}}],\"inLanguage\":\"fr-FR\"},{\"@type\":[\"Person\",\"Organization\"],\"@id\":\"https:\/\/aoieir.jp\/fr\/#\/schema\/person\/437374393ab4355b85a528af6409f442\",\"name\":\"\u85cd\u4e95\u30a8\u30a4\u30eb\",\"image\":{\"@type\":\"ImageObject\",\"inLanguage\":\"fr-FR\",\"@id\":\"https:\/\/aoieir.jp\/cms\/wp-content\/uploads\/2024\/03\/icon.png\",\"url\":\"https:\/\/aoieir.jp\/cms\/wp-content\/uploads\/2024\/03\/icon.png\",\"contentUrl\":\"https:\/\/aoieir.jp\/cms\/wp-content\/uploads\/2024\/03\/icon.png\",\"width\":512,\"height\":512,\"caption\":\"\u85cd\u4e95\u30a8\u30a4\u30eb\"},\"logo\":{\"@id\":\"https:\/\/aoieir.jp\/cms\/wp-content\/uploads\/2024\/03\/icon.png\"},\"sameAs\":[\"https:\/\/aoieir.jp\/\"]}]}<\/script>\n<!-- \/ Yoast SEO plugin. -->","yoast_head_json":{"title":"EIR AOI GUILD LIVE 2025 \"BLUE FLAiR\". - Eir Aoi OFFICIAL SITE since 2024-","description":"Le premier concert solo d'Aoi Eir depuis deux ans et demi, BLUE FLAiR, un spectacle r\u00e9serv\u00e9 aux membres du FC sur le th\u00e8me \"\u2ed8 Proof of the Existence of Talent\" (Preuve de l'existence du talent).","robots":{"index":"index","follow":"follow","max-snippet":"max-snippet:-1","max-image-preview":"max-image-preview:large","max-video-preview":"max-video-preview:-1"},"canonical":"https:\/\/aoieir.jp\/fr\/eir-aoi-guild-live-2025-blue-flair\/","og_locale":"fr_FR","og_type":"article","og_title":"EIR AOI GUILD LIVE 2025 \"BLUE FLAiR\". - Eir Aoi OFFICIAL SITE since 2024-","og_description":"Le premier concert solo d'Aoi Eir depuis deux ans et demi, BLUE FLAiR, un spectacle r\u00e9serv\u00e9 aux membres du FC sur le th\u00e8me \"\u2ed8 Proof of the Existence of Talent\" (Preuve de l'existence du talent).","og_url":"https:\/\/aoieir.jp\/fr\/eir-aoi-guild-live-2025-blue-flair\/","og_site_name":"Eir Aoi OFFICIAL SITE since 2024-","article_modified_time":"2025-01-09T07:57:33+00:00","og_image":[{"width":1200,"height":675,"url":"https:\/\/aoieir.jp\/cms\/wp-content\/uploads\/2024\/12\/ogp.jpg","type":"image\/jpeg"}],"twitter_card":"summary_large_image","schema":{"@context":"https:\/\/schema.org","@graph":[{"@type":"WebPage","@id":"https:\/\/aoieir.jp\/fr\/eir-aoi-guild-live-2025-blue-flair\/","url":"https:\/\/aoieir.jp\/fr\/eir-aoi-guild-live-2025-blue-flair\/","name":"EIR AOI GUILD LIVE 2025 \"BLUE FLAiR\". - Eir Aoi OFFICIAL SITE since 2024-","isPartOf":{"@id":"https:\/\/aoieir.jp\/fr\/#website"},"primaryImageOfPage":{"@id":"https:\/\/aoieir.jp\/fr\/eir-aoi-guild-live-2025-blue-flair\/#primaryimage"},"image":{"@id":"https:\/\/aoieir.jp\/fr\/eir-aoi-guild-live-2025-blue-flair\/#primaryimage"},"thumbnailUrl":"https:\/\/aoieir.jp\/cms\/wp-content\/uploads\/2024\/12\/ogp.jpg","datePublished":"2024-12-19T08:29:06+00:00","dateModified":"2025-01-09T07:57:33+00:00","description":"Le premier concert solo d'Aoi Eir depuis deux ans et demi, BLUE FLAiR, un spectacle r\u00e9serv\u00e9 aux membres du FC sur le th\u00e8me \"\u2ed8 Proof of the Existence of Talent\" (Preuve de l'existence du talent).","breadcrumb":{"@id":"https:\/\/aoieir.jp\/fr\/eir-aoi-guild-live-2025-blue-flair\/#breadcrumb"},"inLanguage":"fr-FR","potentialAction":[{"@type":"ReadAction","target":["https:\/\/aoieir.jp\/fr\/eir-aoi-guild-live-2025-blue-flair\/"]}]},{"@type":"ImageObject","inLanguage":"fr-FR","@id":"https:\/\/aoieir.jp\/fr\/eir-aoi-guild-live-2025-blue-flair\/#primaryimage","url":"https:\/\/aoieir.jp\/cms\/wp-content\/uploads\/2024\/12\/ogp.jpg","contentUrl":"https:\/\/aoieir.jp\/cms\/wp-content\/uploads\/2024\/12\/ogp.jpg","width":1200,"height":675,"caption":"EiR AOI GUILD LIVE 2025 BLUE FLAiR"},{"@type":"BreadcrumbList","@id":"https:\/\/aoieir.jp\/fr\/eir-aoi-guild-live-2025-blue-flair\/#breadcrumb","itemListElement":[{"@type":"ListItem","position":1,"name":"\u30db\u30fc\u30e0","item":"https:\/\/aoieir.jp\/fr\/accueil\/"},{"@type":"ListItem","position":2,"name":"EIR AOI GUILD LIVE 2025 &#171;BLUE FLAiR&#187;."}]},{"@type":"WebSite","@id":"https:\/\/aoieir.jp\/fr\/#website","url":"https:\/\/aoieir.jp\/fr\/","name":"\u85cd\u4e95\u30a8\u30a4\u30eb \/ Eir Aoi OFFICIAL SITE since 2024-","description":"","publisher":{"@id":"https:\/\/aoieir.jp\/fr\/#\/schema\/person\/437374393ab4355b85a528af6409f442"},"potentialAction":[{"@type":"SearchAction","target":{"@type":"EntryPoint","urlTemplate":"https:\/\/aoieir.jp\/fr\/?s={search_term_string}"},"query-input":{"@type":"PropertyValueSpecification","valueRequired":true,"valueName":"search_term_string"}}],"inLanguage":"fr-FR"},{"@type":["Person","Organization"],"@id":"https:\/\/aoieir.jp\/fr\/#\/schema\/person\/437374393ab4355b85a528af6409f442","name":"\u85cd\u4e95\u30a8\u30a4\u30eb","image":{"@type":"ImageObject","inLanguage":"fr-FR","@id":"https:\/\/aoieir.jp\/cms\/wp-content\/uploads\/2024\/03\/icon.png","url":"https:\/\/aoieir.jp\/cms\/wp-content\/uploads\/2024\/03\/icon.png","contentUrl":"https:\/\/aoieir.jp\/cms\/wp-content\/uploads\/2024\/03\/icon.png","width":512,"height":512,"caption":"\u85cd\u4e95\u30a8\u30a4\u30eb"},"logo":{"@id":"https:\/\/aoieir.jp\/cms\/wp-content\/uploads\/2024\/03\/icon.png"},"sameAs":["https:\/\/aoieir.jp\/"]}]}},"_links":{"self":[{"href":"https:\/\/aoieir.jp\/fr\/wp-json\/wp\/v2\/pages\/2668","targetHints":{"allow":["GET"]}}],"collection":[{"href":"https:\/\/aoieir.jp\/fr\/wp-json\/wp\/v2\/pages"}],"about":[{"href":"https:\/\/aoieir.jp\/fr\/wp-json\/wp\/v2\/types\/page"}],"author":[{"embeddable":true,"href":"https:\/\/aoieir.jp\/fr\/wp-json\/wp\/v2\/users\/1"}],"replies":[{"embeddable":true,"href":"https:\/\/aoieir.jp\/fr\/wp-json\/wp\/v2\/comments?post=2668"}],"version-history":[{"count":1,"href":"https:\/\/aoieir.jp\/fr\/wp-json\/wp\/v2\/pages\/2668\/revisions"}],"predecessor-version":[{"id":2678,"href":"https:\/\/aoieir.jp\/fr\/wp-json\/wp\/v2\/pages\/2668\/revisions\/2678"}],"wp:featuredmedia":[{"embeddable":true,"href":"https:\/\/aoieir.jp\/fr\/wp-json\/wp\/v2\/media\/2660"}],"wp:attachment":[{"href":"https:\/\/aoieir.jp\/fr\/wp-json\/wp\/v2\/media?parent=2668"}],"curies":[{"name":"wp","href":"https:\/\/api.w.org\/{rel}","templated":true}]}}