{"id":671,"date":"2024-03-07T13:13:44","date_gmt":"2024-03-07T04:13:44","guid":{"rendered":"https:\/\/aoieir.jp\/politica-del-sitio\/"},"modified":"2024-04-19T12:53:18","modified_gmt":"2024-04-19T03:53:18","slug":"politica-del-sitio","status":"publish","type":"page","link":"https:\/\/aoieir.jp\/es\/politica-del-sitio\/","title":{"rendered":"POL\u00cdTICA DEL SITIO"},"content":{"rendered":"\n<p>Lee atentamente lo siguiente antes de utilizar el sitio web oficial de Aoi Eir (el \u00abSitio Web\u00bb).<br\/>Al utilizar este sitio web, aceptas los t\u00e9rminos de lo siguiente. Si no est\u00e1s de acuerdo con el contenido de la pol\u00edtica del sitio, no lo utilices. <\/p>\n\n<h2 class=\"wp-block-heading\">Derechos de autor y marcas registradas<\/h2>\n\n<p>Los derechos de autor y otros derechos sobre todo el contenido (im\u00e1genes, texto, v\u00eddeos, etc.) de este sitio web pertenecen a Aoi Eir y MONSTAR design Inc (en adelante, \u00abla Empresa\u00bb). Queda terminantemente prohibida la venta, edici\u00f3n, reproducci\u00f3n, reimpresi\u00f3n, distribuci\u00f3n o transmisi\u00f3n p\u00fablica de los contenidos de este sitio web, en su totalidad o en parte, sin el permiso del titular de los derechos de autor. <\/p>\n\n<h2 class=\"wp-block-heading\">Descargo de responsabilidad.<\/h2>\n\n<ul class=\"wp-block-list\">\n<li>Aunque la Empresa ha revisado y verificado minuciosamente la informaci\u00f3n de este sitio web, no garantiza la exactitud, utilidad, seguridad o cualquier otro aspecto del contenido.<\/li>\n\n\n\n<li>La informaci\u00f3n de este sitio web s\u00f3lo est\u00e1 actualizada en el momento de su publicaci\u00f3n y puede no corresponderse con la informaci\u00f3n real publicada a lo largo del tiempo.<\/li>\n\n\n\n<li>En el improbable caso de que se produzca alg\u00fan da\u00f1o como consecuencia del uso o de la imposibilidad de usar el contenido de este sitio web, la Empresa no ser\u00e1 responsable en modo alguno.<\/li>\n\n\n\n<li>El contenido y la estructura de los datos y dem\u00e1s informaci\u00f3n de este sitio web pueden cambiar, modificarse o interrumpirse sin previo aviso. Ten en cuenta que la informaci\u00f3n de este sitio web est\u00e1 sujeta a cambios, modificaciones o interrupciones sin previo aviso.<\/li>\n\n\n\n<li>Si el usuario causa da\u00f1os al sitio web o a la Empresa debido a un acto contrario a las Condiciones de uso o de otro tipo, el usuario deber\u00e1 indemnizar a la Empresa por dichos da\u00f1os.<\/li>\n\n\n\n<li>Si cualquier uso que infrinja las prohibiciones es recogido por sitios web de noticias externos o por los medios de comunicaci\u00f3n o difundido en sitios de redes sociales, el usuario ser\u00e1 responsable de solicitar la eliminaci\u00f3n de dichos art\u00edculos, etc. o de solicitar que dejen de publicarse.<\/li>\n<\/ul>\n\n<h2 class=\"wp-block-heading\">Ley aplicable y tribunal competente  <\/h2>\n\n<ul class=\"wp-block-list\" id=\"block-c1ff77fb-d9f9-41cc-a395-19068c5ee26c\">\n<li>Estas Condiciones y el Contrato de Servicio se rigen por la legislaci\u00f3n japonesa.<\/li>\n\n\n\n<li>El Tribunal de Distrito de Sapporo tendr\u00e1 jurisdicci\u00f3n exclusiva en primera instancia sobre cualquier disputa que surja de o en relaci\u00f3n con estos T\u00e9rminos y Condiciones o el Contrato de Servicio.<\/li>\n<\/ul>\n\n<h2 class=\"wp-block-heading\">Sobre el enlace.<\/h2>\n\n<ul class=\"wp-block-list\">\n<li>Enlaces externos desde este sitio web  <br\/>Este sitio web contiene enlaces (enlaces externos) a sitios web gestionados por empresas e instituciones distintas de la Empresa, pero la Empresa no respalda los sitios web enlazados. No somos responsables del tratamiento de los datos personales ni del contenido de los enlaces externos. <\/li>\n\n\n\n<li>Enlaces a este sitio web<br>En principio, eres libre de establecer un enlace a este sitio web, ya sea comercial o no comercial, pero aseg\u00farate de que el enlace se establezca de forma que la pantalla cambie completamente a este sitio web o se abra una nueva ventana del navegador y se muestre este sitio web. Sin embargo, te rogamos que te abstengas de establecer enlaces que correspondan o puedan corresponder a cualquiera de los siguientes elementos\n<ul class=\"wp-block-list\">\n<li>Sitios web con contenidos que difamen o calumnien a la Empresa, a otras empresas (personas) u organizaciones, o que pretendan desacreditarlas.<\/li>\n\n\n\n<li>Sitios web que infrinjan o puedan infringir los derechos de autor, marcas registradas u otros derechos de propiedad intelectual, propiedad, privacidad, derechos de retrato u otros derechos de la Empresa, autores, otras empresas (personas) u otras organizaciones.<\/li>\n\n\n\n<li>Sitios Web que no dejan claro que el contenido es de la Empresa y pueden inducir a error a terceros, como cuando el Sitio Web se despliega dentro de un marco.<\/li>\n\n\n\n<li>Adem\u00e1s de los puntos anteriores, los sitios web que puedan violar las leyes y reglamentos, incluidas las leyes, ordenanzas y reglamentos, o el orden p\u00fablico y la moral, o que puedan interferir con el funcionamiento de este sitio web.<\/li>\n<\/ul>\n<\/li>\n<\/ul>\n\n<p>Ten en cuenta que la URL de este sitio web est\u00e1 sujeta a cambios sin previo aviso. <\/p>\n","protected":false},"excerpt":{"rendered":"<p>Lee atentamente lo siguiente antes de utilizar el sitio web oficial de Aoi Eir (el \u00abSitio Web\u00bb).Al utilizar este sitio web, aceptas los t\u00e9rminos de lo siguiente. Si no est\u00e1s de acuerdo con el contenido de la pol\u00edtica del sitio, no lo utilices. Derechos de autor y marcas registradas Los derechos de autor y otros derechos sobre todo el contenido (im\u00e1genes, texto, v\u00eddeos, etc.) de este sitio web pertenecen a Aoi Eir y MONSTAR design Inc (en adelante, \u00abla Empresa\u00bb).&hellip;<\/p>\n","protected":false},"author":1,"featured_media":0,"parent":0,"menu_order":0,"comment_status":"closed","ping_status":"closed","template":"","meta":{"_acf_changed":false,"footnotes":""},"class_list":["post-671","page","type-page","status-publish","hentry"],"acf":[],"yoast_head":"<!-- This site is optimized with the Yoast SEO plugin v27.2 - https:\/\/yoast.com\/product\/yoast-seo-wordpress\/ -->\n<title>POL\u00cdTICA DEL SITIO - Eir Aoi OFFICIAL SITE since 2024-<\/title>\n<meta name=\"robots\" content=\"index, follow, max-snippet:-1, max-image-preview:large, max-video-preview:-1\" \/>\n<link rel=\"canonical\" href=\"https:\/\/aoieir.jp\/es\/politica-del-sitio\/\" \/>\n<meta property=\"og:locale\" content=\"es_ES\" \/>\n<meta property=\"og:type\" content=\"article\" \/>\n<meta property=\"og:title\" content=\"POL\u00cdTICA DEL SITIO - Eir Aoi OFFICIAL SITE since 2024-\" \/>\n<meta property=\"og:description\" content=\"Lee atentamente lo siguiente antes de utilizar el sitio web oficial de Aoi Eir (el \u00abSitio Web\u00bb).Al utilizar este sitio web, aceptas los t\u00e9rminos de lo siguiente. Si no est\u00e1s de acuerdo con el contenido de la pol\u00edtica del sitio, no lo utilices. Derechos de autor y marcas registradas Los derechos de autor y otros derechos sobre todo el contenido (im\u00e1genes, texto, v\u00eddeos, etc.) de este sitio web pertenecen a Aoi Eir y MONSTAR design Inc (en adelante, \u00abla Empresa\u00bb).&hellip;\" \/>\n<meta property=\"og:url\" content=\"https:\/\/aoieir.jp\/es\/politica-del-sitio\/\" \/>\n<meta property=\"og:site_name\" content=\"Eir Aoi OFFICIAL SITE since 2024-\" \/>\n<meta property=\"article:modified_time\" content=\"2024-04-19T03:53:18+00:00\" \/>\n<meta property=\"og:image\" content=\"https:\/\/aoieir.jp\/cms\/wp-content\/uploads\/2024\/02\/ogp.jpg\" \/>\n\t<meta property=\"og:image:width\" content=\"1200\" \/>\n\t<meta property=\"og:image:height\" content=\"630\" \/>\n\t<meta property=\"og:image:type\" content=\"image\/jpeg\" \/>\n<meta name=\"twitter:card\" content=\"summary_large_image\" \/>\n<script type=\"application\/ld+json\" class=\"yoast-schema-graph\">{\"@context\":\"https:\/\/schema.org\",\"@graph\":[{\"@type\":\"WebPage\",\"@id\":\"https:\/\/aoieir.jp\/es\/politica-del-sitio\/\",\"url\":\"https:\/\/aoieir.jp\/es\/politica-del-sitio\/\",\"name\":\"POL\u00cdTICA DEL SITIO - Eir Aoi OFFICIAL SITE since 2024-\",\"isPartOf\":{\"@id\":\"https:\/\/aoieir.jp\/es\/#website\"},\"datePublished\":\"2024-03-07T04:13:44+00:00\",\"dateModified\":\"2024-04-19T03:53:18+00:00\",\"breadcrumb\":{\"@id\":\"https:\/\/aoieir.jp\/es\/politica-del-sitio\/#breadcrumb\"},\"inLanguage\":\"es\",\"potentialAction\":[{\"@type\":\"ReadAction\",\"target\":[\"https:\/\/aoieir.jp\/es\/politica-del-sitio\/\"]}]},{\"@type\":\"BreadcrumbList\",\"@id\":\"https:\/\/aoieir.jp\/es\/politica-del-sitio\/#breadcrumb\",\"itemListElement\":[{\"@type\":\"ListItem\",\"position\":1,\"name\":\"\u30db\u30fc\u30e0\",\"item\":\"https:\/\/aoieir.jp\/es\/inicio\/\"},{\"@type\":\"ListItem\",\"position\":2,\"name\":\"POL\u00cdTICA DEL SITIO\"}]},{\"@type\":\"WebSite\",\"@id\":\"https:\/\/aoieir.jp\/es\/#website\",\"url\":\"https:\/\/aoieir.jp\/es\/\",\"name\":\"\u85cd\u4e95\u30a8\u30a4\u30eb \/ Eir Aoi OFFICIAL SITE since 2024-\",\"description\":\"\",\"publisher\":{\"@id\":\"https:\/\/aoieir.jp\/es\/#\/schema\/person\/437374393ab4355b85a528af6409f442\"},\"potentialAction\":[{\"@type\":\"SearchAction\",\"target\":{\"@type\":\"EntryPoint\",\"urlTemplate\":\"https:\/\/aoieir.jp\/es\/?s={search_term_string}\"},\"query-input\":{\"@type\":\"PropertyValueSpecification\",\"valueRequired\":true,\"valueName\":\"search_term_string\"}}],\"inLanguage\":\"es\"},{\"@type\":[\"Person\",\"Organization\"],\"@id\":\"https:\/\/aoieir.jp\/es\/#\/schema\/person\/437374393ab4355b85a528af6409f442\",\"name\":\"\u85cd\u4e95\u30a8\u30a4\u30eb\",\"image\":{\"@type\":\"ImageObject\",\"inLanguage\":\"es\",\"@id\":\"https:\/\/aoieir.jp\/cms\/wp-content\/uploads\/2024\/03\/icon.png\",\"url\":\"https:\/\/aoieir.jp\/cms\/wp-content\/uploads\/2024\/03\/icon.png\",\"contentUrl\":\"https:\/\/aoieir.jp\/cms\/wp-content\/uploads\/2024\/03\/icon.png\",\"width\":512,\"height\":512,\"caption\":\"\u85cd\u4e95\u30a8\u30a4\u30eb\"},\"logo\":{\"@id\":\"https:\/\/aoieir.jp\/cms\/wp-content\/uploads\/2024\/03\/icon.png\"},\"sameAs\":[\"https:\/\/aoieir.jp\/\"]}]}<\/script>\n<!-- \/ Yoast SEO plugin. -->","yoast_head_json":{"title":"POL\u00cdTICA DEL SITIO - Eir Aoi OFFICIAL SITE since 2024-","robots":{"index":"index","follow":"follow","max-snippet":"max-snippet:-1","max-image-preview":"max-image-preview:large","max-video-preview":"max-video-preview:-1"},"canonical":"https:\/\/aoieir.jp\/es\/politica-del-sitio\/","og_locale":"es_ES","og_type":"article","og_title":"POL\u00cdTICA DEL SITIO - Eir Aoi OFFICIAL SITE since 2024-","og_description":"Lee atentamente lo siguiente antes de utilizar el sitio web oficial de Aoi Eir (el \u00abSitio Web\u00bb).Al utilizar este sitio web, aceptas los t\u00e9rminos de lo siguiente. Si no est\u00e1s de acuerdo con el contenido de la pol\u00edtica del sitio, no lo utilices. Derechos de autor y marcas registradas Los derechos de autor y otros derechos sobre todo el contenido (im\u00e1genes, texto, v\u00eddeos, etc.) de este sitio web pertenecen a Aoi Eir y MONSTAR design Inc (en adelante, \u00abla Empresa\u00bb).&hellip;","og_url":"https:\/\/aoieir.jp\/es\/politica-del-sitio\/","og_site_name":"Eir Aoi OFFICIAL SITE since 2024-","article_modified_time":"2024-04-19T03:53:18+00:00","og_image":[{"width":1200,"height":630,"url":"https:\/\/aoieir.jp\/cms\/wp-content\/uploads\/2024\/02\/ogp.jpg","type":"image\/jpeg"}],"twitter_card":"summary_large_image","schema":{"@context":"https:\/\/schema.org","@graph":[{"@type":"WebPage","@id":"https:\/\/aoieir.jp\/es\/politica-del-sitio\/","url":"https:\/\/aoieir.jp\/es\/politica-del-sitio\/","name":"POL\u00cdTICA DEL SITIO - Eir Aoi OFFICIAL SITE since 2024-","isPartOf":{"@id":"https:\/\/aoieir.jp\/es\/#website"},"datePublished":"2024-03-07T04:13:44+00:00","dateModified":"2024-04-19T03:53:18+00:00","breadcrumb":{"@id":"https:\/\/aoieir.jp\/es\/politica-del-sitio\/#breadcrumb"},"inLanguage":"es","potentialAction":[{"@type":"ReadAction","target":["https:\/\/aoieir.jp\/es\/politica-del-sitio\/"]}]},{"@type":"BreadcrumbList","@id":"https:\/\/aoieir.jp\/es\/politica-del-sitio\/#breadcrumb","itemListElement":[{"@type":"ListItem","position":1,"name":"\u30db\u30fc\u30e0","item":"https:\/\/aoieir.jp\/es\/inicio\/"},{"@type":"ListItem","position":2,"name":"POL\u00cdTICA DEL SITIO"}]},{"@type":"WebSite","@id":"https:\/\/aoieir.jp\/es\/#website","url":"https:\/\/aoieir.jp\/es\/","name":"\u85cd\u4e95\u30a8\u30a4\u30eb \/ Eir Aoi OFFICIAL SITE since 2024-","description":"","publisher":{"@id":"https:\/\/aoieir.jp\/es\/#\/schema\/person\/437374393ab4355b85a528af6409f442"},"potentialAction":[{"@type":"SearchAction","target":{"@type":"EntryPoint","urlTemplate":"https:\/\/aoieir.jp\/es\/?s={search_term_string}"},"query-input":{"@type":"PropertyValueSpecification","valueRequired":true,"valueName":"search_term_string"}}],"inLanguage":"es"},{"@type":["Person","Organization"],"@id":"https:\/\/aoieir.jp\/es\/#\/schema\/person\/437374393ab4355b85a528af6409f442","name":"\u85cd\u4e95\u30a8\u30a4\u30eb","image":{"@type":"ImageObject","inLanguage":"es","@id":"https:\/\/aoieir.jp\/cms\/wp-content\/uploads\/2024\/03\/icon.png","url":"https:\/\/aoieir.jp\/cms\/wp-content\/uploads\/2024\/03\/icon.png","contentUrl":"https:\/\/aoieir.jp\/cms\/wp-content\/uploads\/2024\/03\/icon.png","width":512,"height":512,"caption":"\u85cd\u4e95\u30a8\u30a4\u30eb"},"logo":{"@id":"https:\/\/aoieir.jp\/cms\/wp-content\/uploads\/2024\/03\/icon.png"},"sameAs":["https:\/\/aoieir.jp\/"]}]}},"_links":{"self":[{"href":"https:\/\/aoieir.jp\/es\/wp-json\/wp\/v2\/pages\/671","targetHints":{"allow":["GET"]}}],"collection":[{"href":"https:\/\/aoieir.jp\/es\/wp-json\/wp\/v2\/pages"}],"about":[{"href":"https:\/\/aoieir.jp\/es\/wp-json\/wp\/v2\/types\/page"}],"author":[{"embeddable":true,"href":"https:\/\/aoieir.jp\/es\/wp-json\/wp\/v2\/users\/1"}],"replies":[{"embeddable":true,"href":"https:\/\/aoieir.jp\/es\/wp-json\/wp\/v2\/comments?post=671"}],"version-history":[{"count":1,"href":"https:\/\/aoieir.jp\/es\/wp-json\/wp\/v2\/pages\/671\/revisions"}],"predecessor-version":[{"id":686,"href":"https:\/\/aoieir.jp\/es\/wp-json\/wp\/v2\/pages\/671\/revisions\/686"}],"wp:attachment":[{"href":"https:\/\/aoieir.jp\/es\/wp-json\/wp\/v2\/media?parent=671"}],"curies":[{"name":"wp","href":"https:\/\/api.w.org\/{rel}","templated":true}]}}