{"id":650,"date":"2024-02-29T11:40:19","date_gmt":"2024-02-29T02:40:19","guid":{"rendered":"https:\/\/aoieir.jp\/contacto\/"},"modified":"2024-04-25T12:03:31","modified_gmt":"2024-04-25T03:03:31","slug":"contacto","status":"publish","type":"page","link":"https:\/\/aoieir.jp\/es\/contacto\/","title":{"rendered":"CONTACTO."},"content":{"rendered":"\n<p>Para consultas sobre entrevistas, apariciones, etc., utiliza el siguiente formulario.<br\/>Todos los datos introducidos son obligatorios.<br\/>Ten en cuenta que la respuesta puede tardar alg\u00fan tiempo.<\/p>\n\n<p>Consultas sobre entrevistas, apariciones, etc.<br\/>Solicitudes de actuaciones, eventos, etc.<br\/>Solicitudes de entrevistas para TV, revistas, etc.<br\/>Otros.<\/p>\n\n<p><!--<p>&#12394;&#12362;&#12289;&#12501;&#12449;&#12531;&#12463;&#12521;&#12502;&#12408;&#12398;&#12362;&#21839;&#12356;&#21512;&#12431;&#12379;&#12399;&#12371;&#12385;&#12425;&#12363;&#12425;&#12362;&#39000;&#12356;&#12375;&#12414;&#12377;&#12290;<br>&#12501;&#12449;&#12531;&#12463;&#12521;&#12502;&#12408;&#12398;&#12362;&#21839;&#12356;&#21512;&#12431;&#12379;&#12398;&#21069;&#12395;&#12414;&#12378;&#12399;&#12424;&#12367;&#12354;&#12427;&#36074;&#21839;&#12434;&#12372;&#35239;&#12367;&#12384;&#12373;&#12356;&#12290;<\/p>--><\/p>\n\n<h2 class=\"wp-block-heading\">CARTA DE ADMIRADOR \/ REGALO.<\/h2>\n\n<p>Las cartas de los fans y los regalos deben enviarse a<\/p>\n\n<p>4-5-29, Nijushiken 2-jo, Nishi-ku, Sapporo 063-0802<br\/>MONSTAR design Inc. dirigida a Eir Aoi<\/p>\n\n<pre class=\"wp-block-preformatted has-small-font-size\">*Por favor, indica tu nombre, direcci\u00f3n y n\u00famero de tel\u00e9fono.<br\/>*No podemos garantizar una respuesta.<br\/>Adem\u00e1s, dependiendo del regalo, es posible que no puedas recibirlo. Agradecer\u00edamos tu comprensi\u00f3n y cooperaci\u00f3n.<br\/>Ejemplos: organismos vivos, alimentos y bebidas, dinero en efectivo, mercanc\u00edas peligrosas, objetos demasiado grandes, etc.<\/pre>\n\n<h2 class=\"wp-block-heading\">FORMULARIO DE CONTACTO<\/h2>\n\n<div class=\"wpcf7 no-js\" id=\"wpcf7-f740-o1\" lang=\"es-ES\" dir=\"ltr\" data-wpcf7-id=\"740\">\n<div class=\"screen-reader-response\"><p role=\"status\" aria-live=\"polite\" aria-atomic=\"true\"><\/p> <ul><\/ul><\/div>\n<form action=\"\/es\/wp-json\/wp\/v2\/pages\/650#wpcf7-f740-o1\" method=\"post\" class=\"wpcf7-form init\" aria-label=\"Formulario de contacto\" novalidate=\"novalidate\" data-status=\"init\">\n<fieldset class=\"hidden-fields-container\"><input type=\"hidden\" name=\"_wpcf7\" value=\"740\" \/><input type=\"hidden\" name=\"_wpcf7_version\" value=\"6.1.5\" \/><input type=\"hidden\" name=\"_wpcf7_locale\" value=\"es_ES\" \/><input type=\"hidden\" name=\"_wpcf7_unit_tag\" value=\"wpcf7-f740-o1\" \/><input type=\"hidden\" name=\"_wpcf7_container_post\" value=\"0\" \/><input type=\"hidden\" name=\"_wpcf7_posted_data_hash\" value=\"\" \/>\n<\/fieldset>\n<p><label>Nombre de la empresa (nombre del medio)<br \/>\n<span class=\"wpcf7-form-control-wrap\" data-name=\"your-company\"><input size=\"40\" maxlength=\"400\" class=\"wpcf7-form-control wpcf7-text wpcf7-validates-as-required\" aria-required=\"true\" aria-invalid=\"false\" value=\"\" type=\"text\" name=\"your-company\" \/><\/span><\/label><br \/>\n<label>Tu nombre<br \/>\n<span class=\"wpcf7-form-control-wrap\" data-name=\"your-name\"><input size=\"40\" maxlength=\"400\" class=\"wpcf7-form-control wpcf7-text wpcf7-validates-as-required\" autocomplete=\"name\" aria-required=\"true\" aria-invalid=\"false\" value=\"\" type=\"text\" name=\"your-name\" \/><\/span><\/label><br \/>\n<label>direcci\u00f3n de correo electr\u00f3nico<br \/>\n<span class=\"wpcf7-form-control-wrap\" data-name=\"your-email\"><input size=\"40\" maxlength=\"400\" class=\"wpcf7-form-control wpcf7-email wpcf7-validates-as-required wpcf7-text wpcf7-validates-as-email\" autocomplete=\"email\" aria-required=\"true\" aria-invalid=\"false\" value=\"\" type=\"email\" name=\"your-email\" \/><\/span><\/label><br \/>\n<label>N\u00famero de tel\u00e9fono<br \/>\n<span class=\"wpcf7-form-control-wrap\" data-name=\"your-tel\"><input size=\"40\" maxlength=\"400\" class=\"wpcf7-form-control wpcf7-tel wpcf7-validates-as-required wpcf7-text wpcf7-validates-as-tel\" autocomplete=\"tel\" aria-required=\"true\" aria-invalid=\"false\" value=\"\" type=\"tel\" name=\"your-tel\" \/><\/span><\/label><br \/>\n<label>direcci\u00f3n (por ejemplo, de la casa)<br \/>\n<span class=\"wpcf7-form-control-wrap\" data-name=\"your-addr\"><input size=\"40\" maxlength=\"400\" class=\"wpcf7-form-control wpcf7-text wpcf7-validates-as-required\" aria-required=\"true\" aria-invalid=\"false\" value=\"\" type=\"text\" name=\"your-addr\" \/><\/span><\/label><br \/>\n<label>Detalles de la consulta (m\u00e1x. 2000 caracteres)<br \/>\n<span class=\"wpcf7-form-control-wrap\" data-name=\"your-message\"><textarea cols=\"40\" rows=\"10\" maxlength=\"2000\" class=\"wpcf7-form-control wpcf7-textarea wpcf7-validates-as-required\" aria-required=\"true\" aria-invalid=\"false\" name=\"your-message\"><\/textarea><\/span><\/label><br \/>\n<span class=\"wpcf7-form-control-wrap\" data-name=\"acceptance\"><span class=\"wpcf7-form-control wpcf7-acceptance optional\"><span class=\"wpcf7-list-item\"><label><input type=\"checkbox\" name=\"acceptance\" value=\"1\" aria-invalid=\"false\" \/><span class=\"wpcf7-list-item-label\">Acepto la <a href=\"\/privacy-policy\/\">pol\u00edtica de privacidad<\/a><\/span><\/label><\/span><\/span><\/span>\n<\/p>\n<div class=\"cf-turnstile-wrap\" style=\"padding:10px 0 10px 0\">\n\t<div  class=\"cf-turnstile\" data-sitekey=\"0x4AAAAAAAXeXp_YopP5WL4f\" data-theme=\"auto\">\n\t<\/div>\n<\/div>\n<p><span class='wpcf7-form-control-wrap' data-name='aiowps-captcha'><\/span><br \/>\n<input class=\"wpcf7-form-control wpcf7-submit has-spinner\" type=\"submit\" value=\"transmisi\u00f3n\" \/><br \/>\n<input class=\"wpcf7-form-control wpcf7-hidden\" value=\"consulta\" type=\"hidden\" name=\"your-subject\" \/>\n<\/p><div class=\"wpcf7-response-output\" aria-hidden=\"true\"><\/div>\n<\/form>\n<\/div>\n\n","protected":false},"excerpt":{"rendered":"<p>Para consultas sobre entrevistas, apariciones, etc., utiliza el siguiente formulario.Todos los datos introducidos son obligatorios.Ten en cuenta que la respuesta puede tardar alg\u00fan tiempo. Consultas sobre entrevistas, apariciones, etc.Solicitudes de actuaciones, eventos, etc.Solicitudes de entrevistas para TV, revistas, etc.Otros. CARTA DE ADMIRADOR \/ REGALO. Las cartas de los fans y los regalos deben enviarse a 4-5-29, Nijushiken 2-jo, Nishi-ku, Sapporo 063-0802MONSTAR design Inc. dirigida a Eir Aoi *Por favor, indica tu nombre, direcci\u00f3n y n\u00famero de tel\u00e9fono.*No podemos garantizar una&hellip;<\/p>\n","protected":false},"author":1,"featured_media":0,"parent":0,"menu_order":0,"comment_status":"closed","ping_status":"closed","template":"","meta":{"_acf_changed":false,"footnotes":""},"class_list":["post-650","page","type-page","status-publish","hentry"],"acf":[],"yoast_head":"<!-- This site is optimized with the Yoast SEO plugin v27.2 - https:\/\/yoast.com\/product\/yoast-seo-wordpress\/ -->\n<title>CONTACTO. - Eir Aoi OFFICIAL SITE since 2024-<\/title>\n<meta name=\"description\" content=\"Para consultas sobre solicitudes a Eir Aoi para actuaciones y actos, y para entrevistas en televisi\u00f3n y revistas, utiliza este formulario de consulta.\" \/>\n<meta name=\"robots\" content=\"index, follow, max-snippet:-1, max-image-preview:large, max-video-preview:-1\" \/>\n<link rel=\"canonical\" href=\"https:\/\/aoieir.jp\/es\/contacto\/\" \/>\n<meta property=\"og:locale\" content=\"es_ES\" \/>\n<meta property=\"og:type\" content=\"article\" \/>\n<meta property=\"og:title\" content=\"CONTACTO. - Eir Aoi OFFICIAL SITE since 2024-\" \/>\n<meta property=\"og:description\" content=\"Para consultas sobre solicitudes a Eir Aoi para actuaciones y actos, y para entrevistas en televisi\u00f3n y revistas, utiliza este formulario de consulta.\" \/>\n<meta property=\"og:url\" content=\"https:\/\/aoieir.jp\/es\/contacto\/\" \/>\n<meta property=\"og:site_name\" content=\"Eir Aoi OFFICIAL SITE since 2024-\" \/>\n<meta property=\"article:modified_time\" content=\"2024-04-25T03:03:31+00:00\" \/>\n<meta property=\"og:image\" content=\"https:\/\/aoieir.jp\/cms\/wp-content\/uploads\/2024\/02\/ogp.jpg\" \/>\n\t<meta property=\"og:image:width\" content=\"1200\" \/>\n\t<meta property=\"og:image:height\" content=\"630\" \/>\n\t<meta property=\"og:image:type\" content=\"image\/jpeg\" \/>\n<meta name=\"twitter:card\" content=\"summary_large_image\" \/>\n<script type=\"application\/ld+json\" class=\"yoast-schema-graph\">{\"@context\":\"https:\/\/schema.org\",\"@graph\":[{\"@type\":\"WebPage\",\"@id\":\"https:\/\/aoieir.jp\/es\/contacto\/\",\"url\":\"https:\/\/aoieir.jp\/es\/contacto\/\",\"name\":\"CONTACTO. - Eir Aoi OFFICIAL SITE since 2024-\",\"isPartOf\":{\"@id\":\"https:\/\/aoieir.jp\/es\/#website\"},\"datePublished\":\"2024-02-29T02:40:19+00:00\",\"dateModified\":\"2024-04-25T03:03:31+00:00\",\"description\":\"Para consultas sobre solicitudes a Eir Aoi para actuaciones y actos, y para entrevistas en televisi\u00f3n y revistas, utiliza este formulario de consulta.\",\"breadcrumb\":{\"@id\":\"https:\/\/aoieir.jp\/es\/contacto\/#breadcrumb\"},\"inLanguage\":\"es\",\"potentialAction\":[{\"@type\":\"ReadAction\",\"target\":[\"https:\/\/aoieir.jp\/es\/contacto\/\"]}]},{\"@type\":\"BreadcrumbList\",\"@id\":\"https:\/\/aoieir.jp\/es\/contacto\/#breadcrumb\",\"itemListElement\":[{\"@type\":\"ListItem\",\"position\":1,\"name\":\"\u30db\u30fc\u30e0\",\"item\":\"https:\/\/aoieir.jp\/es\/inicio\/\"},{\"@type\":\"ListItem\",\"position\":2,\"name\":\"CONTACTO.\"}]},{\"@type\":\"WebSite\",\"@id\":\"https:\/\/aoieir.jp\/es\/#website\",\"url\":\"https:\/\/aoieir.jp\/es\/\",\"name\":\"\u85cd\u4e95\u30a8\u30a4\u30eb \/ Eir Aoi OFFICIAL SITE since 2024-\",\"description\":\"\",\"publisher\":{\"@id\":\"https:\/\/aoieir.jp\/es\/#\/schema\/person\/437374393ab4355b85a528af6409f442\"},\"potentialAction\":[{\"@type\":\"SearchAction\",\"target\":{\"@type\":\"EntryPoint\",\"urlTemplate\":\"https:\/\/aoieir.jp\/es\/?s={search_term_string}\"},\"query-input\":{\"@type\":\"PropertyValueSpecification\",\"valueRequired\":true,\"valueName\":\"search_term_string\"}}],\"inLanguage\":\"es\"},{\"@type\":[\"Person\",\"Organization\"],\"@id\":\"https:\/\/aoieir.jp\/es\/#\/schema\/person\/437374393ab4355b85a528af6409f442\",\"name\":\"\u85cd\u4e95\u30a8\u30a4\u30eb\",\"image\":{\"@type\":\"ImageObject\",\"inLanguage\":\"es\",\"@id\":\"https:\/\/aoieir.jp\/cms\/wp-content\/uploads\/2024\/03\/icon.png\",\"url\":\"https:\/\/aoieir.jp\/cms\/wp-content\/uploads\/2024\/03\/icon.png\",\"contentUrl\":\"https:\/\/aoieir.jp\/cms\/wp-content\/uploads\/2024\/03\/icon.png\",\"width\":512,\"height\":512,\"caption\":\"\u85cd\u4e95\u30a8\u30a4\u30eb\"},\"logo\":{\"@id\":\"https:\/\/aoieir.jp\/cms\/wp-content\/uploads\/2024\/03\/icon.png\"},\"sameAs\":[\"https:\/\/aoieir.jp\/\"]}]}<\/script>\n<!-- \/ Yoast SEO plugin. -->","yoast_head_json":{"title":"CONTACTO. - Eir Aoi OFFICIAL SITE since 2024-","description":"Para consultas sobre solicitudes a Eir Aoi para actuaciones y actos, y para entrevistas en televisi\u00f3n y revistas, utiliza este formulario de consulta.","robots":{"index":"index","follow":"follow","max-snippet":"max-snippet:-1","max-image-preview":"max-image-preview:large","max-video-preview":"max-video-preview:-1"},"canonical":"https:\/\/aoieir.jp\/es\/contacto\/","og_locale":"es_ES","og_type":"article","og_title":"CONTACTO. - Eir Aoi OFFICIAL SITE since 2024-","og_description":"Para consultas sobre solicitudes a Eir Aoi para actuaciones y actos, y para entrevistas en televisi\u00f3n y revistas, utiliza este formulario de consulta.","og_url":"https:\/\/aoieir.jp\/es\/contacto\/","og_site_name":"Eir Aoi OFFICIAL SITE since 2024-","article_modified_time":"2024-04-25T03:03:31+00:00","og_image":[{"width":1200,"height":630,"url":"https:\/\/aoieir.jp\/cms\/wp-content\/uploads\/2024\/02\/ogp.jpg","type":"image\/jpeg"}],"twitter_card":"summary_large_image","schema":{"@context":"https:\/\/schema.org","@graph":[{"@type":"WebPage","@id":"https:\/\/aoieir.jp\/es\/contacto\/","url":"https:\/\/aoieir.jp\/es\/contacto\/","name":"CONTACTO. - Eir Aoi OFFICIAL SITE since 2024-","isPartOf":{"@id":"https:\/\/aoieir.jp\/es\/#website"},"datePublished":"2024-02-29T02:40:19+00:00","dateModified":"2024-04-25T03:03:31+00:00","description":"Para consultas sobre solicitudes a Eir Aoi para actuaciones y actos, y para entrevistas en televisi\u00f3n y revistas, utiliza este formulario de consulta.","breadcrumb":{"@id":"https:\/\/aoieir.jp\/es\/contacto\/#breadcrumb"},"inLanguage":"es","potentialAction":[{"@type":"ReadAction","target":["https:\/\/aoieir.jp\/es\/contacto\/"]}]},{"@type":"BreadcrumbList","@id":"https:\/\/aoieir.jp\/es\/contacto\/#breadcrumb","itemListElement":[{"@type":"ListItem","position":1,"name":"\u30db\u30fc\u30e0","item":"https:\/\/aoieir.jp\/es\/inicio\/"},{"@type":"ListItem","position":2,"name":"CONTACTO."}]},{"@type":"WebSite","@id":"https:\/\/aoieir.jp\/es\/#website","url":"https:\/\/aoieir.jp\/es\/","name":"\u85cd\u4e95\u30a8\u30a4\u30eb \/ Eir Aoi OFFICIAL SITE since 2024-","description":"","publisher":{"@id":"https:\/\/aoieir.jp\/es\/#\/schema\/person\/437374393ab4355b85a528af6409f442"},"potentialAction":[{"@type":"SearchAction","target":{"@type":"EntryPoint","urlTemplate":"https:\/\/aoieir.jp\/es\/?s={search_term_string}"},"query-input":{"@type":"PropertyValueSpecification","valueRequired":true,"valueName":"search_term_string"}}],"inLanguage":"es"},{"@type":["Person","Organization"],"@id":"https:\/\/aoieir.jp\/es\/#\/schema\/person\/437374393ab4355b85a528af6409f442","name":"\u85cd\u4e95\u30a8\u30a4\u30eb","image":{"@type":"ImageObject","inLanguage":"es","@id":"https:\/\/aoieir.jp\/cms\/wp-content\/uploads\/2024\/03\/icon.png","url":"https:\/\/aoieir.jp\/cms\/wp-content\/uploads\/2024\/03\/icon.png","contentUrl":"https:\/\/aoieir.jp\/cms\/wp-content\/uploads\/2024\/03\/icon.png","width":512,"height":512,"caption":"\u85cd\u4e95\u30a8\u30a4\u30eb"},"logo":{"@id":"https:\/\/aoieir.jp\/cms\/wp-content\/uploads\/2024\/03\/icon.png"},"sameAs":["https:\/\/aoieir.jp\/"]}]}},"_links":{"self":[{"href":"https:\/\/aoieir.jp\/es\/wp-json\/wp\/v2\/pages\/650","targetHints":{"allow":["GET"]}}],"collection":[{"href":"https:\/\/aoieir.jp\/es\/wp-json\/wp\/v2\/pages"}],"about":[{"href":"https:\/\/aoieir.jp\/es\/wp-json\/wp\/v2\/types\/page"}],"author":[{"embeddable":true,"href":"https:\/\/aoieir.jp\/es\/wp-json\/wp\/v2\/users\/1"}],"replies":[{"embeddable":true,"href":"https:\/\/aoieir.jp\/es\/wp-json\/wp\/v2\/comments?post=650"}],"version-history":[{"count":2,"href":"https:\/\/aoieir.jp\/es\/wp-json\/wp\/v2\/pages\/650\/revisions"}],"predecessor-version":[{"id":758,"href":"https:\/\/aoieir.jp\/es\/wp-json\/wp\/v2\/pages\/650\/revisions\/758"}],"wp:attachment":[{"href":"https:\/\/aoieir.jp\/es\/wp-json\/wp\/v2\/media?parent=650"}],"curies":[{"name":"wp","href":"https:\/\/api.w.org\/{rel}","templated":true}]}}