{"id":635,"date":"2024-02-29T11:40:05","date_gmt":"2024-02-29T02:40:05","guid":{"rendered":"https:\/\/aoieir.jp\/biografia\/"},"modified":"2024-08-02T11:21:27","modified_gmt":"2024-08-02T02:21:27","slug":"biografia","status":"publish","type":"page","link":"https:\/\/aoieir.jp\/es\/biografia\/","title":{"rendered":"BIOGRAF\u00cdA"},"content":{"rendered":"\n<figure class=\"wp-block-image size-full\"><img loading=\"lazy\" decoding=\"async\" width=\"800\" height=\"800\" src=\"https:\/\/aoieir.jp\/cms\/wp-content\/uploads\/2024\/04\/bio-1.webp\" alt=\"Bio 1\" class=\"wp-image-453\" srcset=\"https:\/\/aoieir.jp\/cms\/wp-content\/uploads\/2024\/04\/bio-1.webp 800w, https:\/\/aoieir.jp\/cms\/wp-content\/uploads\/2024\/04\/bio-1-400x400.webp 400w, https:\/\/aoieir.jp\/cms\/wp-content\/uploads\/2024\/04\/bio-1-768x768.webp 768w\" sizes=\"auto, (max-width: 800px) 100vw, 800px\" \/><\/figure>\n\n<figure class=\"wp-block-image size-full is-resized\"><img loading=\"lazy\" decoding=\"async\" width=\"500\" height=\"209\" src=\"https:\/\/aoieir.jp\/cms\/wp-content\/uploads\/2024\/04\/sign_bk.webp\" alt=\"Eir Aoi.\" class=\"wp-image-401\" style=\"width:200px\"\/><\/figure>\n\n<h2 class=\"wp-block-heading has-text-align-center gfonts has-large-font-size\">Aoi Eir<\/h2>\n\n<p>Nacido el 30 de noviembre. Nacido en Sapporo, Hokkaido, Jap\u00f3n; tipo AB.<br\/>Cantautora japonesa con una voz expansiva y una fuerza expresiva abrumadora, que goza de un entusiasta seguimiento entre los aficionados al anime en Jap\u00f3n y en el extranjero. Su m\u00fasica se caracteriza por letras y melod\u00edas que evocan emociones fuertes e intensas actuaciones en directo.<\/p>\n\n<p>Con una profunda pasi\u00f3n por la m\u00fasica, empez\u00f3 a seguir una carrera como cantautora a una edad temprana. Al ver su talento, el productor musical Fumio Yasuda le recomend\u00f3 que se dedicara a la m\u00fasica, y en octubre de 2011 debut\u00f3 en una gran discogr\u00e1fica con \u00abMEMORIA\u00bb, el tema ED de la serie de animaci\u00f3n para televisi\u00f3n \u00abFate\/Zero\u00bb. La canci\u00f3n fue un \u00e9xito instant\u00e1neo y consolid\u00f3 el nombre de Aoi Eir en el mundo de la m\u00fasica anime.<\/p>\n\n<p>Desde entonces, ha publicado numerosos temas de anime, todos ellos muy aclamados por los fans. Entre sus obras m\u00e1s representativas se encuentran \u00abIGNITE\u00bb, \u00abYakusoku\u00bb, \u00abRyusei\u00bb, \u00abIris\u00bb, \u00abI will&#8230;\u00bb. (tema de la serie de anime Sword Art Online), &#8216;AURORA&#8217; (tema del anime Mobile Suit Gundam AGE), &#8216;Lapis Lazuli&#8217; y &#8216;Tsubasa&#8217; (tema de la serie de anime Arslan Senki) y &#8216;Sirius&#8217; (tema del anime Kirura Kill).<\/p>\n\n<p>La banda ha actuado cuatro veces en el Nippon Budokan, el Yokohama Arena, Par\u00eds, Londres, Shanghai, San Francisco y otros 15 pa\u00edses\/regiones de todo el mundo, con gran \u00e9xito. Tambi\u00e9n han conseguido el apoyo de muchos fans en el extranjero.<\/p>\n\n<h3 class=\"wp-block-heading\">Mensaje a los fans.<\/h3>\n\n<figure class=\"wp-block-image size-large\"><img loading=\"lazy\" decoding=\"async\" width=\"700\" height=\"1200\" src=\"https:\/\/aoieir.jp\/cms\/wp-content\/uploads\/2024\/03\/tiofan-700x1200.png\" alt=\"Creo que la m&#xFA;sica tiene un poder m&#xE1;gico. Espero que mis canciones puedan ayudarte, aunque s&#xF3;lo sea un poco, y canto con todo mi coraz&#xF3;n. Espero que tus d&#xED;as te lleven a un ma&#xF1;ana m&#xE1;s brillante. Quiero devolverte los muchos recuerdos que me has dado con canciones en el futuro, y esto nunca cambiar&#xE1;. &#xA1;Sigamos tejiendo juntos muchos paisajes y sentimientos especiales! Aoi Eir\" class=\"wp-image-248\" srcset=\"https:\/\/aoieir.jp\/cms\/wp-content\/uploads\/2024\/03\/tiofan-700x1200.png 700w, https:\/\/aoieir.jp\/cms\/wp-content\/uploads\/2024\/03\/tiofan-467x800.png 467w, https:\/\/aoieir.jp\/cms\/wp-content\/uploads\/2024\/03\/tiofan-768x1316.png 768w, https:\/\/aoieir.jp\/cms\/wp-content\/uploads\/2024\/03\/tiofan-896x1536.png 896w, https:\/\/aoieir.jp\/cms\/wp-content\/uploads\/2024\/03\/tiofan-1195x2048.png 1195w, https:\/\/aoieir.jp\/cms\/wp-content\/uploads\/2024\/03\/tiofan.png 1306w\" sizes=\"auto, (max-width: 700px) 100vw, 700px\" \/><\/figure>\n","protected":false},"excerpt":{"rendered":"<p>Aoi Eir Nacido el 30 de noviembre. Nacido en Sapporo, Hokkaido, Jap\u00f3n; tipo AB.Cantautora japonesa con una voz expansiva y una fuerza expresiva abrumadora, que goza de un entusiasta seguimiento entre los aficionados al anime en Jap\u00f3n y en el extranjero. Su m\u00fasica se caracteriza por letras y melod\u00edas que evocan emociones fuertes e intensas actuaciones en directo. Con una profunda pasi\u00f3n por la m\u00fasica, empez\u00f3 a seguir una carrera como cantautora a una edad temprana. Al ver su talento,&hellip;<\/p>\n","protected":false},"author":1,"featured_media":3714,"parent":0,"menu_order":0,"comment_status":"closed","ping_status":"closed","template":"","meta":{"_acf_changed":false,"footnotes":""},"class_list":["post-635","page","type-page","status-publish","has-post-thumbnail","hentry"],"acf":[],"yoast_head":"<!-- This site is optimized with the Yoast SEO plugin v27.2 - https:\/\/yoast.com\/product\/yoast-seo-wordpress\/ -->\n<title>BIOGRAF\u00cdA - Eir Aoi OFFICIAL SITE since 2024-<\/title>\n<meta name=\"robots\" content=\"index, follow, max-snippet:-1, max-image-preview:large, max-video-preview:-1\" \/>\n<link rel=\"canonical\" href=\"https:\/\/aoieir.jp\/es\/biografia\/\" \/>\n<meta property=\"og:locale\" content=\"es_ES\" \/>\n<meta property=\"og:type\" content=\"article\" \/>\n<meta property=\"og:title\" content=\"BIOGRAF\u00cdA - Eir Aoi OFFICIAL SITE since 2024-\" \/>\n<meta property=\"og:description\" content=\"Aoi Eir Nacido el 30 de noviembre. Nacido en Sapporo, Hokkaido, Jap\u00f3n; tipo AB.Cantautora japonesa con una voz expansiva y una fuerza expresiva abrumadora, que goza de un entusiasta seguimiento entre los aficionados al anime en Jap\u00f3n y en el extranjero. Su m\u00fasica se caracteriza por letras y melod\u00edas que evocan emociones fuertes e intensas actuaciones en directo. Con una profunda pasi\u00f3n por la m\u00fasica, empez\u00f3 a seguir una carrera como cantautora a una edad temprana. Al ver su talento,&hellip;\" \/>\n<meta property=\"og:url\" content=\"https:\/\/aoieir.jp\/es\/biografia\/\" \/>\n<meta property=\"og:site_name\" content=\"Eir Aoi OFFICIAL SITE since 2024-\" \/>\n<meta property=\"article:modified_time\" content=\"2024-08-02T02:21:27+00:00\" \/>\n<meta property=\"og:image\" content=\"https:\/\/aoieir.jp\/cms\/wp-content\/uploads\/2024\/04\/bio-1.webp\" \/>\n\t<meta property=\"og:image:width\" content=\"800\" \/>\n\t<meta property=\"og:image:height\" content=\"800\" \/>\n\t<meta property=\"og:image:type\" content=\"image\/webp\" \/>\n<meta name=\"twitter:card\" content=\"summary_large_image\" \/>\n<script type=\"application\/ld+json\" class=\"yoast-schema-graph\">{\"@context\":\"https:\/\/schema.org\",\"@graph\":[{\"@type\":\"WebPage\",\"@id\":\"https:\/\/aoieir.jp\/es\/biografia\/\",\"url\":\"https:\/\/aoieir.jp\/es\/biografia\/\",\"name\":\"BIOGRAF\u00cdA - Eir Aoi OFFICIAL SITE since 2024-\",\"isPartOf\":{\"@id\":\"https:\/\/aoieir.jp\/es\/#website\"},\"primaryImageOfPage\":{\"@id\":\"https:\/\/aoieir.jp\/es\/biografia\/#primaryimage\"},\"image\":{\"@id\":\"https:\/\/aoieir.jp\/es\/biografia\/#primaryimage\"},\"thumbnailUrl\":\"https:\/\/aoieir.jp\/cms\/wp-content\/uploads\/2025\/09\/kv_pc.webp\",\"datePublished\":\"2024-02-29T02:40:05+00:00\",\"dateModified\":\"2024-08-02T02:21:27+00:00\",\"breadcrumb\":{\"@id\":\"https:\/\/aoieir.jp\/es\/biografia\/#breadcrumb\"},\"inLanguage\":\"es\",\"potentialAction\":[{\"@type\":\"ReadAction\",\"target\":[\"https:\/\/aoieir.jp\/es\/biografia\/\"]}]},{\"@type\":\"ImageObject\",\"inLanguage\":\"es\",\"@id\":\"https:\/\/aoieir.jp\/es\/biografia\/#primaryimage\",\"url\":\"https:\/\/aoieir.jp\/cms\/wp-content\/uploads\/2025\/09\/kv_pc.webp\",\"contentUrl\":\"https:\/\/aoieir.jp\/cms\/wp-content\/uploads\/2025\/09\/kv_pc.webp\",\"width\":1500,\"height\":1200},{\"@type\":\"BreadcrumbList\",\"@id\":\"https:\/\/aoieir.jp\/es\/biografia\/#breadcrumb\",\"itemListElement\":[{\"@type\":\"ListItem\",\"position\":1,\"name\":\"\u30db\u30fc\u30e0\",\"item\":\"https:\/\/aoieir.jp\/es\/inicio\/\"},{\"@type\":\"ListItem\",\"position\":2,\"name\":\"BIOGRAF\u00cdA\"}]},{\"@type\":\"WebSite\",\"@id\":\"https:\/\/aoieir.jp\/es\/#website\",\"url\":\"https:\/\/aoieir.jp\/es\/\",\"name\":\"\u85cd\u4e95\u30a8\u30a4\u30eb \/ Eir Aoi OFFICIAL SITE since 2024-\",\"description\":\"\",\"publisher\":{\"@id\":\"https:\/\/aoieir.jp\/es\/#\/schema\/person\/437374393ab4355b85a528af6409f442\"},\"potentialAction\":[{\"@type\":\"SearchAction\",\"target\":{\"@type\":\"EntryPoint\",\"urlTemplate\":\"https:\/\/aoieir.jp\/es\/?s={search_term_string}\"},\"query-input\":{\"@type\":\"PropertyValueSpecification\",\"valueRequired\":true,\"valueName\":\"search_term_string\"}}],\"inLanguage\":\"es\"},{\"@type\":[\"Person\",\"Organization\"],\"@id\":\"https:\/\/aoieir.jp\/es\/#\/schema\/person\/437374393ab4355b85a528af6409f442\",\"name\":\"\u85cd\u4e95\u30a8\u30a4\u30eb\",\"image\":{\"@type\":\"ImageObject\",\"inLanguage\":\"es\",\"@id\":\"https:\/\/aoieir.jp\/cms\/wp-content\/uploads\/2024\/03\/icon.png\",\"url\":\"https:\/\/aoieir.jp\/cms\/wp-content\/uploads\/2024\/03\/icon.png\",\"contentUrl\":\"https:\/\/aoieir.jp\/cms\/wp-content\/uploads\/2024\/03\/icon.png\",\"width\":512,\"height\":512,\"caption\":\"\u85cd\u4e95\u30a8\u30a4\u30eb\"},\"logo\":{\"@id\":\"https:\/\/aoieir.jp\/cms\/wp-content\/uploads\/2024\/03\/icon.png\"},\"sameAs\":[\"https:\/\/aoieir.jp\/\"]}]}<\/script>\n<!-- \/ Yoast SEO plugin. -->","yoast_head_json":{"title":"BIOGRAF\u00cdA - Eir Aoi OFFICIAL SITE since 2024-","robots":{"index":"index","follow":"follow","max-snippet":"max-snippet:-1","max-image-preview":"max-image-preview:large","max-video-preview":"max-video-preview:-1"},"canonical":"https:\/\/aoieir.jp\/es\/biografia\/","og_locale":"es_ES","og_type":"article","og_title":"BIOGRAF\u00cdA - Eir Aoi OFFICIAL SITE since 2024-","og_description":"Aoi Eir Nacido el 30 de noviembre. Nacido en Sapporo, Hokkaido, Jap\u00f3n; tipo AB.Cantautora japonesa con una voz expansiva y una fuerza expresiva abrumadora, que goza de un entusiasta seguimiento entre los aficionados al anime en Jap\u00f3n y en el extranjero. Su m\u00fasica se caracteriza por letras y melod\u00edas que evocan emociones fuertes e intensas actuaciones en directo. Con una profunda pasi\u00f3n por la m\u00fasica, empez\u00f3 a seguir una carrera como cantautora a una edad temprana. Al ver su talento,&hellip;","og_url":"https:\/\/aoieir.jp\/es\/biografia\/","og_site_name":"Eir Aoi OFFICIAL SITE since 2024-","article_modified_time":"2024-08-02T02:21:27+00:00","og_image":[{"width":800,"height":800,"url":"https:\/\/aoieir.jp\/cms\/wp-content\/uploads\/2024\/04\/bio-1.webp","type":"image\/webp"}],"twitter_card":"summary_large_image","schema":{"@context":"https:\/\/schema.org","@graph":[{"@type":"WebPage","@id":"https:\/\/aoieir.jp\/es\/biografia\/","url":"https:\/\/aoieir.jp\/es\/biografia\/","name":"BIOGRAF\u00cdA - Eir Aoi OFFICIAL SITE since 2024-","isPartOf":{"@id":"https:\/\/aoieir.jp\/es\/#website"},"primaryImageOfPage":{"@id":"https:\/\/aoieir.jp\/es\/biografia\/#primaryimage"},"image":{"@id":"https:\/\/aoieir.jp\/es\/biografia\/#primaryimage"},"thumbnailUrl":"https:\/\/aoieir.jp\/cms\/wp-content\/uploads\/2025\/09\/kv_pc.webp","datePublished":"2024-02-29T02:40:05+00:00","dateModified":"2024-08-02T02:21:27+00:00","breadcrumb":{"@id":"https:\/\/aoieir.jp\/es\/biografia\/#breadcrumb"},"inLanguage":"es","potentialAction":[{"@type":"ReadAction","target":["https:\/\/aoieir.jp\/es\/biografia\/"]}]},{"@type":"ImageObject","inLanguage":"es","@id":"https:\/\/aoieir.jp\/es\/biografia\/#primaryimage","url":"https:\/\/aoieir.jp\/cms\/wp-content\/uploads\/2025\/09\/kv_pc.webp","contentUrl":"https:\/\/aoieir.jp\/cms\/wp-content\/uploads\/2025\/09\/kv_pc.webp","width":1500,"height":1200},{"@type":"BreadcrumbList","@id":"https:\/\/aoieir.jp\/es\/biografia\/#breadcrumb","itemListElement":[{"@type":"ListItem","position":1,"name":"\u30db\u30fc\u30e0","item":"https:\/\/aoieir.jp\/es\/inicio\/"},{"@type":"ListItem","position":2,"name":"BIOGRAF\u00cdA"}]},{"@type":"WebSite","@id":"https:\/\/aoieir.jp\/es\/#website","url":"https:\/\/aoieir.jp\/es\/","name":"\u85cd\u4e95\u30a8\u30a4\u30eb \/ Eir Aoi OFFICIAL SITE since 2024-","description":"","publisher":{"@id":"https:\/\/aoieir.jp\/es\/#\/schema\/person\/437374393ab4355b85a528af6409f442"},"potentialAction":[{"@type":"SearchAction","target":{"@type":"EntryPoint","urlTemplate":"https:\/\/aoieir.jp\/es\/?s={search_term_string}"},"query-input":{"@type":"PropertyValueSpecification","valueRequired":true,"valueName":"search_term_string"}}],"inLanguage":"es"},{"@type":["Person","Organization"],"@id":"https:\/\/aoieir.jp\/es\/#\/schema\/person\/437374393ab4355b85a528af6409f442","name":"\u85cd\u4e95\u30a8\u30a4\u30eb","image":{"@type":"ImageObject","inLanguage":"es","@id":"https:\/\/aoieir.jp\/cms\/wp-content\/uploads\/2024\/03\/icon.png","url":"https:\/\/aoieir.jp\/cms\/wp-content\/uploads\/2024\/03\/icon.png","contentUrl":"https:\/\/aoieir.jp\/cms\/wp-content\/uploads\/2024\/03\/icon.png","width":512,"height":512,"caption":"\u85cd\u4e95\u30a8\u30a4\u30eb"},"logo":{"@id":"https:\/\/aoieir.jp\/cms\/wp-content\/uploads\/2024\/03\/icon.png"},"sameAs":["https:\/\/aoieir.jp\/"]}]}},"_links":{"self":[{"href":"https:\/\/aoieir.jp\/es\/wp-json\/wp\/v2\/pages\/635","targetHints":{"allow":["GET"]}}],"collection":[{"href":"https:\/\/aoieir.jp\/es\/wp-json\/wp\/v2\/pages"}],"about":[{"href":"https:\/\/aoieir.jp\/es\/wp-json\/wp\/v2\/types\/page"}],"author":[{"embeddable":true,"href":"https:\/\/aoieir.jp\/es\/wp-json\/wp\/v2\/users\/1"}],"replies":[{"embeddable":true,"href":"https:\/\/aoieir.jp\/es\/wp-json\/wp\/v2\/comments?post=635"}],"version-history":[{"count":2,"href":"https:\/\/aoieir.jp\/es\/wp-json\/wp\/v2\/pages\/635\/revisions"}],"predecessor-version":[{"id":2240,"href":"https:\/\/aoieir.jp\/es\/wp-json\/wp\/v2\/pages\/635\/revisions\/2240"}],"wp:featuredmedia":[{"embeddable":true,"href":"https:\/\/aoieir.jp\/es\/wp-json\/wp\/v2\/media\/3714"}],"wp:attachment":[{"href":"https:\/\/aoieir.jp\/es\/wp-json\/wp\/v2\/media?parent=635"}],"curies":[{"name":"wp","href":"https:\/\/api.w.org\/{rel}","templated":true}]}}