{"id":624,"date":"2024-02-29T11:29:24","date_gmt":"2024-02-29T02:29:24","guid":{"rendered":"https:\/\/aoieir.jp\/politica-de-privacidad\/"},"modified":"2024-04-19T12:50:56","modified_gmt":"2024-04-19T03:50:56","slug":"politica-de-privacidad","status":"publish","type":"page","link":"https:\/\/aoieir.jp\/es\/politica-de-privacidad\/","title":{"rendered":"POL\u00cdTICA DE PRIVACIDAD"},"content":{"rendered":"\n<p>El sitio web oficial de Aoi Eir (\u00abel Sitio Web\u00bb) La siguiente pol\u00edtica de privacidad (en adelante, la \u00abPol\u00edtica\u00bb) se aplica a los servicios prestados en este sitio web (en adelante, los \u00abServicios\u00bb). La siguiente pol\u00edtica de privacidad (en adelante, la \u00abPol\u00edtica\u00bb) se aplica al tratamiento de la informaci\u00f3n personal de los usuarios en los servicios prestados en este sitio web (en adelante, los \u00abServicios\u00bb). A continuaci\u00f3n se expone la siguiente pol\u00edtica de privacidad (en lo sucesivo, la \u00abPol\u00edtica\u00bb).<\/p>\n\n<h3 class=\"wp-block-heading\">Art\u00edculo 1 (Informaci\u00f3n personal).<\/h3>\n\n<p>El t\u00e9rmino \u00abinformaci\u00f3n personal\u00bb se refiere a la \u00abinformaci\u00f3n personal\u00bb definida en la Ley de Protecci\u00f3n de Datos Personales y se refiere a la informaci\u00f3n relativa a una persona viva que puede identificar a una persona concreta por su nombre, fecha de nacimiento, direcci\u00f3n, n\u00famero de tel\u00e9fono, datos de contacto o cualquier otra descripci\u00f3n contenida en la informaci\u00f3n (informaci\u00f3n de identificaci\u00f3n personal).<\/p>\n\n<h3 class=\"wp-block-heading\">Art\u00edculo 2 (M\u00e9todos de recogida de datos personales).<\/h3>\n\n<p>El Sitio Web puede solicitar informaci\u00f3n personal como nombre, fecha de nacimiento, direcci\u00f3n, n\u00famero de tel\u00e9fono y direcci\u00f3n de correo electr\u00f3nico cuando el Usuario utiliza el Servicio. Adem\u00e1s, tambi\u00e9n se puede solicitar a los socios del Sitio (incluidos proveedores de informaci\u00f3n, anunciantes, distribuidores de publicidad, etc.) registros de transacciones e informaci\u00f3n sobre pagos, incluida la informaci\u00f3n personal del Usuario, realizados entre el Usuario y los Socios y otras partes. En lo sucesivo, \u00abSocios\u00bb). La informaci\u00f3n puede recopilarse de las siguientes fuentes.<\/p>\n\n<h3 class=\"wp-block-heading\">Art\u00edculo 3 (Finalidad de la recogida y uso de la informaci\u00f3n personal).<\/h3>\n\n<p>Los fines para los que se recogen y utilizan datos personales en este sitio web son los siguientes<\/p>\n\n<ul class=\"wp-block-list\">\n<li>Para proporcionar y operar los servicios de nuestro sitio web.<\/li>\n\n\n\n<li>Para responder a las consultas de los usuarios (incluida la verificaci\u00f3n de la identidad).<\/li>\n\n\n\n<li>Para enviar correos electr\u00f3nicos con informaci\u00f3n sobre nuevas funciones, actualizaciones, campa\u00f1as, etc. del servicio que el usuario est\u00e1 utilizando e informaci\u00f3n sobre otros servicios prestados por el sitio web.<\/li>\n\n\n\n<li>Para ponernos en contacto contigo cuando sea necesario para el mantenimiento, avisos importantes, etc.<\/li>\n\n\n\n<li>Identificar a los usuarios que hayan incumplido las Condiciones de uso o que intenten utilizar los servicios con fines fraudulentos o injustificados, y rechazar su uso.<\/li>\n\n\n\n<li>Permitir a los usuarios ver, cambiar o eliminar su propia informaci\u00f3n de registro y ver el estado de su uso.<\/li>\n\n\n\n<li>Fines accesorios a los anteriores fines de uso.<\/li>\n<\/ul>\n\n<p>La descripci\u00f3n de la disciplina de transmisi\u00f3n externa es la siguiente.<\/p>\n\n<figure class=\"wp-block-table is-style-regular has-small-font-size\"><table><tbody><tr><th>destino (de la transmisi\u00f3n)<\/th><td>Google LLC<\/td><\/tr><tr><th>Finalidad de uso del destino.<\/th><td>Para prestar servicios, mejorar los servicios, optimizar los servicios, analizar el uso de los servicios, considerar nuevos servicios, etc.<br\/>Responder a las consultas de los clientes, etc.; informar a los clientes, etc. sobre los servicios, etc. de la Empresa y sus socios; y garantizar la prestaci\u00f3n segura de los servicios de la Empresa, etc.<\/td><\/tr><tr><th>Finalidad de uso del transmisor.<\/th><td>Para enviar anuncios; Para optimizar el env\u00edo de anuncios; Para medir la eficacia de los anuncios; Para mejorar los servicios; Para optimizar los servicios; Para analizar el uso de los servicios; Para considerar nuevos servicios, etc.<\/td><\/tr><tr><th>Contenido de la informaci\u00f3n a transmitir.<\/th><td>-Informaci\u00f3n sobre el navegador y el dispositivo (tipo de sistema operativo, resoluci\u00f3n, tipo de dispositivo, etc.).<\/td><\/tr><tr><th>enlace<\/th><td><a href=\"https:\/\/support.google.com\/analytics\/answer\/181881?hl=ja\" target=\"_blank\" rel=\"noreferrer noopener\">Exclusi\u00f3n voluntaria de<\/a> la <a href=\"https:\/\/policies.google.com\/privacy?hl=ja\" target=\"_blank\" rel=\"noreferrer noopener\">Pol\u00edtica de Privacidad<\/a><\/td><\/tr><\/tbody><\/table><\/figure>\n\n<h3 class=\"wp-block-heading\">Art\u00edculo 4 (Cambio de finalidad de uso).<\/h3>\n\n<p>El sitio web s\u00f3lo cambiar\u00e1 la finalidad de uso de la informaci\u00f3n personal si la finalidad de uso se considera razonablemente pertinente a la finalidad de uso antes del cambio.<br\/>Si se modifica la finalidad de uso, la finalidad revisada se notificar\u00e1 al Usuario o se publicar\u00e1 en el Sitio Web en la forma prescrita por el Sitio Web.<\/p>\n\n<h3 class=\"wp-block-heading\">Art\u00edculo 5 (Suministro de datos personales a terceros)<\/h3>\n\n<p>1. el sitio web no proporcionar\u00e1 informaci\u00f3n personal a terceros sin el consentimiento previo del usuario, excepto en los siguientes casos. Sin embargo, esto excluye los casos permitidos por la Ley de Protecci\u00f3n de Datos Personales y otras leyes y reglamentos.<\/p>\n\n<ul class=\"wp-block-list\">\n<li>Cuando sea necesario para proteger la vida, el cuerpo o los bienes de una persona y sea dif\u00edcil obtener su consentimiento.<\/li>\n\n\n\n<li>Cuando sea especialmente necesario para la mejora de la salud p\u00fablica o la promoci\u00f3n del buen desarrollo de los ni\u00f1os y sea dif\u00edcil obtener el consentimiento de la persona afectada.<\/li>\n\n\n\n<li>Cuando sea necesario cooperar con un organismo estatal, una autoridad local o una persona encargada por dicho organismo de llevar a cabo asuntos prescritos por la ley, y obtener el consentimiento de la persona pueda impedir la realizaci\u00f3n de dichos asuntos.<\/li>\n\n\n\n<li>Cuando los siguientes asuntos hayan sido notificados o publicados con antelaci\u00f3n y el sitio web lo haya notificado a la Comisi\u00f3n de Protecci\u00f3n de Datos Personales<\/li>\n\n\n\n<li>La finalidad de uso debe incluir el suministro a terceros.<\/li>\n\n\n\n<li>Datos facilitados a terceros.<\/li>\n\n\n\n<li>Medio o m\u00e9todo de prestaci\u00f3n a terceros.<\/li>\n\n\n\n<li>A detener el suministro de datos personales a terceros a petici\u00f3n del interesado.<\/li>\n\n\n\n<li>C\u00f3mo aceptar la petici\u00f3n de la persona.<\/li>\n<\/ul>\n\n<p>2.2 No obstante lo dispuesto en el apartado anterior, la parte a la que se facilite la informaci\u00f3n no tendr\u00e1 la consideraci\u00f3n de tercero en los siguientes casos.<\/p>\n\n<ul class=\"wp-block-list\">\n<li>Cuando este sitio web subcontrate la totalidad o parte del tratamiento de la informaci\u00f3n personal en la medida necesaria para lograr la finalidad de uso.<\/li>\n\n\n\n<li>Cuando los datos personales se faciliten como consecuencia de la sucesi\u00f3n de una empresa debido a una fusi\u00f3n u otro motivo.<\/li>\n\n\n\n<li>Cuando la informaci\u00f3n personal se vaya a utilizar conjuntamente con una persona determinada, y este hecho y los elementos de la informaci\u00f3n personal que se vayan a utilizar conjuntamente, el alcance del uso conjunto, la finalidad del uso por parte de la persona que utiliza la informaci\u00f3n y el nombre de la persona responsable de la gesti\u00f3n de la informaci\u00f3n personal se notifiquen a la persona con antelaci\u00f3n o est\u00e9n f\u00e1cilmente disponibles para la persona en cuesti\u00f3n. (iii) cuando se notifique previamente a la persona en cuesti\u00f3n o se ponga f\u00e1cilmente a su disposici\u00f3n.<\/li>\n<\/ul>\n\n<h3 class=\"wp-block-heading\">Art\u00edculo 6 (Revelaci\u00f3n de datos personales).<\/h3>\n\n<p>1. el sitio web revelar\u00e1 sin demora los datos personales al interesado cuando \u00e9ste lo solicite. Sin embargo, si la revelaci\u00f3n diera lugar a alguno de los siguientes casos, podremos decidir no revelar toda o parte de la informaci\u00f3n, y si decidimos no revelar la informaci\u00f3n, te lo notificaremos a tal efecto sin demora.<\/p>\n\n<ul class=\"wp-block-list\">\n<li>Cuando exista riesgo de da\u00f1o para la vida, el cuerpo, los bienes u otros derechos o intereses de la persona afectada o de un tercero.<\/li>\n\n\n\n<li>Si existe un riesgo de perturbaci\u00f3n significativa del correcto desarrollo de la actividad de este sitio web.<\/li>\n\n\n\n<li>Si de otro modo incumpliera la ley.<\/li>\n<\/ul>\n\n<p>2.No obstante lo dispuesto en el apartado anterior, la informaci\u00f3n no personal, como la informaci\u00f3n hist\u00f3rica y caracter\u00edstica, no se divulgar\u00e1 en principio.<\/p>\n\n<h3 class=\"wp-block-heading\">Art\u00edculo 7 (Rectificaci\u00f3n y supresi\u00f3n de datos personales)<\/h3>\n\n<p>1. el Usuario puede solicitar al Sitio Web que corrija, a\u00f1ada o elimine (en lo sucesivo, \u00abcorrija\u00bb) su propia informaci\u00f3n personal en poder del Sitio Web de conformidad con el procedimiento establecido por el Sitio Web, si la informaci\u00f3n es incorrecta. El Usuario puede solicitar la correcci\u00f3n, adici\u00f3n o eliminaci\u00f3n de informaci\u00f3n personal (en lo sucesivo, \u00abcorrecci\u00f3n, etc.\u00bb) del Sitio Web de conformidad con los procedimientos establecidos por el Sitio Web.<br\/>2.Si el Sitio Web recibe una solicitud de un Usuario seg\u00fan lo establecido en el p\u00e1rrafo anterior y considera necesario responder a dicha solicitud, el Sitio Web corregir\u00e1 los datos personales pertinentes sin demora.<br\/>3.El sitio web notificar\u00e1 al usuario sin demora cuando se realicen correcciones de conformidad con el p\u00e1rrafo anterior, o cuando se decida no realizar correcciones.<\/p>\n\n<h3 class=\"wp-block-heading\">Art\u00edculo 8 (Suspensi\u00f3n del uso de informaci\u00f3n personal, etc.)<\/h3>\n\n<p>1. si la persona solicita la suspensi\u00f3n del uso o la eliminaci\u00f3n (en lo sucesivo, \u00absuspensi\u00f3n del uso\u00bb) de informaci\u00f3n personal alegando que se ha tratado m\u00e1s all\u00e1 del \u00e1mbito del uso previsto o que se ha obtenido por medios il\u00edcitos, este sitio web llevar\u00e1 a cabo las investigaciones necesarias sin demora. Si se solicita la suspensi\u00f3n del uso o la eliminaci\u00f3n de informaci\u00f3n personal (en lo sucesivo, \u00absuspensi\u00f3n del uso\u00bb), se llevar\u00e1 a cabo sin demora la investigaci\u00f3n necesaria.<br\/>2. si, sobre la base de los resultados de la investigaci\u00f3n mencionada en el apartado anterior, se considera necesario atender la solicitud, se interrumpir\u00e1 sin demora el uso de los datos personales en cuesti\u00f3n.<br\/>3.Si el Sitio Web decide cesar en el uso o no cesar en el uso de conformidad con el p\u00e1rrafo anterior, el Sitio Web lo notificar\u00e1 al Usuario sin demora.<br\/><br\/>4.4 No obstante lo dispuesto en los tres apartados anteriores, si resulta dif\u00edcil suspender el uso, etc. debido a los elevados costes que ello implica o a otras dificultades para hacerlo, y pueden adoptarse medidas alternativas necesarias para proteger los derechos e intereses del usuario, se adoptar\u00e1n dichas medidas alternativas.<\/p>\n\n<h3 class=\"wp-block-heading\">Art\u00edculo 9 (Cambios en la pol\u00edtica de privacidad).<\/h3>\n\n<p>El contenido de la presente Pol\u00edtica podr\u00e1 ser modificado sin previo aviso al Usuario, salvo que la ley o la presente Pol\u00edtica dispongan lo contrario.<br\/>A menos que el Sitio Web especifique lo contrario, la Pol\u00edtica de Privacidad revisada entrar\u00e1 en vigor a partir del momento en que se publique en el Sitio Web.<\/p>\n\n<h3 class=\"wp-block-heading\">Art\u00edculo 10 (Persona de contacto para consultas)<\/h3>\n\n<p>Si tienes alguna duda sobre esta Pol\u00edtica de Privacidad, o si tienes alguna pregunta, queja o preocupaci\u00f3n sobre el tratamiento de tus datos personales en el Servicio, ponte en contacto con nosotros.<br\/><br\/>&#8230; y hacia arriba<br\/><br\/>Adoptada el 1 de abril de 2024.<\/p>\n","protected":false},"excerpt":{"rendered":"<p>El sitio web oficial de Aoi Eir (\u00abel Sitio Web\u00bb) La siguiente pol\u00edtica de privacidad (en adelante, la \u00abPol\u00edtica\u00bb) se aplica a los servicios prestados en este sitio web (en adelante, los \u00abServicios\u00bb). La siguiente pol\u00edtica de privacidad (en adelante, la \u00abPol\u00edtica\u00bb) se aplica al tratamiento de la informaci\u00f3n personal de los usuarios en los servicios prestados en este sitio web (en adelante, los \u00abServicios\u00bb). A continuaci\u00f3n se expone la siguiente pol\u00edtica de privacidad (en lo sucesivo, la \u00abPol\u00edtica\u00bb). Art\u00edculo&hellip;<\/p>\n","protected":false},"author":1,"featured_media":0,"parent":0,"menu_order":0,"comment_status":"closed","ping_status":"closed","template":"","meta":{"_acf_changed":false,"footnotes":""},"class_list":["post-624","page","type-page","status-publish","hentry"],"acf":[],"yoast_head":"<!-- This site is optimized with the Yoast SEO plugin v27.4 - https:\/\/yoast.com\/product\/yoast-seo-wordpress\/ -->\n<title>POL\u00cdTICA DE PRIVACIDAD - Eir Aoi OFFICIAL SITE since 2024-<\/title>\n<meta name=\"robots\" content=\"index, follow, max-snippet:-1, max-image-preview:large, max-video-preview:-1\" \/>\n<link rel=\"canonical\" href=\"https:\/\/aoieir.jp\/es\/politica-de-privacidad\/\" \/>\n<meta property=\"og:locale\" content=\"es_ES\" \/>\n<meta property=\"og:type\" content=\"article\" \/>\n<meta property=\"og:title\" content=\"POL\u00cdTICA DE PRIVACIDAD - Eir Aoi OFFICIAL SITE since 2024-\" \/>\n<meta property=\"og:description\" content=\"El sitio web oficial de Aoi Eir (\u00abel Sitio Web\u00bb) La siguiente pol\u00edtica de privacidad (en adelante, la \u00abPol\u00edtica\u00bb) se aplica a los servicios prestados en este sitio web (en adelante, los \u00abServicios\u00bb). La siguiente pol\u00edtica de privacidad (en adelante, la \u00abPol\u00edtica\u00bb) se aplica al tratamiento de la informaci\u00f3n personal de los usuarios en los servicios prestados en este sitio web (en adelante, los \u00abServicios\u00bb). A continuaci\u00f3n se expone la siguiente pol\u00edtica de privacidad (en lo sucesivo, la \u00abPol\u00edtica\u00bb). Art\u00edculo&hellip;\" \/>\n<meta property=\"og:url\" content=\"https:\/\/aoieir.jp\/es\/politica-de-privacidad\/\" \/>\n<meta property=\"og:site_name\" content=\"Eir Aoi OFFICIAL SITE since 2024-\" \/>\n<meta property=\"article:modified_time\" content=\"2024-04-19T03:50:56+00:00\" \/>\n<meta property=\"og:image\" content=\"https:\/\/aoieir.jp\/cms\/wp-content\/uploads\/2024\/02\/ogp.jpg\" \/>\n\t<meta property=\"og:image:width\" content=\"1200\" \/>\n\t<meta property=\"og:image:height\" content=\"630\" \/>\n\t<meta property=\"og:image:type\" content=\"image\/jpeg\" \/>\n<meta name=\"twitter:card\" content=\"summary_large_image\" \/>\n<script type=\"application\/ld+json\" class=\"yoast-schema-graph\">{\"@context\":\"https:\\\/\\\/schema.org\",\"@graph\":[{\"@type\":\"WebPage\",\"@id\":\"https:\\\/\\\/aoieir.jp\\\/es\\\/politica-de-privacidad\\\/\",\"url\":\"https:\\\/\\\/aoieir.jp\\\/es\\\/politica-de-privacidad\\\/\",\"name\":\"POL\u00cdTICA DE PRIVACIDAD - Eir Aoi OFFICIAL SITE since 2024-\",\"isPartOf\":{\"@id\":\"https:\\\/\\\/aoieir.jp\\\/es\\\/#website\"},\"datePublished\":\"2024-02-29T02:29:24+00:00\",\"dateModified\":\"2024-04-19T03:50:56+00:00\",\"breadcrumb\":{\"@id\":\"https:\\\/\\\/aoieir.jp\\\/es\\\/politica-de-privacidad\\\/#breadcrumb\"},\"inLanguage\":\"es\",\"potentialAction\":[{\"@type\":\"ReadAction\",\"target\":[\"https:\\\/\\\/aoieir.jp\\\/es\\\/politica-de-privacidad\\\/\"]}]},{\"@type\":\"BreadcrumbList\",\"@id\":\"https:\\\/\\\/aoieir.jp\\\/es\\\/politica-de-privacidad\\\/#breadcrumb\",\"itemListElement\":[{\"@type\":\"ListItem\",\"position\":1,\"name\":\"\u30db\u30fc\u30e0\",\"item\":\"https:\\\/\\\/aoieir.jp\\\/es\\\/inicio\\\/\"},{\"@type\":\"ListItem\",\"position\":2,\"name\":\"POL\u00cdTICA DE PRIVACIDAD\"}]},{\"@type\":\"WebSite\",\"@id\":\"https:\\\/\\\/aoieir.jp\\\/es\\\/#website\",\"url\":\"https:\\\/\\\/aoieir.jp\\\/es\\\/\",\"name\":\"\u85cd\u4e95\u30a8\u30a4\u30eb \\\/ Eir Aoi OFFICIAL SITE since 2024-\",\"description\":\"\",\"publisher\":{\"@id\":\"https:\\\/\\\/aoieir.jp\\\/es\\\/#\\\/schema\\\/person\\\/437374393ab4355b85a528af6409f442\"},\"potentialAction\":[{\"@type\":\"SearchAction\",\"target\":{\"@type\":\"EntryPoint\",\"urlTemplate\":\"https:\\\/\\\/aoieir.jp\\\/es\\\/?s={search_term_string}\"},\"query-input\":{\"@type\":\"PropertyValueSpecification\",\"valueRequired\":true,\"valueName\":\"search_term_string\"}}],\"inLanguage\":\"es\"},{\"@type\":[\"Person\",\"Organization\"],\"@id\":\"https:\\\/\\\/aoieir.jp\\\/es\\\/#\\\/schema\\\/person\\\/437374393ab4355b85a528af6409f442\",\"name\":\"\u85cd\u4e95\u30a8\u30a4\u30eb\",\"image\":{\"@type\":\"ImageObject\",\"inLanguage\":\"es\",\"@id\":\"https:\\\/\\\/aoieir.jp\\\/cms\\\/wp-content\\\/uploads\\\/2024\\\/03\\\/icon.png\",\"url\":\"https:\\\/\\\/aoieir.jp\\\/cms\\\/wp-content\\\/uploads\\\/2024\\\/03\\\/icon.png\",\"contentUrl\":\"https:\\\/\\\/aoieir.jp\\\/cms\\\/wp-content\\\/uploads\\\/2024\\\/03\\\/icon.png\",\"width\":512,\"height\":512,\"caption\":\"\u85cd\u4e95\u30a8\u30a4\u30eb\"},\"logo\":{\"@id\":\"https:\\\/\\\/aoieir.jp\\\/cms\\\/wp-content\\\/uploads\\\/2024\\\/03\\\/icon.png\"},\"sameAs\":[\"https:\\\/\\\/aoieir.jp\\\/\"]}]}<\/script>\n<!-- \/ Yoast SEO plugin. -->","yoast_head_json":{"title":"POL\u00cdTICA DE PRIVACIDAD - Eir Aoi OFFICIAL SITE since 2024-","robots":{"index":"index","follow":"follow","max-snippet":"max-snippet:-1","max-image-preview":"max-image-preview:large","max-video-preview":"max-video-preview:-1"},"canonical":"https:\/\/aoieir.jp\/es\/politica-de-privacidad\/","og_locale":"es_ES","og_type":"article","og_title":"POL\u00cdTICA DE PRIVACIDAD - Eir Aoi OFFICIAL SITE since 2024-","og_description":"El sitio web oficial de Aoi Eir (\u00abel Sitio Web\u00bb) La siguiente pol\u00edtica de privacidad (en adelante, la \u00abPol\u00edtica\u00bb) se aplica a los servicios prestados en este sitio web (en adelante, los \u00abServicios\u00bb). La siguiente pol\u00edtica de privacidad (en adelante, la \u00abPol\u00edtica\u00bb) se aplica al tratamiento de la informaci\u00f3n personal de los usuarios en los servicios prestados en este sitio web (en adelante, los \u00abServicios\u00bb). A continuaci\u00f3n se expone la siguiente pol\u00edtica de privacidad (en lo sucesivo, la \u00abPol\u00edtica\u00bb). Art\u00edculo&hellip;","og_url":"https:\/\/aoieir.jp\/es\/politica-de-privacidad\/","og_site_name":"Eir Aoi OFFICIAL SITE since 2024-","article_modified_time":"2024-04-19T03:50:56+00:00","og_image":[{"width":1200,"height":630,"url":"https:\/\/aoieir.jp\/cms\/wp-content\/uploads\/2024\/02\/ogp.jpg","type":"image\/jpeg"}],"twitter_card":"summary_large_image","schema":{"@context":"https:\/\/schema.org","@graph":[{"@type":"WebPage","@id":"https:\/\/aoieir.jp\/es\/politica-de-privacidad\/","url":"https:\/\/aoieir.jp\/es\/politica-de-privacidad\/","name":"POL\u00cdTICA DE PRIVACIDAD - Eir Aoi OFFICIAL SITE since 2024-","isPartOf":{"@id":"https:\/\/aoieir.jp\/es\/#website"},"datePublished":"2024-02-29T02:29:24+00:00","dateModified":"2024-04-19T03:50:56+00:00","breadcrumb":{"@id":"https:\/\/aoieir.jp\/es\/politica-de-privacidad\/#breadcrumb"},"inLanguage":"es","potentialAction":[{"@type":"ReadAction","target":["https:\/\/aoieir.jp\/es\/politica-de-privacidad\/"]}]},{"@type":"BreadcrumbList","@id":"https:\/\/aoieir.jp\/es\/politica-de-privacidad\/#breadcrumb","itemListElement":[{"@type":"ListItem","position":1,"name":"\u30db\u30fc\u30e0","item":"https:\/\/aoieir.jp\/es\/inicio\/"},{"@type":"ListItem","position":2,"name":"POL\u00cdTICA DE PRIVACIDAD"}]},{"@type":"WebSite","@id":"https:\/\/aoieir.jp\/es\/#website","url":"https:\/\/aoieir.jp\/es\/","name":"\u85cd\u4e95\u30a8\u30a4\u30eb \/ Eir Aoi OFFICIAL SITE since 2024-","description":"","publisher":{"@id":"https:\/\/aoieir.jp\/es\/#\/schema\/person\/437374393ab4355b85a528af6409f442"},"potentialAction":[{"@type":"SearchAction","target":{"@type":"EntryPoint","urlTemplate":"https:\/\/aoieir.jp\/es\/?s={search_term_string}"},"query-input":{"@type":"PropertyValueSpecification","valueRequired":true,"valueName":"search_term_string"}}],"inLanguage":"es"},{"@type":["Person","Organization"],"@id":"https:\/\/aoieir.jp\/es\/#\/schema\/person\/437374393ab4355b85a528af6409f442","name":"\u85cd\u4e95\u30a8\u30a4\u30eb","image":{"@type":"ImageObject","inLanguage":"es","@id":"https:\/\/aoieir.jp\/cms\/wp-content\/uploads\/2024\/03\/icon.png","url":"https:\/\/aoieir.jp\/cms\/wp-content\/uploads\/2024\/03\/icon.png","contentUrl":"https:\/\/aoieir.jp\/cms\/wp-content\/uploads\/2024\/03\/icon.png","width":512,"height":512,"caption":"\u85cd\u4e95\u30a8\u30a4\u30eb"},"logo":{"@id":"https:\/\/aoieir.jp\/cms\/wp-content\/uploads\/2024\/03\/icon.png"},"sameAs":["https:\/\/aoieir.jp\/"]}]}},"_links":{"self":[{"href":"https:\/\/aoieir.jp\/es\/wp-json\/wp\/v2\/pages\/624","targetHints":{"allow":["GET"]}}],"collection":[{"href":"https:\/\/aoieir.jp\/es\/wp-json\/wp\/v2\/pages"}],"about":[{"href":"https:\/\/aoieir.jp\/es\/wp-json\/wp\/v2\/types\/page"}],"author":[{"embeddable":true,"href":"https:\/\/aoieir.jp\/es\/wp-json\/wp\/v2\/users\/1"}],"replies":[{"embeddable":true,"href":"https:\/\/aoieir.jp\/es\/wp-json\/wp\/v2\/comments?post=624"}],"version-history":[{"count":1,"href":"https:\/\/aoieir.jp\/es\/wp-json\/wp\/v2\/pages\/624\/revisions"}],"predecessor-version":[{"id":629,"href":"https:\/\/aoieir.jp\/es\/wp-json\/wp\/v2\/pages\/624\/revisions\/629"}],"wp:attachment":[{"href":"https:\/\/aoieir.jp\/es\/wp-json\/wp\/v2\/media?parent=624"}],"curies":[{"name":"wp","href":"https:\/\/api.w.org\/{rel}","templated":true}]}}