{"id":3318,"date":"2025-05-16T12:00:00","date_gmt":"2025-05-16T03:00:00","guid":{"rendered":"https:\/\/aoieir.jp\/dia-eir-2025-festival-de-verano-indigo\/"},"modified":"2025-05-16T12:00:00","modified_gmt":"2025-05-16T03:00:00","slug":"dia-eir-2025-festival-de-verano-indigo","status":"publish","type":"page","link":"https:\/\/aoieir.jp\/es\/dia-eir-2025-festival-de-verano-indigo\/","title":{"rendered":"D\u00cdA EIR 2025 \u00abFestival de Verano \u00cdndigo\u00bb."},"content":{"rendered":"","protected":false},"excerpt":{"rendered":"","protected":false},"author":1,"featured_media":3294,"parent":0,"menu_order":0,"comment_status":"closed","ping_status":"closed","template":"","meta":{"_acf_changed":false,"footnotes":""},"class_list":["post-3318","page","type-page","status-publish","has-post-thumbnail","hentry"],"acf":[],"yoast_head":"<!-- This site is optimized with the Yoast SEO plugin v27.2 - https:\/\/yoast.com\/product\/yoast-seo-wordpress\/ -->\n<title>D\u00cdA EIR 2025 &quot;Festival de Verano \u00cdndigo&quot;. - Eir Aoi OFFICIAL SITE since 2024-<\/title>\n<meta name=\"description\" content=\"El tema de 2025 es &quot;Ai Ii Natsu Matsuri&quot; (Festival del Verano Azul), \u00a1con una actuaci\u00f3n en directo al estilo de una banda en la primera parte y una grabaci\u00f3n abierta de EIR CONNECT (contenidos de distribuci\u00f3n exclusiva de FC) en el escenario de charlas en la segunda parte! Disfruta de la distancia y el ambiente que s\u00f3lo puede ofrecer una casa en vivo.\" \/>\n<meta name=\"robots\" content=\"index, follow, max-snippet:-1, max-image-preview:large, max-video-preview:-1\" \/>\n<link rel=\"canonical\" href=\"https:\/\/aoieir.jp\/es\/dia-eir-2025-festival-de-verano-indigo\/\" \/>\n<meta property=\"og:locale\" content=\"es_ES\" \/>\n<meta property=\"og:type\" content=\"article\" \/>\n<meta property=\"og:title\" content=\"D\u00cdA EIR 2025 &quot;Festival de Verano \u00cdndigo&quot;. - Eir Aoi OFFICIAL SITE since 2024-\" \/>\n<meta property=\"og:description\" content=\"El tema de 2025 es &quot;Ai Ii Natsu Matsuri&quot; (Festival del Verano Azul), \u00a1con una actuaci\u00f3n en directo al estilo de una banda en la primera parte y una grabaci\u00f3n abierta de EIR CONNECT (contenidos de distribuci\u00f3n exclusiva de FC) en el escenario de charlas en la segunda parte! Disfruta de la distancia y el ambiente que s\u00f3lo puede ofrecer una casa en vivo.\" \/>\n<meta property=\"og:url\" content=\"https:\/\/aoieir.jp\/es\/dia-eir-2025-festival-de-verano-indigo\/\" \/>\n<meta property=\"og:site_name\" content=\"Eir Aoi OFFICIAL SITE since 2024-\" \/>\n<meta property=\"og:image\" content=\"https:\/\/aoieir.jp\/cms\/wp-content\/uploads\/2025\/05\/eirsday2025.webp\" \/>\n\t<meta property=\"og:image:width\" content=\"1200\" \/>\n\t<meta property=\"og:image:height\" content=\"900\" \/>\n\t<meta property=\"og:image:type\" content=\"image\/webp\" \/>\n<meta name=\"twitter:card\" content=\"summary_large_image\" \/>\n<script type=\"application\/ld+json\" class=\"yoast-schema-graph\">{\"@context\":\"https:\/\/schema.org\",\"@graph\":[{\"@type\":\"WebPage\",\"@id\":\"https:\/\/aoieir.jp\/es\/dia-eir-2025-festival-de-verano-indigo\/\",\"url\":\"https:\/\/aoieir.jp\/es\/dia-eir-2025-festival-de-verano-indigo\/\",\"name\":\"D\u00cdA EIR 2025 \\\"Festival de Verano \u00cdndigo\\\". - Eir Aoi OFFICIAL SITE since 2024-\",\"isPartOf\":{\"@id\":\"https:\/\/aoieir.jp\/es\/#website\"},\"primaryImageOfPage\":{\"@id\":\"https:\/\/aoieir.jp\/es\/dia-eir-2025-festival-de-verano-indigo\/#primaryimage\"},\"image\":{\"@id\":\"https:\/\/aoieir.jp\/es\/dia-eir-2025-festival-de-verano-indigo\/#primaryimage\"},\"thumbnailUrl\":\"https:\/\/aoieir.jp\/cms\/wp-content\/uploads\/2025\/05\/eirsday2025.webp\",\"datePublished\":\"2025-05-16T03:00:00+00:00\",\"description\":\"El tema de 2025 es \\\"Ai Ii Natsu Matsuri\\\" (Festival del Verano Azul), \u00a1con una actuaci\u00f3n en directo al estilo de una banda en la primera parte y una grabaci\u00f3n abierta de EIR CONNECT (contenidos de distribuci\u00f3n exclusiva de FC) en el escenario de charlas en la segunda parte! Disfruta de la distancia y el ambiente que s\u00f3lo puede ofrecer una casa en vivo.\",\"breadcrumb\":{\"@id\":\"https:\/\/aoieir.jp\/es\/dia-eir-2025-festival-de-verano-indigo\/#breadcrumb\"},\"inLanguage\":\"es\",\"potentialAction\":[{\"@type\":\"ReadAction\",\"target\":[\"https:\/\/aoieir.jp\/es\/dia-eir-2025-festival-de-verano-indigo\/\"]}]},{\"@type\":\"ImageObject\",\"inLanguage\":\"es\",\"@id\":\"https:\/\/aoieir.jp\/es\/dia-eir-2025-festival-de-verano-indigo\/#primaryimage\",\"url\":\"https:\/\/aoieir.jp\/cms\/wp-content\/uploads\/2025\/05\/eirsday2025.webp\",\"contentUrl\":\"https:\/\/aoieir.jp\/cms\/wp-content\/uploads\/2025\/05\/eirsday2025.webp\",\"width\":1200,\"height\":900},{\"@type\":\"BreadcrumbList\",\"@id\":\"https:\/\/aoieir.jp\/es\/dia-eir-2025-festival-de-verano-indigo\/#breadcrumb\",\"itemListElement\":[{\"@type\":\"ListItem\",\"position\":1,\"name\":\"\u30db\u30fc\u30e0\",\"item\":\"https:\/\/aoieir.jp\/es\/inicio\/\"},{\"@type\":\"ListItem\",\"position\":2,\"name\":\"D\u00cdA EIR 2025 \u00abFestival de Verano \u00cdndigo\u00bb.\"}]},{\"@type\":\"WebSite\",\"@id\":\"https:\/\/aoieir.jp\/es\/#website\",\"url\":\"https:\/\/aoieir.jp\/es\/\",\"name\":\"\u85cd\u4e95\u30a8\u30a4\u30eb \/ Eir Aoi OFFICIAL SITE since 2024-\",\"description\":\"\",\"publisher\":{\"@id\":\"https:\/\/aoieir.jp\/es\/#\/schema\/person\/437374393ab4355b85a528af6409f442\"},\"potentialAction\":[{\"@type\":\"SearchAction\",\"target\":{\"@type\":\"EntryPoint\",\"urlTemplate\":\"https:\/\/aoieir.jp\/es\/?s={search_term_string}\"},\"query-input\":{\"@type\":\"PropertyValueSpecification\",\"valueRequired\":true,\"valueName\":\"search_term_string\"}}],\"inLanguage\":\"es\"},{\"@type\":[\"Person\",\"Organization\"],\"@id\":\"https:\/\/aoieir.jp\/es\/#\/schema\/person\/437374393ab4355b85a528af6409f442\",\"name\":\"\u85cd\u4e95\u30a8\u30a4\u30eb\",\"image\":{\"@type\":\"ImageObject\",\"inLanguage\":\"es\",\"@id\":\"https:\/\/aoieir.jp\/cms\/wp-content\/uploads\/2024\/03\/icon.png\",\"url\":\"https:\/\/aoieir.jp\/cms\/wp-content\/uploads\/2024\/03\/icon.png\",\"contentUrl\":\"https:\/\/aoieir.jp\/cms\/wp-content\/uploads\/2024\/03\/icon.png\",\"width\":512,\"height\":512,\"caption\":\"\u85cd\u4e95\u30a8\u30a4\u30eb\"},\"logo\":{\"@id\":\"https:\/\/aoieir.jp\/cms\/wp-content\/uploads\/2024\/03\/icon.png\"},\"sameAs\":[\"https:\/\/aoieir.jp\/\"]}]}<\/script>\n<!-- \/ Yoast SEO plugin. -->","yoast_head_json":{"title":"D\u00cdA EIR 2025 \"Festival de Verano \u00cdndigo\". - Eir Aoi OFFICIAL SITE since 2024-","description":"El tema de 2025 es \"Ai Ii Natsu Matsuri\" (Festival del Verano Azul), \u00a1con una actuaci\u00f3n en directo al estilo de una banda en la primera parte y una grabaci\u00f3n abierta de EIR CONNECT (contenidos de distribuci\u00f3n exclusiva de FC) en el escenario de charlas en la segunda parte! Disfruta de la distancia y el ambiente que s\u00f3lo puede ofrecer una casa en vivo.","robots":{"index":"index","follow":"follow","max-snippet":"max-snippet:-1","max-image-preview":"max-image-preview:large","max-video-preview":"max-video-preview:-1"},"canonical":"https:\/\/aoieir.jp\/es\/dia-eir-2025-festival-de-verano-indigo\/","og_locale":"es_ES","og_type":"article","og_title":"D\u00cdA EIR 2025 \"Festival de Verano \u00cdndigo\". - Eir Aoi OFFICIAL SITE since 2024-","og_description":"El tema de 2025 es \"Ai Ii Natsu Matsuri\" (Festival del Verano Azul), \u00a1con una actuaci\u00f3n en directo al estilo de una banda en la primera parte y una grabaci\u00f3n abierta de EIR CONNECT (contenidos de distribuci\u00f3n exclusiva de FC) en el escenario de charlas en la segunda parte! Disfruta de la distancia y el ambiente que s\u00f3lo puede ofrecer una casa en vivo.","og_url":"https:\/\/aoieir.jp\/es\/dia-eir-2025-festival-de-verano-indigo\/","og_site_name":"Eir Aoi OFFICIAL SITE since 2024-","og_image":[{"width":1200,"height":900,"url":"https:\/\/aoieir.jp\/cms\/wp-content\/uploads\/2025\/05\/eirsday2025.webp","type":"image\/webp"}],"twitter_card":"summary_large_image","schema":{"@context":"https:\/\/schema.org","@graph":[{"@type":"WebPage","@id":"https:\/\/aoieir.jp\/es\/dia-eir-2025-festival-de-verano-indigo\/","url":"https:\/\/aoieir.jp\/es\/dia-eir-2025-festival-de-verano-indigo\/","name":"D\u00cdA EIR 2025 \"Festival de Verano \u00cdndigo\". - Eir Aoi OFFICIAL SITE since 2024-","isPartOf":{"@id":"https:\/\/aoieir.jp\/es\/#website"},"primaryImageOfPage":{"@id":"https:\/\/aoieir.jp\/es\/dia-eir-2025-festival-de-verano-indigo\/#primaryimage"},"image":{"@id":"https:\/\/aoieir.jp\/es\/dia-eir-2025-festival-de-verano-indigo\/#primaryimage"},"thumbnailUrl":"https:\/\/aoieir.jp\/cms\/wp-content\/uploads\/2025\/05\/eirsday2025.webp","datePublished":"2025-05-16T03:00:00+00:00","description":"El tema de 2025 es \"Ai Ii Natsu Matsuri\" (Festival del Verano Azul), \u00a1con una actuaci\u00f3n en directo al estilo de una banda en la primera parte y una grabaci\u00f3n abierta de EIR CONNECT (contenidos de distribuci\u00f3n exclusiva de FC) en el escenario de charlas en la segunda parte! Disfruta de la distancia y el ambiente que s\u00f3lo puede ofrecer una casa en vivo.","breadcrumb":{"@id":"https:\/\/aoieir.jp\/es\/dia-eir-2025-festival-de-verano-indigo\/#breadcrumb"},"inLanguage":"es","potentialAction":[{"@type":"ReadAction","target":["https:\/\/aoieir.jp\/es\/dia-eir-2025-festival-de-verano-indigo\/"]}]},{"@type":"ImageObject","inLanguage":"es","@id":"https:\/\/aoieir.jp\/es\/dia-eir-2025-festival-de-verano-indigo\/#primaryimage","url":"https:\/\/aoieir.jp\/cms\/wp-content\/uploads\/2025\/05\/eirsday2025.webp","contentUrl":"https:\/\/aoieir.jp\/cms\/wp-content\/uploads\/2025\/05\/eirsday2025.webp","width":1200,"height":900},{"@type":"BreadcrumbList","@id":"https:\/\/aoieir.jp\/es\/dia-eir-2025-festival-de-verano-indigo\/#breadcrumb","itemListElement":[{"@type":"ListItem","position":1,"name":"\u30db\u30fc\u30e0","item":"https:\/\/aoieir.jp\/es\/inicio\/"},{"@type":"ListItem","position":2,"name":"D\u00cdA EIR 2025 \u00abFestival de Verano \u00cdndigo\u00bb."}]},{"@type":"WebSite","@id":"https:\/\/aoieir.jp\/es\/#website","url":"https:\/\/aoieir.jp\/es\/","name":"\u85cd\u4e95\u30a8\u30a4\u30eb \/ Eir Aoi OFFICIAL SITE since 2024-","description":"","publisher":{"@id":"https:\/\/aoieir.jp\/es\/#\/schema\/person\/437374393ab4355b85a528af6409f442"},"potentialAction":[{"@type":"SearchAction","target":{"@type":"EntryPoint","urlTemplate":"https:\/\/aoieir.jp\/es\/?s={search_term_string}"},"query-input":{"@type":"PropertyValueSpecification","valueRequired":true,"valueName":"search_term_string"}}],"inLanguage":"es"},{"@type":["Person","Organization"],"@id":"https:\/\/aoieir.jp\/es\/#\/schema\/person\/437374393ab4355b85a528af6409f442","name":"\u85cd\u4e95\u30a8\u30a4\u30eb","image":{"@type":"ImageObject","inLanguage":"es","@id":"https:\/\/aoieir.jp\/cms\/wp-content\/uploads\/2024\/03\/icon.png","url":"https:\/\/aoieir.jp\/cms\/wp-content\/uploads\/2024\/03\/icon.png","contentUrl":"https:\/\/aoieir.jp\/cms\/wp-content\/uploads\/2024\/03\/icon.png","width":512,"height":512,"caption":"\u85cd\u4e95\u30a8\u30a4\u30eb"},"logo":{"@id":"https:\/\/aoieir.jp\/cms\/wp-content\/uploads\/2024\/03\/icon.png"},"sameAs":["https:\/\/aoieir.jp\/"]}]}},"_links":{"self":[{"href":"https:\/\/aoieir.jp\/es\/wp-json\/wp\/v2\/pages\/3318","targetHints":{"allow":["GET"]}}],"collection":[{"href":"https:\/\/aoieir.jp\/es\/wp-json\/wp\/v2\/pages"}],"about":[{"href":"https:\/\/aoieir.jp\/es\/wp-json\/wp\/v2\/types\/page"}],"author":[{"embeddable":true,"href":"https:\/\/aoieir.jp\/es\/wp-json\/wp\/v2\/users\/1"}],"replies":[{"embeddable":true,"href":"https:\/\/aoieir.jp\/es\/wp-json\/wp\/v2\/comments?post=3318"}],"version-history":[{"count":0,"href":"https:\/\/aoieir.jp\/es\/wp-json\/wp\/v2\/pages\/3318\/revisions"}],"wp:featuredmedia":[{"embeddable":true,"href":"https:\/\/aoieir.jp\/es\/wp-json\/wp\/v2\/media\/3294"}],"wp:attachment":[{"href":"https:\/\/aoieir.jp\/es\/wp-json\/wp\/v2\/media?parent=3318"}],"curies":[{"name":"wp","href":"https:\/\/api.w.org\/{rel}","templated":true}]}}